{"id":3058,"date":"2025-04-08T19:03:39","date_gmt":"2025-04-08T19:03:39","guid":{"rendered":"https:\/\/centosoftware.com\/acerca-de-nosotros\/"},"modified":"2026-03-06T00:17:23","modified_gmt":"2026-03-06T00:17:23","slug":"acerca-de-nosotros","status":"publish","type":"page","link":"https:\/\/centosoftware.com\/es\/acerca-de-nosotros\/","title":{"rendered":"Sobre nosotros"},"content":{"rendered":"\t\t<div data-elementor-type=\"wp-page\" data-elementor-id=\"3058\" class=\"elementor elementor-3058 elementor-304\" data-elementor-post-type=\"page\">\n\t\t\t\t<div class=\"elementor-element elementor-element-9dee462 e-flex e-con-boxed e-con e-parent\" data-id=\"9dee462\" data-element_type=\"container\" data-e-type=\"container\">\n\t\t\t\t\t<div class=\"e-con-inner\">\n\t\t\t\t<div class=\"elementor-element elementor-element-ef704aa elementor-widget elementor-widget-heading\" data-id=\"ef704aa\" data-element_type=\"widget\" data-e-type=\"widget\" data-widget_type=\"heading.default\">\n\t\t\t\t<div class=\"elementor-widget-container\">\n\t\t\t\t\t<h2 class=\"elementor-heading-title elementor-size-default\">Conozca a su copiloto t\u00e9cnico<\/h2>\t\t\t\t<\/div>\n\t\t\t\t<\/div>\n\t\t\t\t<div class=\"elementor-element elementor-element-f782389 elementor-widget elementor-widget-heading\" data-id=\"f782389\" data-element_type=\"widget\" data-e-type=\"widget\" data-widget_type=\"heading.default\">\n\t\t\t\t<div class=\"elementor-widget-container\">\n\t\t\t\t\t<h2 class=\"elementor-heading-title elementor-size-default\">Escalable. Pr\u00e1ctico. Preparado para el futuro.  <\/h2>\t\t\t\t<\/div>\n\t\t\t\t<\/div>\n\t\t\t\t\t<\/div>\n\t\t\t\t<\/div>\n\t\t<div class=\"elementor-element elementor-element-283be47 e-flex e-con-boxed e-con e-parent\" data-id=\"283be47\" data-element_type=\"container\" data-e-type=\"container\">\n\t\t\t\t\t<div class=\"e-con-inner\">\n\t\t\t\t<div class=\"elementor-element elementor-element-d240b6e elementor-widget__width-initial elementor-widget elementor-widget-text-editor\" data-id=\"d240b6e\" data-element_type=\"widget\" data-e-type=\"widget\" data-widget_type=\"text-editor.default\">\n\t\t\t\t<div class=\"elementor-widget-container\">\n\t\t\t\t\t\t\t\t\t<p data-start=\"224\" data-end=\"490\">No somos solo un equipo.<span style=\"font-style: inherit; font-weight: inherit;\"> Somos su aliado de alta tecnolog\u00eda. Con m\u00e1s de 15 a\u00f1os de experiencia pr\u00e1ctica en automatizaci\u00f3n industrial, nuestro equipo internacional de desarrolladores, ingenieros, analistas y gerentes de proyecto est\u00e1 aqu\u00ed para ayudarle a navegar la complejidad de la industria moderna.<\/span><\/p><p data-start=\"492\" data-end=\"828\">Desde la energ\u00eda hasta la fabricaci\u00f3n pesada, colaboramos con empresas de ingenier\u00eda, institutos de dise\u00f1o, integradores de sistemas y usuarios finales para desbloquear operaciones m\u00e1s inteligentes y eficientes. Tanto si busca optimizar el uso de la energ\u00eda, obtener un conocimiento m\u00e1s profundo de los procesos o conectar sistemas dispersos un \u00fanico entorno inteligente, le respaldamos. <\/p><div id=\"accel-snackbar\" style=\"left: 50px; top: 50px;\"> <\/div>\t\t\t\t\t\t\t\t<\/div>\n\t\t\t\t<\/div>\n\t\t\t\t<div class=\"elementor-element elementor-element-315a539 elementor-widget__width-initial elementor-widget elementor-widget-text-editor\" data-id=\"315a539\" data-element_type=\"widget\" data-e-type=\"widget\" data-widget_type=\"text-editor.default\">\n\t\t\t\t<div class=\"elementor-widget-container\">\n\t\t\t\t\t\t\t\t\t<p data-start=\"224\" data-end=\"490\">Construyamos algo poderoso<br>juntos.<\/p>\t\t\t\t\t\t\t\t<\/div>\n\t\t\t\t<\/div>\n\t\t\t\t\t<\/div>\n\t\t\t\t<\/div>\n\t\t<div class=\"elementor-element elementor-element-ef0a9a1 e-con-full e-flex e-con e-parent\" data-id=\"ef0a9a1\" data-element_type=\"container\" data-e-type=\"container\">\n\t\t\t\t<div class=\"elementor-element elementor-element-c1de865 elementor-widget elementor-widget-html\" data-id=\"c1de865\" data-element_type=\"widget\" data-e-type=\"widget\" data-widget_type=\"html.default\">\n\t\t\t\t<div class=\"elementor-widget-container\">\n\t\t\t\t\t<img decoding=\"async\" src=\"https:\/\/centosoftware.com\/wp-content\/uploads\/2025\/04\/office-team.webp\" style=\"width: 100%; height: auto; display: block;\">\n\t\t\t\t<\/div>\n\t\t\t\t<\/div>\n\t\t\t\t<\/div>\n\t\t\t\t<\/div>\n\t\t","protected":false},"excerpt":{"rendered":"<p>Conozca a su copiloto t\u00e9cnico Escalable. Pr\u00e1ctico. Preparado para el futuro. No somos solo un equipo. Somos su aliado de alta tecnolog\u00eda. Con m\u00e1s de 15 a\u00f1os de experiencia pr\u00e1ctica en automatizaci\u00f3n industrial, nuestro equipo internacional de desarrolladores, ingenieros, analistas y gerentes de proyecto est\u00e1 aqu\u00ed para ayudarle a navegar la complejidad de la industria [&hellip;]<\/p>\n","protected":false},"author":1,"featured_media":0,"parent":0,"menu_order":0,"comment_status":"closed","ping_status":"closed","template":"elementor_header_footer","meta":{"_acf_changed":false,"footnotes":""},"product-feature-category":[],"class_list":["post-3058","page","type-page","status-publish","hentry"],"acf":[],"yoast_head":"<!-- This site is optimized with the Yoast SEO plugin v27.5 - https:\/\/yoast.com\/product\/yoast-seo-wordpress\/ -->\n<title>Sobre nosotros - CENTO Software<\/title>\n<meta name=\"description\" content=\"Con m\u00e1s de 15 a\u00f1os de experiencia, CENTO es su socio en automatizaci\u00f3n industrial, ofreciendo soluciones escalables para optimizar el uso de la energ\u00eda, mejorar el conocimiento de los procesos y unificar sistemas para operaciones m\u00e1s inteligentes.\" \/>\n<meta name=\"robots\" content=\"index, follow, max-snippet:-1, max-image-preview:large, max-video-preview:-1\" \/>\n<link rel=\"canonical\" href=\"https:\/\/centosoftware.com\/es\/acerca-de-nosotros\/\" \/>\n<meta property=\"og:locale\" content=\"es_ES\" \/>\n<meta property=\"og:type\" content=\"article\" \/>\n<meta property=\"og:title\" content=\"Sobre nosotros - CENTO Software\" \/>\n<meta property=\"og:description\" content=\"Con m\u00e1s de 15 a\u00f1os de experiencia, CENTO es su socio en automatizaci\u00f3n industrial, ofreciendo soluciones escalables para optimizar el uso de la energ\u00eda, mejorar el conocimiento de los procesos y unificar sistemas para operaciones m\u00e1s inteligentes.\" \/>\n<meta property=\"og:url\" content=\"https:\/\/centosoftware.com\/es\/acerca-de-nosotros\/\" \/>\n<meta property=\"og:site_name\" content=\"CENTO Software\" \/>\n<meta property=\"article:modified_time\" content=\"2026-03-06T00:17:23+00:00\" \/>\n<meta property=\"og:image\" content=\"https:\/\/centosoftware.com\/wp-content\/uploads\/2025\/04\/office-team.webp\" \/>\n<meta name=\"twitter:card\" content=\"summary_large_image\" \/>\n<meta name=\"twitter:label1\" content=\"Tiempo de lectura\" \/>\n\t<meta name=\"twitter:data1\" content=\"1 minuto\" \/>\n<script type=\"application\/ld+json\" class=\"yoast-schema-graph\">{\"@context\":\"https:\\\/\\\/schema.org\",\"@graph\":[{\"@type\":\"WebPage\",\"@id\":\"https:\\\/\\\/centosoftware.com\\\/es\\\/acerca-de-nosotros\\\/\",\"url\":\"https:\\\/\\\/centosoftware.com\\\/es\\\/acerca-de-nosotros\\\/\",\"name\":\"Sobre nosotros - CENTO Software\",\"isPartOf\":{\"@id\":\"https:\\\/\\\/centosoftware.com\\\/es\\\/#website\"},\"primaryImageOfPage\":{\"@id\":\"https:\\\/\\\/centosoftware.com\\\/es\\\/acerca-de-nosotros\\\/#primaryimage\"},\"image\":{\"@id\":\"https:\\\/\\\/centosoftware.com\\\/es\\\/acerca-de-nosotros\\\/#primaryimage\"},\"thumbnailUrl\":\"https:\\\/\\\/centosoftware.com\\\/wp-content\\\/uploads\\\/2025\\\/04\\\/office-team.webp\",\"datePublished\":\"2025-04-08T19:03:39+00:00\",\"dateModified\":\"2026-03-06T00:17:23+00:00\",\"description\":\"Con m\u00e1s de 15 a\u00f1os de experiencia, CENTO es su socio en automatizaci\u00f3n industrial, ofreciendo soluciones escalables para optimizar el uso de la energ\u00eda, mejorar el conocimiento de los procesos y unificar sistemas para operaciones m\u00e1s inteligentes.\",\"breadcrumb\":{\"@id\":\"https:\\\/\\\/centosoftware.com\\\/es\\\/acerca-de-nosotros\\\/#breadcrumb\"},\"inLanguage\":\"es\",\"potentialAction\":[{\"@type\":\"ReadAction\",\"target\":[\"https:\\\/\\\/centosoftware.com\\\/es\\\/acerca-de-nosotros\\\/\"]}]},{\"@type\":\"ImageObject\",\"inLanguage\":\"es\",\"@id\":\"https:\\\/\\\/centosoftware.com\\\/es\\\/acerca-de-nosotros\\\/#primaryimage\",\"url\":\"https:\\\/\\\/centosoftware.com\\\/wp-content\\\/uploads\\\/2025\\\/04\\\/office-team.webp\",\"contentUrl\":\"https:\\\/\\\/centosoftware.com\\\/wp-content\\\/uploads\\\/2025\\\/04\\\/office-team.webp\"},{\"@type\":\"BreadcrumbList\",\"@id\":\"https:\\\/\\\/centosoftware.com\\\/es\\\/acerca-de-nosotros\\\/#breadcrumb\",\"itemListElement\":[{\"@type\":\"ListItem\",\"position\":1,\"name\":\"Home\",\"item\":\"https:\\\/\\\/centosoftware.com\\\/es\\\/cento-software\\\/\"},{\"@type\":\"ListItem\",\"position\":2,\"name\":\"Sobre nosotros\"}]},{\"@type\":\"WebSite\",\"@id\":\"https:\\\/\\\/centosoftware.com\\\/es\\\/#website\",\"url\":\"https:\\\/\\\/centosoftware.com\\\/es\\\/\",\"name\":\"CENTO Software\",\"description\":\"Industrial intelligence on your side\",\"publisher\":{\"@id\":\"https:\\\/\\\/centosoftware.com\\\/es\\\/#organization\"},\"potentialAction\":[{\"@type\":\"SearchAction\",\"target\":{\"@type\":\"EntryPoint\",\"urlTemplate\":\"https:\\\/\\\/centosoftware.com\\\/es\\\/?s={search_term_string}\"},\"query-input\":{\"@type\":\"PropertyValueSpecification\",\"valueRequired\":true,\"valueName\":\"search_term_string\"}}],\"inLanguage\":\"es\"},{\"@type\":\"Organization\",\"@id\":\"https:\\\/\\\/centosoftware.com\\\/es\\\/#organization\",\"name\":\"CENTO Software\",\"url\":\"https:\\\/\\\/centosoftware.com\\\/es\\\/\",\"logo\":{\"@type\":\"ImageObject\",\"inLanguage\":\"es\",\"@id\":\"https:\\\/\\\/centosoftware.com\\\/es\\\/#\\\/schema\\\/logo\\\/image\\\/\",\"url\":\"https:\\\/\\\/centosoftware.com\\\/wp-content\\\/uploads\\\/2025\\\/04\\\/favicon-1.svg\",\"contentUrl\":\"https:\\\/\\\/centosoftware.com\\\/wp-content\\\/uploads\\\/2025\\\/04\\\/favicon-1.svg\",\"width\":257,\"height\":257,\"caption\":\"CENTO Software\"},\"image\":{\"@id\":\"https:\\\/\\\/centosoftware.com\\\/es\\\/#\\\/schema\\\/logo\\\/image\\\/\"}}]}<\/script>\n<!-- \/ Yoast SEO plugin. -->","yoast_head_json":{"title":"Sobre nosotros - CENTO Software","description":"Con m\u00e1s de 15 a\u00f1os de experiencia, CENTO es su socio en automatizaci\u00f3n industrial, ofreciendo soluciones escalables para optimizar el uso de la energ\u00eda, mejorar el conocimiento de los procesos y unificar sistemas para operaciones m\u00e1s inteligentes.","robots":{"index":"index","follow":"follow","max-snippet":"max-snippet:-1","max-image-preview":"max-image-preview:large","max-video-preview":"max-video-preview:-1"},"canonical":"https:\/\/centosoftware.com\/es\/acerca-de-nosotros\/","og_locale":"es_ES","og_type":"article","og_title":"Sobre nosotros - CENTO Software","og_description":"Con m\u00e1s de 15 a\u00f1os de experiencia, CENTO es su socio en automatizaci\u00f3n industrial, ofreciendo soluciones escalables para optimizar el uso de la energ\u00eda, mejorar el conocimiento de los procesos y unificar sistemas para operaciones m\u00e1s inteligentes.","og_url":"https:\/\/centosoftware.com\/es\/acerca-de-nosotros\/","og_site_name":"CENTO Software","article_modified_time":"2026-03-06T00:17:23+00:00","og_image":[{"url":"https:\/\/centosoftware.com\/wp-content\/uploads\/2025\/04\/office-team.webp","type":"","width":"","height":""}],"twitter_card":"summary_large_image","twitter_misc":{"Tiempo de lectura":"1 minuto"},"schema":{"@context":"https:\/\/schema.org","@graph":[{"@type":"WebPage","@id":"https:\/\/centosoftware.com\/es\/acerca-de-nosotros\/","url":"https:\/\/centosoftware.com\/es\/acerca-de-nosotros\/","name":"Sobre nosotros - CENTO Software","isPartOf":{"@id":"https:\/\/centosoftware.com\/es\/#website"},"primaryImageOfPage":{"@id":"https:\/\/centosoftware.com\/es\/acerca-de-nosotros\/#primaryimage"},"image":{"@id":"https:\/\/centosoftware.com\/es\/acerca-de-nosotros\/#primaryimage"},"thumbnailUrl":"https:\/\/centosoftware.com\/wp-content\/uploads\/2025\/04\/office-team.webp","datePublished":"2025-04-08T19:03:39+00:00","dateModified":"2026-03-06T00:17:23+00:00","description":"Con m\u00e1s de 15 a\u00f1os de experiencia, CENTO es su socio en automatizaci\u00f3n industrial, ofreciendo soluciones escalables para optimizar el uso de la energ\u00eda, mejorar el conocimiento de los procesos y unificar sistemas para operaciones m\u00e1s inteligentes.","breadcrumb":{"@id":"https:\/\/centosoftware.com\/es\/acerca-de-nosotros\/#breadcrumb"},"inLanguage":"es","potentialAction":[{"@type":"ReadAction","target":["https:\/\/centosoftware.com\/es\/acerca-de-nosotros\/"]}]},{"@type":"ImageObject","inLanguage":"es","@id":"https:\/\/centosoftware.com\/es\/acerca-de-nosotros\/#primaryimage","url":"https:\/\/centosoftware.com\/wp-content\/uploads\/2025\/04\/office-team.webp","contentUrl":"https:\/\/centosoftware.com\/wp-content\/uploads\/2025\/04\/office-team.webp"},{"@type":"BreadcrumbList","@id":"https:\/\/centosoftware.com\/es\/acerca-de-nosotros\/#breadcrumb","itemListElement":[{"@type":"ListItem","position":1,"name":"Home","item":"https:\/\/centosoftware.com\/es\/cento-software\/"},{"@type":"ListItem","position":2,"name":"Sobre nosotros"}]},{"@type":"WebSite","@id":"https:\/\/centosoftware.com\/es\/#website","url":"https:\/\/centosoftware.com\/es\/","name":"CENTO Software","description":"Industrial intelligence on your side","publisher":{"@id":"https:\/\/centosoftware.com\/es\/#organization"},"potentialAction":[{"@type":"SearchAction","target":{"@type":"EntryPoint","urlTemplate":"https:\/\/centosoftware.com\/es\/?s={search_term_string}"},"query-input":{"@type":"PropertyValueSpecification","valueRequired":true,"valueName":"search_term_string"}}],"inLanguage":"es"},{"@type":"Organization","@id":"https:\/\/centosoftware.com\/es\/#organization","name":"CENTO Software","url":"https:\/\/centosoftware.com\/es\/","logo":{"@type":"ImageObject","inLanguage":"es","@id":"https:\/\/centosoftware.com\/es\/#\/schema\/logo\/image\/","url":"https:\/\/centosoftware.com\/wp-content\/uploads\/2025\/04\/favicon-1.svg","contentUrl":"https:\/\/centosoftware.com\/wp-content\/uploads\/2025\/04\/favicon-1.svg","width":257,"height":257,"caption":"CENTO Software"},"image":{"@id":"https:\/\/centosoftware.com\/es\/#\/schema\/logo\/image\/"}}]}},"_links":{"self":[{"href":"https:\/\/centosoftware.com\/es\/wp-json\/wp\/v2\/pages\/3058","targetHints":{"allow":["GET"]}}],"collection":[{"href":"https:\/\/centosoftware.com\/es\/wp-json\/wp\/v2\/pages"}],"about":[{"href":"https:\/\/centosoftware.com\/es\/wp-json\/wp\/v2\/types\/page"}],"author":[{"embeddable":true,"href":"https:\/\/centosoftware.com\/es\/wp-json\/wp\/v2\/users\/1"}],"replies":[{"embeddable":true,"href":"https:\/\/centosoftware.com\/es\/wp-json\/wp\/v2\/comments?post=3058"}],"version-history":[{"count":4,"href":"https:\/\/centosoftware.com\/es\/wp-json\/wp\/v2\/pages\/3058\/revisions"}],"predecessor-version":[{"id":4332,"href":"https:\/\/centosoftware.com\/es\/wp-json\/wp\/v2\/pages\/3058\/revisions\/4332"}],"wp:attachment":[{"href":"https:\/\/centosoftware.com\/es\/wp-json\/wp\/v2\/media?parent=3058"}],"wp:term":[{"taxonomy":"product-feature-category","embeddable":true,"href":"https:\/\/centosoftware.com\/es\/wp-json\/wp\/v2\/product-feature-category?post=3058"}],"curies":[{"name":"wp","href":"https:\/\/api.w.org\/{rel}","templated":true}]}}