{"id":3837,"date":"2025-11-14T09:04:33","date_gmt":"2025-11-14T09:04:33","guid":{"rendered":"https:\/\/centosoftware.com\/demostracion\/"},"modified":"2026-03-06T00:57:31","modified_gmt":"2026-03-06T00:57:31","slug":"demostracion","status":"publish","type":"page","link":"https:\/\/centosoftware.com\/es\/demostracion\/","title":{"rendered":"Demostraci\u00f3n"},"content":{"rendered":"\t\t<div data-elementor-type=\"wp-page\" data-elementor-id=\"3837\" class=\"elementor elementor-3837 elementor-2896\" data-elementor-post-type=\"page\">\n\t\t\t\t<div class=\"elementor-element elementor-element-e71dee0 e-flex e-con-boxed e-con e-parent\" data-id=\"e71dee0\" data-element_type=\"container\" data-e-type=\"container\">\n\t\t\t\t\t<div class=\"e-con-inner\">\n\t\t\t\t<div class=\"elementor-element elementor-element-e3323df elementor-hidden-tablet elementor-hidden-mobile elementor-widget elementor-widget-breadcrumbs\" data-id=\"e3323df\" data-element_type=\"widget\" data-e-type=\"widget\" data-widget_type=\"breadcrumbs.default\">\n\t\t\t\t<div class=\"elementor-widget-container\">\n\t\t\t\t\t<p id=\"breadcrumbs\"><span><span><a href=\"https:\/\/centosoftware.com\/es\/\">Home<\/a><\/span><\/span><\/p>\t\t\t\t<\/div>\n\t\t\t\t<\/div>\n\t\t\t\t\t<\/div>\n\t\t\t\t<\/div>\n\t\t<div class=\"elementor-element elementor-element-38af1494 e-flex e-con-boxed e-con e-child\" data-id=\"38af1494\" data-element_type=\"container\" data-e-type=\"container\">\n\t\t\t\t\t<div class=\"e-con-inner\">\n\t\t<div class=\"elementor-element elementor-element-cc95509 e-con-full e-flex e-con e-child\" data-id=\"cc95509\" data-element_type=\"container\" data-e-type=\"container\">\n\t\t\t\t<div class=\"elementor-element elementor-element-5016a7d elementor-widget-mobile__width-initial elementor-widget__width-initial elementor-widget elementor-widget-heading\" data-id=\"5016a7d\" data-element_type=\"widget\" data-e-type=\"widget\" data-widget_type=\"heading.default\">\n\t\t\t\t<div class=\"elementor-widget-container\">\n\t\t\t\t\t<h1 class=\"elementor-heading-title elementor-size-default\">Demostraci\u00f3n<\/h1>\t\t\t\t<\/div>\n\t\t\t\t<\/div>\n\t\t\t\t<div class=\"elementor-element elementor-element-f2b74ad elementor-widget elementor-widget-button\" data-id=\"f2b74ad\" data-element_type=\"widget\" data-e-type=\"widget\" data-widget_type=\"button.default\">\n\t\t\t\t<div class=\"elementor-widget-container\">\n\t\t\t\t\t\t\t\t\t<div class=\"elementor-button-wrapper\">\n\t\t\t\t\t<a class=\"elementor-button elementor-button-link elementor-size-sm\" href=\"http:\/\/centosoftware.com\/demo\">\n\t\t\t\t\t\t<span class=\"elementor-button-content-wrapper\">\n\t\t\t\t\t\t\t\t\t<span class=\"elementor-button-text\">EN<\/span>\n\t\t\t\t\t<\/span>\n\t\t\t\t\t<\/a>\n\t\t\t\t<\/div>\n\t\t\t\t\t\t\t\t<\/div>\n\t\t\t\t<\/div>\n\t\t\t\t<div class=\"elementor-element elementor-element-0580494 elementor-widget elementor-widget-button\" data-id=\"0580494\" data-element_type=\"widget\" data-e-type=\"widget\" data-widget_type=\"button.default\">\n\t\t\t\t<div class=\"elementor-widget-container\">\n\t\t\t\t\t\t\t\t\t<div class=\"elementor-button-wrapper\">\n\t\t\t\t\t<a class=\"elementor-button elementor-button-link elementor-size-sm\" href=\"http:\/\/centosoftware.com\/demo-es\">\n\t\t\t\t\t\t<span class=\"elementor-button-content-wrapper\">\n\t\t\t\t\t\t\t\t\t<span class=\"elementor-button-text\">ES<\/span>\n\t\t\t\t\t<\/span>\n\t\t\t\t\t<\/a>\n\t\t\t\t<\/div>\n\t\t\t\t\t\t\t\t<\/div>\n\t\t\t\t<\/div>\n\t\t\t\t<\/div>\n\t\t\t\t<div class=\"elementor-element elementor-element-760a5147 elementor-widget-mobile__width-initial elementor-widget__width-initial elementor-widget elementor-widget-heading\" data-id=\"760a5147\" data-element_type=\"widget\" data-e-type=\"widget\" data-widget_type=\"heading.default\">\n\t\t\t\t<div class=\"elementor-widget-container\">\n\t\t\t\t\t<h2 class=\"elementor-heading-title elementor-size-default\">Una forma sencilla de explorar c\u00f3mo funciona la plataforma en un entorno real<\/h2>\t\t\t\t<\/div>\n\t\t\t\t<\/div>\n\t\t\t\t\t<\/div>\n\t\t\t\t<\/div>\n\t\t<div class=\"elementor-element elementor-element-36e9777 e-flex e-con-boxed e-con e-parent\" data-id=\"36e9777\" data-element_type=\"container\" data-e-type=\"container\">\n\t\t\t\t\t<div class=\"e-con-inner\">\n\t\t<div class=\"elementor-element elementor-element-c3e7b28 e-con-full elementor-hidden-desktop e-flex e-con e-child\" data-id=\"c3e7b28\" data-element_type=\"container\" data-e-type=\"container\">\n\t\t\t\t<div class=\"elementor-element elementor-element-60719b8 elementor-widget elementor-widget-image\" data-id=\"60719b8\" data-element_type=\"widget\" data-e-type=\"widget\" data-widget_type=\"image.default\">\n\t\t\t\t<div class=\"elementor-widget-container\">\n\t\t\t\t\t\t\t\t\t\t\t\t\t\t\t\t<a href=\"https:\/\/centosoftware.com\/wp-content\/uploads\/2025\/11\/1920-1000-CENTO-dashboard-DCIM.webp\" data-elementor-open-lightbox=\"yes\" data-elementor-lightbox-title=\"1920-1000-CENTO-dashboard-DCIM\" data-e-action-hash=\"#elementor-action%3Aaction%3Dlightbox%26settings%3DeyJpZCI6Mzg0MCwidXJsIjoiaHR0cHM6XC9cL2NlbnRvc29mdHdhcmUuY29tXC93cC1jb250ZW50XC91cGxvYWRzXC8yMDI1XC8xMVwvMTkyMC0xMDAwLUNFTlRPLWRhc2hib2FyZC1EQ0lNLndlYnAifQ%3D%3D\">\n\t\t\t\t\t\t\t<img fetchpriority=\"high\" decoding=\"async\" width=\"800\" height=\"417\" src=\"https:\/\/centosoftware.com\/wp-content\/uploads\/2025\/11\/1920-1000-CENTO-dashboard-DCIM-1024x534.webp\" class=\"attachment-large size-large wp-image-3840\" alt=\"\" srcset=\"https:\/\/centosoftware.com\/wp-content\/uploads\/2025\/11\/1920-1000-CENTO-dashboard-DCIM-1024x534.webp 1024w, https:\/\/centosoftware.com\/wp-content\/uploads\/2025\/11\/1920-1000-CENTO-dashboard-DCIM-300x157.webp 300w, https:\/\/centosoftware.com\/wp-content\/uploads\/2025\/11\/1920-1000-CENTO-dashboard-DCIM-768x401.webp 768w, https:\/\/centosoftware.com\/wp-content\/uploads\/2025\/11\/1920-1000-CENTO-dashboard-DCIM-1536x802.webp 1536w, https:\/\/centosoftware.com\/wp-content\/uploads\/2025\/11\/1920-1000-CENTO-dashboard-DCIM.webp 1920w\" sizes=\"(max-width: 800px) 100vw, 800px\" \/>\t\t\t\t\t\t\t\t<\/a>\n\t\t\t\t\t\t\t\t\t\t\t\t\t\t\t<\/div>\n\t\t\t\t<\/div>\n\t\t\t\t<\/div>\n\t\t<div class=\"elementor-element elementor-element-20a4f2c e-con-full elementor-hidden-tablet elementor-hidden-mobile e-flex e-con e-child\" data-id=\"20a4f2c\" data-element_type=\"container\" data-e-type=\"container\">\n\t\t<div class=\"elementor-element elementor-element-867571b e-con-full e-flex e-con e-child\" data-id=\"867571b\" data-element_type=\"container\" data-e-type=\"container\">\n\t\t\t\t<div class=\"elementor-element elementor-element-955427b elementor-widget-mobile__width-initial elementor-widget elementor-widget-text-editor\" data-id=\"955427b\" data-element_type=\"widget\" data-e-type=\"widget\" data-widget_type=\"text-editor.default\">\n\t\t\t\t<div class=\"elementor-widget-container\">\n\t\t\t\t\t\t\t\t\t<p data-start=\"124\" data-end=\"473\">Una demostraci\u00f3n del software de gemelo digital industrial es la forma m\u00e1s r\u00e1pida de comprender c\u00f3mo los datos en tiempo real pueden transformar el monitoreo, el an\u00e1lisis y la toma de decisiones operativas. CENTO le permite explorar dashboards de control en vivo, modelos de activos y el comportamiento del sistema utilizando escenarios industriales reales. Durante la demostraci\u00f3n, ver\u00e1 c\u00f3mo los datos de energ\u00eda, calidad de la energ\u00eda y procesos se recopilan, conectan y visualizan en una sola plataforma, lo que brinda a los equipos una visi\u00f3n clara del rendimiento, los riesgos y las oportunidades de optimizaci\u00f3n antes de la implementaci\u00f3n completa.  <\/p><p data-start=\"124\" data-end=\"473\"><strong>Con el servidor de demostraci\u00f3n de CENTO <span style=\"font-family: IBM Plex Sans, sans-serif;\"><strong>puede:<\/strong><br><\/span><\/strong><\/p><ul><li>Ver el comportamiento de la plataforma en tiempo real<\/li><li>Explorar las alertas y las reacciones a los eventos<\/li><li>Realizar un seguimiento de las tendencias entre los m\u00f3dulos<\/li><li>Revisar las interacciones del sistema de principio a fin<br><br><\/li><\/ul><p>Es un lugar seguro para mirar alrededor, probar funciones y comprender la l\u00f3gica del sistema a su propio ritmo.<\/p>\t\t\t\t\t\t\t\t<\/div>\n\t\t\t\t<\/div>\n\t\t\t\t<div class=\"elementor-element elementor-element-7a8a19f elementor-hidden-mobile elementor-widget elementor-widget-global elementor-global-4918 elementor-global-2257 elementor-widget-button\" data-id=\"7a8a19f\" data-element_type=\"widget\" data-e-type=\"widget\" data-widget_type=\"button.default\">\n\t\t\t\t<div class=\"elementor-widget-container\">\n\t\t\t\t\t\t\t\t\t<div class=\"elementor-button-wrapper\">\n\t\t\t\t\t<a class=\"elementor-button elementor-button-link elementor-size-sm\" href=\"#elementor-action%3Aaction%3Dpopup%3Aopen%26settings%3DeyJpZCI6NDkyNiwidG9nZ2xlIjpmYWxzZX0%3D\">\n\t\t\t\t\t\t<span class=\"elementor-button-content-wrapper\">\n\t\t\t\t\t\t\t\t\t<span class=\"elementor-button-text\">Abrir demo<\/span>\n\t\t\t\t\t<\/span>\n\t\t\t\t\t<\/a>\n\t\t\t\t<\/div>\n\t\t\t\t\t\t\t\t<\/div>\n\t\t\t\t<\/div>\n\t\t\t\t<\/div>\n\t\t<div class=\"elementor-element elementor-element-405b7d9 e-con-full elementor-hidden-mobile e-flex e-con e-child\" data-id=\"405b7d9\" data-element_type=\"container\" data-e-type=\"container\">\n\t\t<div class=\"elementor-element elementor-element-95e0f7f e-con-full e-flex e-con e-child\" data-id=\"95e0f7f\" data-element_type=\"container\" data-e-type=\"container\">\n\t\t\t\t<div class=\"elementor-element elementor-element-e7ba119 elementor-widget elementor-widget-image\" data-id=\"e7ba119\" data-element_type=\"widget\" data-e-type=\"widget\" data-widget_type=\"image.default\">\n\t\t\t\t<div class=\"elementor-widget-container\">\n\t\t\t\t\t\t\t\t\t\t\t\t\t\t\t\t<a href=\"https:\/\/centosoftware.com\/wp-content\/uploads\/2025\/11\/1920-1000-CENTO-dashboard-DCIM.webp\" data-elementor-open-lightbox=\"yes\" data-elementor-lightbox-title=\"1920-1000-CENTO-dashboard-DCIM\" data-e-action-hash=\"#elementor-action%3Aaction%3Dlightbox%26settings%3DeyJpZCI6Mzg0MCwidXJsIjoiaHR0cHM6XC9cL2NlbnRvc29mdHdhcmUuY29tXC93cC1jb250ZW50XC91cGxvYWRzXC8yMDI1XC8xMVwvMTkyMC0xMDAwLUNFTlRPLWRhc2hib2FyZC1EQ0lNLndlYnAifQ%3D%3D\">\n\t\t\t\t\t\t\t<img fetchpriority=\"high\" decoding=\"async\" width=\"800\" height=\"417\" src=\"https:\/\/centosoftware.com\/wp-content\/uploads\/2025\/11\/1920-1000-CENTO-dashboard-DCIM-1024x534.webp\" class=\"attachment-large size-large wp-image-3840\" alt=\"\" srcset=\"https:\/\/centosoftware.com\/wp-content\/uploads\/2025\/11\/1920-1000-CENTO-dashboard-DCIM-1024x534.webp 1024w, https:\/\/centosoftware.com\/wp-content\/uploads\/2025\/11\/1920-1000-CENTO-dashboard-DCIM-300x157.webp 300w, https:\/\/centosoftware.com\/wp-content\/uploads\/2025\/11\/1920-1000-CENTO-dashboard-DCIM-768x401.webp 768w, https:\/\/centosoftware.com\/wp-content\/uploads\/2025\/11\/1920-1000-CENTO-dashboard-DCIM-1536x802.webp 1536w, https:\/\/centosoftware.com\/wp-content\/uploads\/2025\/11\/1920-1000-CENTO-dashboard-DCIM.webp 1920w\" sizes=\"(max-width: 800px) 100vw, 800px\" \/>\t\t\t\t\t\t\t\t<\/a>\n\t\t\t\t\t\t\t\t\t\t\t\t\t\t\t<\/div>\n\t\t\t\t<\/div>\n\t\t\t\t<\/div>\n\t\t\t\t<\/div>\n\t\t\t\t<\/div>\n\t\t<div class=\"elementor-element elementor-element-7b45acb e-con-full elementor-hidden-desktop e-flex e-con e-child\" data-id=\"7b45acb\" data-element_type=\"container\" data-e-type=\"container\">\n\t\t<div class=\"elementor-element elementor-element-6f79c13 e-con-full e-flex e-con e-child\" data-id=\"6f79c13\" data-element_type=\"container\" data-e-type=\"container\">\n\t\t\t\t<div class=\"elementor-element elementor-element-038db42 elementor-widget-mobile__width-initial elementor-widget-tablet__width-inherit elementor-widget elementor-widget-text-editor\" data-id=\"038db42\" data-element_type=\"widget\" data-e-type=\"widget\" data-widget_type=\"text-editor.default\">\n\t\t\t\t<div class=\"elementor-widget-container\">\n\t\t\t\t\t\t\t\t\t<p data-start=\"124\" data-end=\"473\">El servidor de demostraci\u00f3n de CENTO le brinda una forma sencilla de explorar c\u00f3mo funciona la plataforma en un entorno real. Puede moverse a trav\u00e9s de dashboards de control en vivo, verificar c\u00f3mo fluyen los datos entre los m\u00f3dulos y ver c\u00f3mo se comportan las alertas y las tendencias sin instalar nada.  <\/p><p data-start=\"124\" data-end=\"473\"><strong>Con el servidor de demostraci\u00f3n de CENTO <span style=\"font-family: IBM Plex Sans, sans-serif;\"><strong>puede:<\/strong><br><\/span><\/strong><\/p><ul><li>Ver el comportamiento de la plataforma en tiempo real<\/li><li>Explorar las alertas y las reacciones a los eventos<\/li><li>Realizar un seguimiento de las tendencias entre los m\u00f3dulos<\/li><li>Revisar las interacciones del sistema de principio a fin<\/li><\/ul><p>Es un lugar seguro para mirar alrededor, probar funciones y comprender la l\u00f3gica del sistema a su propio ritmo.<\/p>\t\t\t\t\t\t\t\t<\/div>\n\t\t\t\t<\/div>\n\t\t\t\t<div class=\"elementor-element elementor-element-5efeb2a elementor-hidden-mobile elementor-widget elementor-widget-button\" data-id=\"5efeb2a\" data-element_type=\"widget\" data-e-type=\"widget\" data-widget_type=\"button.default\">\n\t\t\t\t<div class=\"elementor-widget-container\">\n\t\t\t\t\t\t\t\t\t<div class=\"elementor-button-wrapper\">\n\t\t\t\t\t<a class=\"elementor-button elementor-button-link elementor-size-sm\" href=\"#elementor-action%3Aaction%3Dpopup%3Aopen%26settings%3DeyJpZCI6NDkyNiwidG9nZ2xlIjpmYWxzZX0%3D\">\n\t\t\t\t\t\t<span class=\"elementor-button-content-wrapper\">\n\t\t\t\t\t\t\t\t\t<span class=\"elementor-button-text\">Iniciar demostraci\u00f3n<\/span>\n\t\t\t\t\t<\/span>\n\t\t\t\t\t<\/a>\n\t\t\t\t<\/div>\n\t\t\t\t\t\t\t\t<\/div>\n\t\t\t\t<\/div>\n\t\t\t\t<\/div>\n\t\t\t\t<\/div>\n\t\t\t\t\t<\/div>\n\t\t\t\t<\/div>\n\t\t\t\t<\/div>\n\t\t","protected":false},"excerpt":{"rendered":"<p>Demostraci\u00f3n EN ES Una forma sencilla de explorar c\u00f3mo funciona la plataforma en un entorno real Una demostraci\u00f3n del software de gemelo digital industrial es la forma m\u00e1s r\u00e1pida de comprender c\u00f3mo los datos en tiempo real pueden transformar el monitoreo, el an\u00e1lisis y la toma de decisiones operativas. CENTO le permite explorar dashboards de [&hellip;]<\/p>\n","protected":false},"author":1,"featured_media":0,"parent":0,"menu_order":0,"comment_status":"closed","ping_status":"closed","template":"elementor_header_footer","meta":{"_acf_changed":false,"footnotes":""},"class_list":["post-3837","page","type-page","status-publish","hentry"],"acf":[],"yoast_head":"<!-- This site is optimized with the Yoast SEO plugin v27.4 - https:\/\/yoast.com\/product\/yoast-seo-wordpress\/ -->\n<title>Demostraci\u00f3n del software de gemelo digital industrial para el monitoreo en tiempo real<\/title>\n<meta name=\"description\" content=\"Solicite una demostraci\u00f3n del software de gemelo digital industrial para explorar el monitoreo, el an\u00e1lisis y el control en tiempo real de los sistemas de energ\u00eda, potencia y producci\u00f3n.\" \/>\n<meta name=\"robots\" content=\"index, follow, max-snippet:-1, max-image-preview:large, max-video-preview:-1\" \/>\n<link rel=\"canonical\" href=\"https:\/\/centosoftware.com\/es\/demostracion\/\" \/>\n<meta property=\"og:locale\" content=\"es_ES\" \/>\n<meta property=\"og:type\" content=\"article\" \/>\n<meta property=\"og:title\" content=\"Demostraci\u00f3n del software de gemelo digital industrial para la monitorizaci\u00f3n en tiempo real\" \/>\n<meta property=\"og:description\" content=\"Solicite una demostraci\u00f3n del software de gemelo digital industrial para explorar el monitoreo, el an\u00e1lisis y el control en tiempo real de los sistemas de energ\u00eda, potencia y producci\u00f3n utilizando CENTO.\" \/>\n<meta property=\"og:url\" content=\"https:\/\/centosoftware.com\/es\/demostracion\/\" \/>\n<meta property=\"og:site_name\" content=\"CENTO Software\" \/>\n<meta property=\"article:modified_time\" content=\"2026-03-06T00:57:31+00:00\" \/>\n<meta property=\"og:image\" content=\"https:\/\/centosoftware.com\/wp-content\/uploads\/2025\/11\/1920-1000-CENTO-dashboard-DCIM.webp\" \/>\n\t<meta property=\"og:image:width\" content=\"1920\" \/>\n\t<meta property=\"og:image:height\" content=\"1002\" \/>\n\t<meta property=\"og:image:type\" content=\"image\/webp\" \/>\n<meta name=\"twitter:card\" content=\"summary_large_image\" \/>\n<meta name=\"twitter:label1\" content=\"Tiempo de lectura\" \/>\n\t<meta name=\"twitter:data1\" content=\"2 minutos\" \/>\n<script type=\"application\/ld+json\" class=\"yoast-schema-graph\">{\"@context\":\"https:\\\/\\\/schema.org\",\"@graph\":[{\"@type\":\"WebPage\",\"@id\":\"https:\\\/\\\/centosoftware.com\\\/es\\\/demostracion\\\/\",\"url\":\"https:\\\/\\\/centosoftware.com\\\/es\\\/demostracion\\\/\",\"name\":\"Demostraci\u00f3n del software de gemelo digital industrial para el monitoreo en tiempo real\",\"isPartOf\":{\"@id\":\"https:\\\/\\\/centosoftware.com\\\/es\\\/#website\"},\"primaryImageOfPage\":{\"@id\":\"https:\\\/\\\/centosoftware.com\\\/es\\\/demostracion\\\/#primaryimage\"},\"image\":{\"@id\":\"https:\\\/\\\/centosoftware.com\\\/es\\\/demostracion\\\/#primaryimage\"},\"thumbnailUrl\":\"https:\\\/\\\/centosoftware.com\\\/wp-content\\\/uploads\\\/2025\\\/11\\\/1920-1000-CENTO-dashboard-DCIM-1024x534.webp\",\"datePublished\":\"2025-11-14T09:04:33+00:00\",\"dateModified\":\"2026-03-06T00:57:31+00:00\",\"description\":\"Solicite una demostraci\u00f3n del software de gemelo digital industrial para explorar el monitoreo, el an\u00e1lisis y el control en tiempo real de los sistemas de energ\u00eda, potencia y producci\u00f3n.\",\"breadcrumb\":{\"@id\":\"https:\\\/\\\/centosoftware.com\\\/es\\\/demostracion\\\/#breadcrumb\"},\"inLanguage\":\"es\",\"potentialAction\":[{\"@type\":\"ReadAction\",\"target\":[\"https:\\\/\\\/centosoftware.com\\\/es\\\/demostracion\\\/\"]}]},{\"@type\":\"ImageObject\",\"inLanguage\":\"es\",\"@id\":\"https:\\\/\\\/centosoftware.com\\\/es\\\/demostracion\\\/#primaryimage\",\"url\":\"https:\\\/\\\/centosoftware.com\\\/wp-content\\\/uploads\\\/2025\\\/11\\\/1920-1000-CENTO-dashboard-DCIM-1024x534.webp\",\"contentUrl\":\"https:\\\/\\\/centosoftware.com\\\/wp-content\\\/uploads\\\/2025\\\/11\\\/1920-1000-CENTO-dashboard-DCIM-1024x534.webp\"},{\"@type\":\"BreadcrumbList\",\"@id\":\"https:\\\/\\\/centosoftware.com\\\/es\\\/demostracion\\\/#breadcrumb\",\"itemListElement\":[{\"@type\":\"ListItem\",\"position\":1,\"name\":\"Home\",\"item\":\"https:\\\/\\\/centosoftware.com\\\/es\\\/\"},{\"@type\":\"ListItem\",\"position\":2,\"name\":\"Demostraci\u00f3n\"}]},{\"@type\":\"WebSite\",\"@id\":\"https:\\\/\\\/centosoftware.com\\\/es\\\/#website\",\"url\":\"https:\\\/\\\/centosoftware.com\\\/es\\\/\",\"name\":\"CENTO Software\",\"description\":\"Industrial intelligence on your side\",\"publisher\":{\"@id\":\"https:\\\/\\\/centosoftware.com\\\/es\\\/#organization\"},\"potentialAction\":[{\"@type\":\"SearchAction\",\"target\":{\"@type\":\"EntryPoint\",\"urlTemplate\":\"https:\\\/\\\/centosoftware.com\\\/es\\\/?s={search_term_string}\"},\"query-input\":{\"@type\":\"PropertyValueSpecification\",\"valueRequired\":true,\"valueName\":\"search_term_string\"}}],\"inLanguage\":\"es\"},{\"@type\":\"Organization\",\"@id\":\"https:\\\/\\\/centosoftware.com\\\/es\\\/#organization\",\"name\":\"CENTO Software\",\"url\":\"https:\\\/\\\/centosoftware.com\\\/es\\\/\",\"logo\":{\"@type\":\"ImageObject\",\"inLanguage\":\"es\",\"@id\":\"https:\\\/\\\/centosoftware.com\\\/es\\\/#\\\/schema\\\/logo\\\/image\\\/\",\"url\":\"https:\\\/\\\/centosoftware.com\\\/wp-content\\\/uploads\\\/2025\\\/04\\\/favicon-1.svg\",\"contentUrl\":\"https:\\\/\\\/centosoftware.com\\\/wp-content\\\/uploads\\\/2025\\\/04\\\/favicon-1.svg\",\"width\":257,\"height\":257,\"caption\":\"CENTO Software\"},\"image\":{\"@id\":\"https:\\\/\\\/centosoftware.com\\\/es\\\/#\\\/schema\\\/logo\\\/image\\\/\"}}]}<\/script>\n<!-- \/ Yoast SEO plugin. -->","yoast_head_json":{"title":"Demostraci\u00f3n del software de gemelo digital industrial para el monitoreo en tiempo real","description":"Solicite una demostraci\u00f3n del software de gemelo digital industrial para explorar el monitoreo, el an\u00e1lisis y el control en tiempo real de los sistemas de energ\u00eda, potencia y producci\u00f3n.","robots":{"index":"index","follow":"follow","max-snippet":"max-snippet:-1","max-image-preview":"max-image-preview:large","max-video-preview":"max-video-preview:-1"},"canonical":"https:\/\/centosoftware.com\/es\/demostracion\/","og_locale":"es_ES","og_type":"article","og_title":"Demostraci\u00f3n del software de gemelo digital industrial para la monitorizaci\u00f3n en tiempo real","og_description":"Solicite una demostraci\u00f3n del software de gemelo digital industrial para explorar el monitoreo, el an\u00e1lisis y el control en tiempo real de los sistemas de energ\u00eda, potencia y producci\u00f3n utilizando CENTO.","og_url":"https:\/\/centosoftware.com\/es\/demostracion\/","og_site_name":"CENTO Software","article_modified_time":"2026-03-06T00:57:31+00:00","og_image":[{"width":1920,"height":1002,"url":"https:\/\/centosoftware.com\/wp-content\/uploads\/2025\/11\/1920-1000-CENTO-dashboard-DCIM.webp","type":"image\/webp"}],"twitter_card":"summary_large_image","twitter_misc":{"Tiempo de lectura":"2 minutos"},"schema":{"@context":"https:\/\/schema.org","@graph":[{"@type":"WebPage","@id":"https:\/\/centosoftware.com\/es\/demostracion\/","url":"https:\/\/centosoftware.com\/es\/demostracion\/","name":"Demostraci\u00f3n del software de gemelo digital industrial para el monitoreo en tiempo real","isPartOf":{"@id":"https:\/\/centosoftware.com\/es\/#website"},"primaryImageOfPage":{"@id":"https:\/\/centosoftware.com\/es\/demostracion\/#primaryimage"},"image":{"@id":"https:\/\/centosoftware.com\/es\/demostracion\/#primaryimage"},"thumbnailUrl":"https:\/\/centosoftware.com\/wp-content\/uploads\/2025\/11\/1920-1000-CENTO-dashboard-DCIM-1024x534.webp","datePublished":"2025-11-14T09:04:33+00:00","dateModified":"2026-03-06T00:57:31+00:00","description":"Solicite una demostraci\u00f3n del software de gemelo digital industrial para explorar el monitoreo, el an\u00e1lisis y el control en tiempo real de los sistemas de energ\u00eda, potencia y producci\u00f3n.","breadcrumb":{"@id":"https:\/\/centosoftware.com\/es\/demostracion\/#breadcrumb"},"inLanguage":"es","potentialAction":[{"@type":"ReadAction","target":["https:\/\/centosoftware.com\/es\/demostracion\/"]}]},{"@type":"ImageObject","inLanguage":"es","@id":"https:\/\/centosoftware.com\/es\/demostracion\/#primaryimage","url":"https:\/\/centosoftware.com\/wp-content\/uploads\/2025\/11\/1920-1000-CENTO-dashboard-DCIM-1024x534.webp","contentUrl":"https:\/\/centosoftware.com\/wp-content\/uploads\/2025\/11\/1920-1000-CENTO-dashboard-DCIM-1024x534.webp"},{"@type":"BreadcrumbList","@id":"https:\/\/centosoftware.com\/es\/demostracion\/#breadcrumb","itemListElement":[{"@type":"ListItem","position":1,"name":"Home","item":"https:\/\/centosoftware.com\/es\/"},{"@type":"ListItem","position":2,"name":"Demostraci\u00f3n"}]},{"@type":"WebSite","@id":"https:\/\/centosoftware.com\/es\/#website","url":"https:\/\/centosoftware.com\/es\/","name":"CENTO Software","description":"Industrial intelligence on your side","publisher":{"@id":"https:\/\/centosoftware.com\/es\/#organization"},"potentialAction":[{"@type":"SearchAction","target":{"@type":"EntryPoint","urlTemplate":"https:\/\/centosoftware.com\/es\/?s={search_term_string}"},"query-input":{"@type":"PropertyValueSpecification","valueRequired":true,"valueName":"search_term_string"}}],"inLanguage":"es"},{"@type":"Organization","@id":"https:\/\/centosoftware.com\/es\/#organization","name":"CENTO Software","url":"https:\/\/centosoftware.com\/es\/","logo":{"@type":"ImageObject","inLanguage":"es","@id":"https:\/\/centosoftware.com\/es\/#\/schema\/logo\/image\/","url":"https:\/\/centosoftware.com\/wp-content\/uploads\/2025\/04\/favicon-1.svg","contentUrl":"https:\/\/centosoftware.com\/wp-content\/uploads\/2025\/04\/favicon-1.svg","width":257,"height":257,"caption":"CENTO Software"},"image":{"@id":"https:\/\/centosoftware.com\/es\/#\/schema\/logo\/image\/"}}]}},"_links":{"self":[{"href":"https:\/\/centosoftware.com\/es\/wp-json\/wp\/v2\/pages\/3837","targetHints":{"allow":["GET"]}}],"collection":[{"href":"https:\/\/centosoftware.com\/es\/wp-json\/wp\/v2\/pages"}],"about":[{"href":"https:\/\/centosoftware.com\/es\/wp-json\/wp\/v2\/types\/page"}],"author":[{"embeddable":true,"href":"https:\/\/centosoftware.com\/es\/wp-json\/wp\/v2\/users\/1"}],"replies":[{"embeddable":true,"href":"https:\/\/centosoftware.com\/es\/wp-json\/wp\/v2\/comments?post=3837"}],"version-history":[{"count":6,"href":"https:\/\/centosoftware.com\/es\/wp-json\/wp\/v2\/pages\/3837\/revisions"}],"predecessor-version":[{"id":4368,"href":"https:\/\/centosoftware.com\/es\/wp-json\/wp\/v2\/pages\/3837\/revisions\/4368"}],"wp:attachment":[{"href":"https:\/\/centosoftware.com\/es\/wp-json\/wp\/v2\/media?parent=3837"}],"curies":[{"name":"wp","href":"https:\/\/api.w.org\/{rel}","templated":true}]}}