{"id":3910,"date":"2025-04-08T19:03:39","date_gmt":"2025-04-08T19:03:39","guid":{"rendered":"https:\/\/centosoftware.com\/contactos\/"},"modified":"2026-03-06T00:56:24","modified_gmt":"2026-03-06T00:56:24","slug":"contactos","status":"publish","type":"page","link":"https:\/\/centosoftware.com\/es\/contactos\/","title":{"rendered":"Contactos"},"content":{"rendered":"\t\t<div data-elementor-type=\"wp-page\" data-elementor-id=\"3910\" class=\"elementor elementor-3910 elementor-308\" data-elementor-post-type=\"page\">\n\t\t\t\t<div class=\"elementor-element elementor-element-e94453f e-flex e-con-boxed e-con e-parent\" data-id=\"e94453f\" data-element_type=\"container\" data-e-type=\"container\">\n\t\t\t\t\t<div class=\"e-con-inner\">\n\t\t\t\t<div class=\"elementor-element elementor-element-5d420c9 elementor-widget elementor-widget-heading\" data-id=\"5d420c9\" data-element_type=\"widget\" data-e-type=\"widget\" data-widget_type=\"heading.default\">\n\t\t\t\t<div class=\"elementor-widget-container\">\n\t\t\t\t\t<h2 class=\"elementor-heading-title elementor-size-default\">Impulsando conexiones<\/h2>\t\t\t\t<\/div>\n\t\t\t\t<\/div>\n\t\t\t\t\t<\/div>\n\t\t\t\t<\/div>\n\t\t<div class=\"elementor-element elementor-element-e1a2598 e-flex e-con-boxed e-con e-parent\" data-id=\"e1a2598\" data-element_type=\"container\" data-e-type=\"container\">\n\t\t\t\t\t<div class=\"e-con-inner\">\n\t\t<div class=\"elementor-element elementor-element-8393d2d e-con-full e-flex e-con e-child\" data-id=\"8393d2d\" data-element_type=\"container\" data-e-type=\"container\">\n\t\t<div class=\"elementor-element elementor-element-1e9dabe e-con-full e-flex e-con e-child\" data-id=\"1e9dabe\" data-element_type=\"container\" data-e-type=\"container\">\n\t\t\t\t<div class=\"elementor-element elementor-element-28b6d69 elementor-widget elementor-widget-heading\" data-id=\"28b6d69\" data-element_type=\"widget\" data-e-type=\"widget\" data-widget_type=\"heading.default\">\n\t\t\t\t<div class=\"elementor-widget-container\">\n\t\t\t\t\t<h2 class=\"elementor-heading-title elementor-size-default\">ESTADOS UNIDOS \u2013 Oficina Principal (HQ)<\/h2>\t\t\t\t<\/div>\n\t\t\t\t<\/div>\n\t\t\t\t<div class=\"elementor-element elementor-element-a545b37 elementor-widget elementor-widget-text-editor\" data-id=\"a545b37\" data-element_type=\"widget\" data-e-type=\"widget\" data-widget_type=\"text-editor.default\">\n\t\t\t\t<div class=\"elementor-widget-container\">\n\t\t\t\t\t\t\t\t\t<div class=\"contacts__address\">113 West G St #1011\u0431<br>San Diego, CA 92101, EE. UU.<\/div><p>info@centosoftware.com<br>tel: +1 (858) 878 0078<\/p>\t\t\t\t\t\t\t\t<\/div>\n\t\t\t\t<\/div>\n\t\t<div class=\"elementor-element elementor-element-3bc38f5 e-con-full e-flex e-con e-child\" data-id=\"3bc38f5\" data-element_type=\"container\" data-e-type=\"container\">\n\t\t\t\t<div class=\"elementor-element elementor-element-bd83afc elementor-widget elementor-widget-heading\" data-id=\"bd83afc\" data-element_type=\"widget\" data-e-type=\"widget\" data-widget_type=\"heading.default\">\n\t\t\t\t<div class=\"elementor-widget-container\">\n\t\t\t\t\t<h2 class=\"elementor-heading-title elementor-size-default\">LATINOAM\u00c9RICA<\/h2>\t\t\t\t<\/div>\n\t\t\t\t<\/div>\n\t\t\t\t<div class=\"elementor-element elementor-element-5a6929b elementor-widget elementor-widget-text-editor\" data-id=\"5a6929b\" data-element_type=\"widget\" data-e-type=\"widget\" data-widget_type=\"text-editor.default\">\n\t\t\t\t<div class=\"elementor-widget-container\">\n\t\t\t\t\t\t\t\t\t<div class=\"contacts__address\"><div class=\"contacts__address\"><strong>Sr.<em> Sergio Roitman<\/em><\/strong><br>Av. Corrientes 5341 1B, <br>1414 CABA, Argentina <\/div><p>sergio.roitman@centosoftware.com<br>tel: +54 (11) 3071 2911<\/p><p><em><b>Sr. Sergio Budkin<br><\/b><\/em>Lima, Peru<br>sergei.budkin@centosoftware.com<br>tel: +51 (98) 116 5460<\/p><\/div>\t\t\t\t\t\t\t\t<\/div>\n\t\t\t\t<\/div>\n\t\t<div class=\"elementor-element elementor-element-780a05e e-con-full e-flex e-con e-child\" data-id=\"780a05e\" data-element_type=\"container\" data-e-type=\"container\">\n\t\t\t\t<div class=\"elementor-element elementor-element-71a211b elementor-widget elementor-widget-heading\" data-id=\"71a211b\" data-element_type=\"widget\" data-e-type=\"widget\" data-widget_type=\"heading.default\">\n\t\t\t\t<div class=\"elementor-widget-container\">\n\t\t\t\t\t<h2 class=\"elementor-heading-title elementor-size-default\">EMEA (Europa, Medio Oriente y \u00c1frica)<\/h2>\t\t\t\t<\/div>\n\t\t\t\t<\/div>\n\t\t\t\t<div class=\"elementor-element elementor-element-2868dc4 elementor-widget elementor-widget-text-editor\" data-id=\"2868dc4\" data-element_type=\"widget\" data-e-type=\"widget\" data-widget_type=\"text-editor.default\">\n\t\t\t\t<div class=\"elementor-widget-container\">\n\t\t\t\t\t\t\t\t\t<div><div>Sr. Stas Bolobon<br>Calle Pintor Zuloaga 33, <\/div><div>11010 C\u00e1diz, Espa\u00f1a<\/div><p>stas.bolobon@centosoftware.com<br>tel: +34 711 26 32 72<\/p><\/div>\t\t\t\t\t\t\t\t<\/div>\n\t\t\t\t<\/div>\n\t\t<div class=\"elementor-element elementor-element-43495d2 e-con-full e-flex e-con e-child\" data-id=\"43495d2\" data-element_type=\"container\" data-e-type=\"container\">\n\t\t\t\t<div class=\"elementor-element elementor-element-0d41ee3 elementor-widget elementor-widget-heading\" data-id=\"0d41ee3\" data-element_type=\"widget\" data-e-type=\"widget\" data-widget_type=\"heading.default\">\n\t\t\t\t<div class=\"elementor-widget-container\">\n\t\t\t\t\t<h2 class=\"elementor-heading-title elementor-size-default\">ASIA CENTRAL<\/h2>\t\t\t\t<\/div>\n\t\t\t\t<\/div>\n\t\t\t\t<div class=\"elementor-element elementor-element-3e771a2 elementor-widget elementor-widget-text-editor\" data-id=\"3e771a2\" data-element_type=\"widget\" data-e-type=\"widget\" data-widget_type=\"text-editor.default\">\n\t\t\t\t<div class=\"elementor-widget-container\">\n\t\t\t\t\t\t\t\t\t<div class=\"contacts__address\"><div class=\"contacts__address\">Sr. Pavel Bogoluybov<br>Tashkent, Uzbekist\u00e1n<\/div><p>pavel.bogoluybov@centosoftware.com<br>tel: +998 (917) 71 69 26<\/p><\/div>\t\t\t\t\t\t\t\t<\/div>\n\t\t\t\t<\/div>\n\t\t\t\t<div class=\"elementor-element elementor-element-c19ec75 elementor-widget elementor-widget-text-editor\" data-id=\"c19ec75\" data-element_type=\"widget\" data-e-type=\"widget\" data-widget_type=\"text-editor.default\">\n\t\t\t\t<div class=\"elementor-widget-container\">\n\t\t\t\t\t\t\t\t\t<div><b><i>Ximavtomaika, LLC <\/i><\/b><\/div><div>Tashkent, Uzbekist\u00e1n<\/div><p>office@himavtomatika.uz<br><a href=\"http:\/\/himavtomatika.uz\">himavtomatika.uz<\/a><br>tel: +998 (78) 147 25 11<\/p>\t\t\t\t\t\t\t\t<\/div>\n\t\t\t\t<\/div>\n\t\t\t\t<div class=\"elementor-element elementor-element-1537fd3 elementor-widget elementor-widget-text-editor\" data-id=\"1537fd3\" data-element_type=\"widget\" data-e-type=\"widget\" data-widget_type=\"text-editor.default\">\n\t\t\t\t<div class=\"elementor-widget-container\">\n\t\t\t\t\t\t\t\t\t<div class=\"contacts__address\"><div class=\"contacts__address\"><strong><em>Silumin-Vostok<\/em><\/strong><\/div><div class=\"contacts__address\">\u00d6skemen, Kazajist\u00e1n<\/div><p>info@silumin.kz<br><a href=\"https:\/\/www.silumin.kz\/\">www.silumin.kz<\/a><br>tel: +7 (7232) 701 120<\/p><\/div>\t\t\t\t\t\t\t\t<\/div>\n\t\t\t\t<\/div>\n\t\t\t\t<div class=\"elementor-element elementor-element-6a178e4 elementor-widget elementor-widget-heading\" data-id=\"6a178e4\" data-element_type=\"widget\" data-e-type=\"widget\" data-widget_type=\"heading.default\">\n\t\t\t\t<div class=\"elementor-widget-container\">\n\t\t\t\t\t<h2 class=\"elementor-heading-title elementor-size-default\">REINO UNIDO<\/h2>\t\t\t\t<\/div>\n\t\t\t\t<\/div>\n\t\t\t\t<div class=\"elementor-element elementor-element-0343a4f elementor-widget elementor-widget-text-editor\" data-id=\"0343a4f\" data-element_type=\"widget\" data-e-type=\"widget\" data-widget_type=\"text-editor.default\">\n\t\t\t\t<div class=\"elementor-widget-container\">\n\t\t\t\t\t\t\t\t\t<div class=\"contacts__address\"><div class=\"contacts__address\"><strong><em>Hitec Instruments Limited<br><\/em><\/strong>Sr. Andrey Sokolik<br>Bulloch House, 10 Rumford Place,<\/div><div class=\"contacts__address\">Liverpool, L3 9DG, Reino Unido<\/div><p>a.sokolik@hitec-instruments.co.uk<br><a href=\"https:\/\/hitec-instruments.co.uk\/\">www.hitec-instruments.co.uk<\/a><br>tel: +44 (0) 151 909 2333<\/p><\/div>\t\t\t\t\t\t\t\t<\/div>\n\t\t\t\t<\/div>\n\t\t\t\t<div class=\"elementor-element elementor-element-12098a1 elementor-widget elementor-widget-heading\" data-id=\"12098a1\" data-element_type=\"widget\" data-e-type=\"widget\" data-widget_type=\"heading.default\">\n\t\t\t\t<div class=\"elementor-widget-container\">\n\t\t\t\t\t<h2 class=\"elementor-heading-title elementor-size-default\">SUD\u00c1FRICA<\/h2>\t\t\t\t<\/div>\n\t\t\t\t<\/div>\n\t\t\t\t<div class=\"elementor-element elementor-element-9700ebe elementor-widget elementor-widget-text-editor\" data-id=\"9700ebe\" data-element_type=\"widget\" data-e-type=\"widget\" data-widget_type=\"text-editor.default\">\n\t\t\t\t<div class=\"elementor-widget-container\">\n\t\t\t\t\t\t\t\t\t<p><strong>National Power Contractors Pty (Ltd)<\/strong><br>44 Carvalho Street, Meyerton, 1961, Sud\u00e1frica<br>timothy@natpower.co.za<br>dave@natpower.co.za<br><a href=\"https:\/\/natpower.co.za\/\">www.natpower.co.za<\/a> <br>tel: +2716 362 4659<\/p>\t\t\t\t\t\t\t\t<\/div>\n\t\t\t\t<\/div>\n\t\t\t\t<\/div>\n\t\t\t\t<\/div>\n\t\t\t\t<\/div>\n\t\t\t\t<\/div>\n\t\t\t\t<\/div>\n\t\t<div class=\"elementor-element elementor-element-fa05113 e-con-full elementor-hidden-tablet elementor-hidden-mobile e-flex e-con e-child\" data-id=\"fa05113\" data-element_type=\"container\" data-e-type=\"container\">\n\t\t\t\t<div class=\"elementor-element elementor-element-afd8771 elementor-widget elementor-widget-html\" data-id=\"afd8771\" data-element_type=\"widget\" data-e-type=\"widget\" data-widget_type=\"html.default\">\n\t\t\t\t<div class=\"elementor-widget-container\">\n\t\t\t\t\t<div style=\"position: relative; width: 100%; padding-top: 100%; overflow: hidden;\">\n  <iframe src=\"https:\/\/centosoftware.com\/wp-content\/uploads\/2025\/04\/globe.html\" style=\"        position: absolute;       top: 0;       left: 0;       width: 100%;       height: 100%;       border: 0;       overflow: hidden;      \" scrolling=\"no\" allowfullscreen=\"\" loading=\"lazy\">\n  <\/iframe>\n<\/div>\n\t\t\t\t<\/div>\n\t\t\t\t<\/div>\n\t\t\t\t<\/div>\n\t\t\t\t\t<\/div>\n\t\t\t\t<\/div>\n\t\t\t\t<\/div>\n\t\t","protected":false},"excerpt":{"rendered":"<p>Impulsando conexiones ESTADOS UNIDOS \u2013 Oficina Principal (HQ) 113 West G St #1011\u0431San Diego, CA 92101, EE. UU. info@centosoftware.comtel: +1 (858) 878 0078 LATINOAM\u00c9RICA Sr. Sergio RoitmanAv. Corrientes 5341 1B, 1414 CABA, Argentina sergio.roitman@centosoftware.comtel: +54 (11) 3071 2911 Sr. Sergio BudkinLima, Perusergei.budkin@centosoftware.comtel: +51 (98) 116 5460 EMEA (Europa, Medio Oriente y \u00c1frica) Sr. Stas BolobonCalle [&hellip;]<\/p>\n","protected":false},"author":1,"featured_media":0,"parent":0,"menu_order":0,"comment_status":"closed","ping_status":"closed","template":"elementor_header_footer","meta":{"_acf_changed":false,"footnotes":""},"class_list":["post-3910","page","type-page","status-publish","hentry"],"acf":[],"yoast_head":"<!-- This site is optimized with the Yoast SEO plugin v27.4 - https:\/\/yoast.com\/product\/yoast-seo-wordpress\/ -->\n<title>Contactos - CENTO Software<\/title>\n<meta name=\"description\" content=\"\u00bfEst\u00e1 buscando ponerse en contacto con CENTO? Encuentre aqu\u00ed nuestros datos de contacto para hablar con nuestro equipo sobre automatizaci\u00f3n industrial, monitoreo de energ\u00eda u oportunidades de colaboraci\u00f3n.\" \/>\n<meta name=\"robots\" content=\"index, follow, max-snippet:-1, max-image-preview:large, max-video-preview:-1\" \/>\n<link rel=\"canonical\" href=\"https:\/\/centosoftware.com\/es\/contactos\/\" \/>\n<meta property=\"og:locale\" content=\"es_ES\" \/>\n<meta property=\"og:type\" content=\"article\" \/>\n<meta property=\"og:title\" content=\"Contactos - CENTO Software\" \/>\n<meta property=\"og:description\" content=\"\u00bfEst\u00e1 buscando ponerse en contacto con CENTO? Encuentre aqu\u00ed nuestros datos de contacto para hablar con nuestro equipo sobre automatizaci\u00f3n industrial, monitoreo de energ\u00eda u oportunidades de colaboraci\u00f3n.\" \/>\n<meta property=\"og:url\" content=\"https:\/\/centosoftware.com\/es\/contactos\/\" \/>\n<meta property=\"og:site_name\" content=\"CENTO Software\" \/>\n<meta property=\"article:modified_time\" content=\"2026-03-06T00:56:24+00:00\" \/>\n<meta name=\"twitter:card\" content=\"summary_large_image\" \/>\n<meta name=\"twitter:label1\" content=\"Tiempo de lectura\" \/>\n\t<meta name=\"twitter:data1\" content=\"1 minuto\" \/>\n<script type=\"application\/ld+json\" class=\"yoast-schema-graph\">{\"@context\":\"https:\\\/\\\/schema.org\",\"@graph\":[{\"@type\":\"WebPage\",\"@id\":\"https:\\\/\\\/centosoftware.com\\\/es\\\/contactos\\\/\",\"url\":\"https:\\\/\\\/centosoftware.com\\\/es\\\/contactos\\\/\",\"name\":\"Contactos - CENTO Software\",\"isPartOf\":{\"@id\":\"https:\\\/\\\/centosoftware.com\\\/es\\\/#website\"},\"datePublished\":\"2025-04-08T19:03:39+00:00\",\"dateModified\":\"2026-03-06T00:56:24+00:00\",\"description\":\"\u00bfEst\u00e1 buscando ponerse en contacto con CENTO? Encuentre aqu\u00ed nuestros datos de contacto para hablar con nuestro equipo sobre automatizaci\u00f3n industrial, monitoreo de energ\u00eda u oportunidades de colaboraci\u00f3n.\",\"breadcrumb\":{\"@id\":\"https:\\\/\\\/centosoftware.com\\\/es\\\/contactos\\\/#breadcrumb\"},\"inLanguage\":\"es\",\"potentialAction\":[{\"@type\":\"ReadAction\",\"target\":[\"https:\\\/\\\/centosoftware.com\\\/es\\\/contactos\\\/\"]}]},{\"@type\":\"BreadcrumbList\",\"@id\":\"https:\\\/\\\/centosoftware.com\\\/es\\\/contactos\\\/#breadcrumb\",\"itemListElement\":[{\"@type\":\"ListItem\",\"position\":1,\"name\":\"Home\",\"item\":\"https:\\\/\\\/centosoftware.com\\\/es\\\/\"},{\"@type\":\"ListItem\",\"position\":2,\"name\":\"Contactos\"}]},{\"@type\":\"WebSite\",\"@id\":\"https:\\\/\\\/centosoftware.com\\\/es\\\/#website\",\"url\":\"https:\\\/\\\/centosoftware.com\\\/es\\\/\",\"name\":\"CENTO Software\",\"description\":\"Industrial intelligence on your side\",\"publisher\":{\"@id\":\"https:\\\/\\\/centosoftware.com\\\/es\\\/#organization\"},\"potentialAction\":[{\"@type\":\"SearchAction\",\"target\":{\"@type\":\"EntryPoint\",\"urlTemplate\":\"https:\\\/\\\/centosoftware.com\\\/es\\\/?s={search_term_string}\"},\"query-input\":{\"@type\":\"PropertyValueSpecification\",\"valueRequired\":true,\"valueName\":\"search_term_string\"}}],\"inLanguage\":\"es\"},{\"@type\":\"Organization\",\"@id\":\"https:\\\/\\\/centosoftware.com\\\/es\\\/#organization\",\"name\":\"CENTO Software\",\"url\":\"https:\\\/\\\/centosoftware.com\\\/es\\\/\",\"logo\":{\"@type\":\"ImageObject\",\"inLanguage\":\"es\",\"@id\":\"https:\\\/\\\/centosoftware.com\\\/es\\\/#\\\/schema\\\/logo\\\/image\\\/\",\"url\":\"https:\\\/\\\/centosoftware.com\\\/wp-content\\\/uploads\\\/2025\\\/04\\\/favicon-1.svg\",\"contentUrl\":\"https:\\\/\\\/centosoftware.com\\\/wp-content\\\/uploads\\\/2025\\\/04\\\/favicon-1.svg\",\"width\":257,\"height\":257,\"caption\":\"CENTO Software\"},\"image\":{\"@id\":\"https:\\\/\\\/centosoftware.com\\\/es\\\/#\\\/schema\\\/logo\\\/image\\\/\"}}]}<\/script>\n<!-- \/ Yoast SEO plugin. -->","yoast_head_json":{"title":"Contactos - CENTO Software","description":"\u00bfEst\u00e1 buscando ponerse en contacto con CENTO? Encuentre aqu\u00ed nuestros datos de contacto para hablar con nuestro equipo sobre automatizaci\u00f3n industrial, monitoreo de energ\u00eda u oportunidades de colaboraci\u00f3n.","robots":{"index":"index","follow":"follow","max-snippet":"max-snippet:-1","max-image-preview":"max-image-preview:large","max-video-preview":"max-video-preview:-1"},"canonical":"https:\/\/centosoftware.com\/es\/contactos\/","og_locale":"es_ES","og_type":"article","og_title":"Contactos - CENTO Software","og_description":"\u00bfEst\u00e1 buscando ponerse en contacto con CENTO? Encuentre aqu\u00ed nuestros datos de contacto para hablar con nuestro equipo sobre automatizaci\u00f3n industrial, monitoreo de energ\u00eda u oportunidades de colaboraci\u00f3n.","og_url":"https:\/\/centosoftware.com\/es\/contactos\/","og_site_name":"CENTO Software","article_modified_time":"2026-03-06T00:56:24+00:00","twitter_card":"summary_large_image","twitter_misc":{"Tiempo de lectura":"1 minuto"},"schema":{"@context":"https:\/\/schema.org","@graph":[{"@type":"WebPage","@id":"https:\/\/centosoftware.com\/es\/contactos\/","url":"https:\/\/centosoftware.com\/es\/contactos\/","name":"Contactos - CENTO Software","isPartOf":{"@id":"https:\/\/centosoftware.com\/es\/#website"},"datePublished":"2025-04-08T19:03:39+00:00","dateModified":"2026-03-06T00:56:24+00:00","description":"\u00bfEst\u00e1 buscando ponerse en contacto con CENTO? Encuentre aqu\u00ed nuestros datos de contacto para hablar con nuestro equipo sobre automatizaci\u00f3n industrial, monitoreo de energ\u00eda u oportunidades de colaboraci\u00f3n.","breadcrumb":{"@id":"https:\/\/centosoftware.com\/es\/contactos\/#breadcrumb"},"inLanguage":"es","potentialAction":[{"@type":"ReadAction","target":["https:\/\/centosoftware.com\/es\/contactos\/"]}]},{"@type":"BreadcrumbList","@id":"https:\/\/centosoftware.com\/es\/contactos\/#breadcrumb","itemListElement":[{"@type":"ListItem","position":1,"name":"Home","item":"https:\/\/centosoftware.com\/es\/"},{"@type":"ListItem","position":2,"name":"Contactos"}]},{"@type":"WebSite","@id":"https:\/\/centosoftware.com\/es\/#website","url":"https:\/\/centosoftware.com\/es\/","name":"CENTO Software","description":"Industrial intelligence on your side","publisher":{"@id":"https:\/\/centosoftware.com\/es\/#organization"},"potentialAction":[{"@type":"SearchAction","target":{"@type":"EntryPoint","urlTemplate":"https:\/\/centosoftware.com\/es\/?s={search_term_string}"},"query-input":{"@type":"PropertyValueSpecification","valueRequired":true,"valueName":"search_term_string"}}],"inLanguage":"es"},{"@type":"Organization","@id":"https:\/\/centosoftware.com\/es\/#organization","name":"CENTO Software","url":"https:\/\/centosoftware.com\/es\/","logo":{"@type":"ImageObject","inLanguage":"es","@id":"https:\/\/centosoftware.com\/es\/#\/schema\/logo\/image\/","url":"https:\/\/centosoftware.com\/wp-content\/uploads\/2025\/04\/favicon-1.svg","contentUrl":"https:\/\/centosoftware.com\/wp-content\/uploads\/2025\/04\/favicon-1.svg","width":257,"height":257,"caption":"CENTO Software"},"image":{"@id":"https:\/\/centosoftware.com\/es\/#\/schema\/logo\/image\/"}}]}},"_links":{"self":[{"href":"https:\/\/centosoftware.com\/es\/wp-json\/wp\/v2\/pages\/3910","targetHints":{"allow":["GET"]}}],"collection":[{"href":"https:\/\/centosoftware.com\/es\/wp-json\/wp\/v2\/pages"}],"about":[{"href":"https:\/\/centosoftware.com\/es\/wp-json\/wp\/v2\/types\/page"}],"author":[{"embeddable":true,"href":"https:\/\/centosoftware.com\/es\/wp-json\/wp\/v2\/users\/1"}],"replies":[{"embeddable":true,"href":"https:\/\/centosoftware.com\/es\/wp-json\/wp\/v2\/comments?post=3910"}],"version-history":[{"count":2,"href":"https:\/\/centosoftware.com\/es\/wp-json\/wp\/v2\/pages\/3910\/revisions"}],"predecessor-version":[{"id":3913,"href":"https:\/\/centosoftware.com\/es\/wp-json\/wp\/v2\/pages\/3910\/revisions\/3913"}],"wp:attachment":[{"href":"https:\/\/centosoftware.com\/es\/wp-json\/wp\/v2\/media?parent=3910"}],"curies":[{"name":"wp","href":"https:\/\/api.w.org\/{rel}","templated":true}]}}