{"id":3941,"date":"2025-10-10T13:29:07","date_gmt":"2025-10-10T13:29:07","guid":{"rendered":"https:\/\/centosoftware.com\/casos-de-exito\/eficiencia-energetica-y-optimizacion-de-potencia-reactiva-para-operaciones-de-mineria-a-cielo-abierto\/"},"modified":"2026-03-06T00:38:06","modified_gmt":"2026-03-06T00:38:06","slug":"eficiencia-energetica-y-optimizacion-de-potencia-reactiva-para-operaciones-de-mineria-a-cielo-abierto","status":"publish","type":"page","link":"https:\/\/centosoftware.com\/es\/casos-de-exito\/eficiencia-energetica-y-optimizacion-de-potencia-reactiva-para-operaciones-de-mineria-a-cielo-abierto\/","title":{"rendered":"Eficiencia energ\u00e9tica y optimizaci\u00f3n de potencia reactiva para operaciones de miner\u00eda a cielo abierto"},"content":{"rendered":"\t\t<div data-elementor-type=\"wp-page\" data-elementor-id=\"3941\" class=\"elementor elementor-3941 elementor-2306\" data-elementor-post-type=\"page\">\n\t\t\t\t<div class=\"elementor-element elementor-element-db7922e e-flex e-con-boxed e-con e-parent\" data-id=\"db7922e\" data-element_type=\"container\" data-e-type=\"container\">\n\t\t\t\t\t<div class=\"e-con-inner\">\n\t\t\t\t<div class=\"elementor-element elementor-element-83d9d6b elementor-hidden-tablet elementor-hidden-mobile elementor-widget elementor-widget-breadcrumbs\" data-id=\"83d9d6b\" data-element_type=\"widget\" data-e-type=\"widget\" data-widget_type=\"breadcrumbs.default\">\n\t\t\t\t<div class=\"elementor-widget-container\">\n\t\t\t\t\t<p id=\"breadcrumbs\"><span><span><a href=\"https:\/\/centosoftware.com\/es\/\">Home<\/a><\/span><\/span><\/p>\t\t\t\t<\/div>\n\t\t\t\t<\/div>\n\t\t\t\t\t<\/div>\n\t\t\t\t<\/div>\n\t\t<div class=\"elementor-element elementor-element-38af1494 e-flex e-con-boxed e-con e-child\" data-id=\"38af1494\" data-element_type=\"container\" data-e-type=\"container\">\n\t\t\t\t\t<div class=\"e-con-inner\">\n\t\t\t\t<div class=\"elementor-element elementor-element-18e5f03a elementor-widget-mobile__width-initial elementor-widget__width-initial elementor-widget elementor-widget-heading\" data-id=\"18e5f03a\" data-element_type=\"widget\" data-e-type=\"widget\" data-widget_type=\"heading.default\">\n\t\t\t\t<div class=\"elementor-widget-container\">\n\t\t\t\t\t<h1 class=\"elementor-heading-title elementor-size-default\">Eficiencia energ\u00e9tica y optimizaci\u00f3n de potencia reactiva para operaciones de miner\u00eda a cielo abierto<\/h1>\t\t\t\t<\/div>\n\t\t\t\t<\/div>\n\t\t\t\t<div class=\"elementor-element elementor-element-760a5147 elementor-widget-mobile__width-initial elementor-widget__width-initial elementor-widget elementor-widget-heading\" data-id=\"760a5147\" data-element_type=\"widget\" data-e-type=\"widget\" data-widget_type=\"heading.default\">\n\t\t\t\t<div class=\"elementor-widget-container\">\n\t\t\t\t\t<h2 class=\"elementor-heading-title elementor-size-default\">C\u00f3mo un importante productor de carb\u00f3n utiliz\u00f3 CENTO para reducir p\u00e9rdidas energ\u00e9ticas, estabilizar la tensi\u00f3n e implementar una estrategia digital de gesti\u00f3n el\u00e9ctrica en sus operaciones mineras<\/h2>\t\t\t\t<\/div>\n\t\t\t\t<\/div>\n\t\t\t\t<div class=\"elementor-element elementor-element-4a495ba elementor-hidden-mobile elementor-widget elementor-widget-global elementor-global-4918 elementor-global-2257 elementor-widget-button\" data-id=\"4a495ba\" data-element_type=\"widget\" data-e-type=\"widget\" data-widget_type=\"button.default\">\n\t\t\t\t<div class=\"elementor-widget-container\">\n\t\t\t\t\t\t\t\t\t<div class=\"elementor-button-wrapper\">\n\t\t\t\t\t<a class=\"elementor-button elementor-button-link elementor-size-sm\" href=\"#elementor-action%3Aaction%3Dpopup%3Aopen%26settings%3DeyJpZCI6NDkyNiwidG9nZ2xlIjpmYWxzZX0%3D\">\n\t\t\t\t\t\t<span class=\"elementor-button-content-wrapper\">\n\t\t\t\t\t\t\t\t\t<span class=\"elementor-button-text\">Abrir demo<\/span>\n\t\t\t\t\t<\/span>\n\t\t\t\t\t<\/a>\n\t\t\t\t<\/div>\n\t\t\t\t\t\t\t\t<\/div>\n\t\t\t\t<\/div>\n\t\t\t\t\t<\/div>\n\t\t\t\t<\/div>\n\t\t<div class=\"elementor-element elementor-element-44c7c539 e-flex e-con-boxed e-con e-parent\" data-id=\"44c7c539\" data-element_type=\"container\" data-e-type=\"container\">\n\t\t\t\t\t<div class=\"e-con-inner\">\n\t\t\t\t<div class=\"elementor-element elementor-element-96fe8e4 elementor-widget__width-initial elementor-widget elementor-widget-text-editor\" data-id=\"96fe8e4\" data-element_type=\"widget\" data-e-type=\"widget\" data-widget_type=\"text-editor.default\">\n\t\t\t\t<div class=\"elementor-widget-container\">\n\t\t\t\t\t\t\t\t\t<p data-start=\"266\" data-end=\"684\">La miner\u00eda a cielo abierto depende de grandes cargas el\u00e9ctricas que operan en condiciones exigentes y con demanda fluctuante. Las ca\u00eddas de tensi\u00f3n, factores de potencia inestables y picos de potencia reactiva pueden incrementar p\u00e9rdidas y poner en riesgo equipos cr\u00edticos. Para mantener operaciones estables, las empresas aplican optimizaci\u00f3n de potencia reactiva en miner\u00eda a cielo abierto con el fin de mantener un entorno el\u00e9ctrico balanceado en toda la operaci\u00f3n. Con monitoreo continuo, anal\u00edtica en tiempo real y control inteligente del factor de potencia y sistemas de compensaci\u00f3n, los operadores mineros reducen desperdicios, previenen sobrecargas y garantizan un desempe\u00f1o confiable de todos los equipos de alta demanda.   <\/p>\t\t\t\t\t\t\t\t<\/div>\n\t\t\t\t<\/div>\n\t\t\t\t<div class=\"elementor-element elementor-element-96b4b66 elementor-widget__width-initial elementor-widget elementor-widget-text-editor\" data-id=\"96b4b66\" data-element_type=\"widget\" data-e-type=\"widget\" data-widget_type=\"text-editor.default\">\n\t\t\t\t<div class=\"elementor-widget-container\">\n\t\t\t\t\t\t\t\t\t<p data-start=\"266\" data-end=\"684\">Un l\u00edder global en la producci\u00f3n y exportaci\u00f3n de antracita de alta calidad enfrentaba crecientes demandas energ\u00e9ticas a medida que aumentaba la producci\u00f3n minera. El consumo el\u00e9ctrico de la operaci\u00f3n es altamente m\u00f3vil, con excavadoras el\u00e9ctricas que representan hasta el 80% del uso total. La operaci\u00f3n continua de estas excavadoras es cr\u00edtica para mantener el flujo de producci\u00f3n, generando una fuerte exigencia sobre la infraestructura el\u00e9ctrica del sitio.  <\/p>\t\t\t\t\t\t\t\t<\/div>\n\t\t\t\t<\/div>\n\t\t\t\t<div class=\"elementor-element elementor-element-4e9817a elementor-widget__width-initial elementor-widget elementor-widget-image\" data-id=\"4e9817a\" data-element_type=\"widget\" data-e-type=\"widget\" data-widget_type=\"image.default\">\n\t\t\t\t<div class=\"elementor-widget-container\">\n\t\t\t\t\t\t\t\t\t\t\t\t\t\t\t<img fetchpriority=\"high\" decoding=\"async\" width=\"800\" height=\"417\" src=\"https:\/\/centosoftware.com\/wp-content\/uploads\/2025\/12\/open-pit-mining.webp\" class=\"attachment-large size-large wp-image-3667\" alt=\"\" srcset=\"https:\/\/centosoftware.com\/wp-content\/uploads\/2025\/12\/open-pit-mining.webp 940w, https:\/\/centosoftware.com\/wp-content\/uploads\/2025\/12\/open-pit-mining-300x156.webp 300w, https:\/\/centosoftware.com\/wp-content\/uploads\/2025\/12\/open-pit-mining-768x400.webp 768w\" sizes=\"(max-width: 800px) 100vw, 800px\" \/>\t\t\t\t\t\t\t\t\t\t\t\t\t\t\t<\/div>\n\t\t\t\t<\/div>\n\t\t\t\t<div class=\"elementor-element elementor-element-377ff8d elementor-widget elementor-widget-heading\" data-id=\"377ff8d\" data-element_type=\"widget\" data-e-type=\"widget\" data-widget_type=\"heading.default\">\n\t\t\t\t<div class=\"elementor-widget-container\">\n\t\t\t\t\t<h4 class=\"elementor-heading-title elementor-size-default\">Desaf\u00edos del negocio<\/h4>\t\t\t\t<\/div>\n\t\t\t\t<\/div>\n\t\t\t\t<div class=\"elementor-element elementor-element-d7f3843 elementor-widget__width-initial elementor-widget elementor-widget-text-editor\" data-id=\"d7f3843\" data-element_type=\"widget\" data-e-type=\"widget\" data-widget_type=\"text-editor.default\">\n\t\t\t\t<div class=\"elementor-widget-container\">\n\t\t\t\t\t\t\t\t\t<p>La empresa minera enfrentaba ca\u00eddas de tensi\u00f3n que provocaban que los variadores operaran por debajo de su desempe\u00f1o nominal. Las p\u00e9rdidas en la red alcanzaban hasta el 15%, y un alto nivel de energ\u00eda reactiva reduc\u00eda a\u00fan m\u00e1s la eficiencia global del sistema. Estos problemas generaban inestabilidad en la calidad de energ\u00eda, riesgo potencial de paradas no planificadas y mayores costos operativos.  <\/p>\t\t\t\t\t\t\t\t<\/div>\n\t\t\t\t<\/div>\n\t\t\t\t<div class=\"elementor-element elementor-element-c21cd43 elementor-widget elementor-widget-heading\" data-id=\"c21cd43\" data-element_type=\"widget\" data-e-type=\"widget\" data-widget_type=\"heading.default\">\n\t\t\t\t<div class=\"elementor-widget-container\">\n\t\t\t\t\t<h4 class=\"elementor-heading-title elementor-size-default\">Soluci\u00f3n<\/h4>\t\t\t\t<\/div>\n\t\t\t\t<\/div>\n\t\t\t\t<div class=\"elementor-element elementor-element-7f3789c elementor-widget__width-initial elementor-widget elementor-widget-text-editor\" data-id=\"7f3789c\" data-element_type=\"widget\" data-e-type=\"widget\" data-widget_type=\"text-editor.default\">\n\t\t\t\t<div class=\"elementor-widget-container\">\n\t\t\t\t\t\t\t\t\t<p>Al implementar CENTO como parte de un concepto de \u201cgesti\u00f3n el\u00e9ctrica digital\u201d, la empresa construy\u00f3 un sistema unificado de monitoreo y control para la energ\u00eda el\u00e9ctrica y el consumo t\u00e9cnico de agua. Mediante an\u00e1lisis basados en datos y emparejamiento de cargas, la operaci\u00f3n logr\u00f3: <\/p>\t\t\t\t\t\t\t\t<\/div>\n\t\t\t\t<\/div>\n\t\t\t\t<div class=\"elementor-element elementor-element-3cda83b elementor-widget__width-initial elementor-widget elementor-widget-text-editor\" data-id=\"3cda83b\" data-element_type=\"widget\" data-e-type=\"widget\" data-widget_type=\"text-editor.default\">\n\t\t\t\t<div class=\"elementor-widget-container\">\n\t\t\t\t\t\t\t\t\t<ul><li data-start=\"1316\" data-end=\"1478\"><strong data-start=\"1316\" data-end=\"1348\">Compensaci\u00f3n de potencia reactiva: <\/strong>combinaci\u00f3n de excavadoras con cargas capacitivas e inductivas, respaldada por datos anuales precisos para dimensionar correctamente los equipos de compensaci\u00f3n.<\/li><li data-start=\"1481\" data-end=\"1544\"><strong data-start=\"1481\" data-end=\"1513\">Reducci\u00f3n de p\u00e9rdidas en transmisi\u00f3n: <\/strong>de 2 MW a 500\u2013600 kW.<\/li><li data-start=\"1547\" data-end=\"1673\"><strong data-start=\"1547\" data-end=\"1569\">Estabilidad de tensi\u00f3n: <\/strong>eliminaci\u00f3n de picos y ca\u00eddas que anteriormente alcanzaban hasta 1 kV y afectaban toda la red el\u00e9ctrica del sitio.<\/li><li data-start=\"1676\" data-end=\"1798\"><strong data-start=\"1676\" data-end=\"1708\">Distribuci\u00f3n de energ\u00eda balanceada: <\/strong>correcci\u00f3n de desajustes en las tomas de los transformadores que provocaban sobrecargas de 100 A en distintos sectores.<\/li><li data-start=\"1801\" data-end=\"1919\"><strong data-start=\"1801\" data-end=\"1822\">Eficiencia h\u00eddrica: <\/strong>mejora en la medici\u00f3n y control que redujo en m\u00e1s del 60% los costos asociados a descargas hacia r\u00edos locales.<\/li><\/ul>\t\t\t\t\t\t\t\t<\/div>\n\t\t\t\t<\/div>\n\t\t\t\t<div class=\"elementor-element elementor-element-376c3ba elementor-widget elementor-widget-heading\" data-id=\"376c3ba\" data-element_type=\"widget\" data-e-type=\"widget\" data-widget_type=\"heading.default\">\n\t\t\t\t<div class=\"elementor-widget-container\">\n\t\t\t\t\t<h4 class=\"elementor-heading-title elementor-size-default\">Resultados y siguientes pasos<\/h4>\t\t\t\t<\/div>\n\t\t\t\t<\/div>\n\t\t\t\t<div class=\"elementor-element elementor-element-845ee12 elementor-widget__width-initial elementor-widget elementor-widget-text-editor\" data-id=\"845ee12\" data-element_type=\"widget\" data-e-type=\"widget\" data-widget_type=\"text-editor.default\">\n\t\t\t\t<div class=\"elementor-widget-container\">\n\t\t\t\t\t\t\t\t\t<p data-start=\"2260\" data-end=\"2619\">Al integrar contabilidad energ\u00e9tica, anal\u00edtica y optimizaci\u00f3n dentro de un \u00fanico entorno digital, la empresa minera cre\u00f3 una base estable, transparente y eficiente para el uso sostenible de la energ\u00eda en todas sus operaciones.<\/p>\t\t\t\t\t\t\t\t<\/div>\n\t\t\t\t<\/div>\n\t\t\t\t\t<\/div>\n\t\t\t\t<\/div>\n\t\t\t\t<\/div>\n\t\t","protected":false},"excerpt":{"rendered":"<p>Eficiencia energ\u00e9tica y optimizaci\u00f3n de potencia reactiva para operaciones de miner\u00eda a cielo abierto C\u00f3mo un importante productor de carb\u00f3n utiliz\u00f3 CENTO para reducir p\u00e9rdidas energ\u00e9ticas, estabilizar la tensi\u00f3n e implementar una estrategia digital de gesti\u00f3n el\u00e9ctrica en sus operaciones mineras Launch demo La miner\u00eda a cielo abierto depende de grandes cargas el\u00e9ctricas que operan [&hellip;]<\/p>\n","protected":false},"author":1,"featured_media":0,"parent":3737,"menu_order":0,"comment_status":"closed","ping_status":"closed","template":"elementor_header_footer","meta":{"_acf_changed":false,"footnotes":""},"class_list":["post-3941","page","type-page","status-publish","hentry"],"acf":[],"yoast_head":"<!-- This site is optimized with the Yoast SEO plugin v27.4 - https:\/\/yoast.com\/product\/yoast-seo-wordpress\/ -->\n<title>Optimizaci\u00f3n de potencia reactiva para miner\u00eda a cielo abierto<\/title>\n<meta name=\"description\" content=\"Descubra c\u00f3mo la optimizaci\u00f3n de potencia reactiva en miner\u00eda a cielo abierto reduce p\u00e9rdidas energ\u00e9ticas, estabiliza equipos y mejora la eficiencia general.\" \/>\n<meta name=\"robots\" content=\"index, follow, max-snippet:-1, max-image-preview:large, max-video-preview:-1\" \/>\n<link rel=\"canonical\" href=\"https:\/\/centosoftware.com\/es\/casos-de-exito\/eficiencia-energetica-y-optimizacion-de-potencia-reactiva-para-operaciones-de-mineria-a-cielo-abierto\/\" \/>\n<meta property=\"og:locale\" content=\"es_ES\" \/>\n<meta property=\"og:type\" content=\"article\" \/>\n<meta property=\"og:title\" content=\"Optimizaci\u00f3n de potencia reactiva para miner\u00eda a cielo abierto\" \/>\n<meta property=\"og:description\" content=\"Descubra c\u00f3mo la optimizaci\u00f3n de potencia reactiva en miner\u00eda a cielo abierto reduce p\u00e9rdidas energ\u00e9ticas, estabiliza equipos y mejora la eficiencia general mediante monitoreo y anal\u00edtica en tiempo real con CENTO.\" \/>\n<meta property=\"og:url\" content=\"https:\/\/centosoftware.com\/es\/casos-de-exito\/eficiencia-energetica-y-optimizacion-de-potencia-reactiva-para-operaciones-de-mineria-a-cielo-abierto\/\" \/>\n<meta property=\"og:site_name\" content=\"CENTO Software\" \/>\n<meta property=\"article:modified_time\" content=\"2026-03-06T00:38:06+00:00\" \/>\n<meta property=\"og:image\" content=\"https:\/\/centosoftware.com\/wp-content\/uploads\/2025\/12\/open-pit-mining.webp\" \/>\n<meta name=\"twitter:card\" content=\"summary_large_image\" \/>\n<meta name=\"twitter:label1\" content=\"Tiempo de lectura\" \/>\n\t<meta name=\"twitter:data1\" content=\"3 minutos\" \/>\n<script type=\"application\/ld+json\" class=\"yoast-schema-graph\">{\"@context\":\"https:\\\/\\\/schema.org\",\"@graph\":[{\"@type\":\"WebPage\",\"@id\":\"https:\\\/\\\/centosoftware.com\\\/es\\\/casos-de-exito\\\/eficiencia-energetica-y-optimizacion-de-potencia-reactiva-para-operaciones-de-mineria-a-cielo-abierto\\\/\",\"url\":\"https:\\\/\\\/centosoftware.com\\\/es\\\/casos-de-exito\\\/eficiencia-energetica-y-optimizacion-de-potencia-reactiva-para-operaciones-de-mineria-a-cielo-abierto\\\/\",\"name\":\"Optimizaci\u00f3n de potencia reactiva para miner\u00eda a cielo abierto\",\"isPartOf\":{\"@id\":\"https:\\\/\\\/centosoftware.com\\\/es\\\/#website\"},\"primaryImageOfPage\":{\"@id\":\"https:\\\/\\\/centosoftware.com\\\/es\\\/casos-de-exito\\\/eficiencia-energetica-y-optimizacion-de-potencia-reactiva-para-operaciones-de-mineria-a-cielo-abierto\\\/#primaryimage\"},\"image\":{\"@id\":\"https:\\\/\\\/centosoftware.com\\\/es\\\/casos-de-exito\\\/eficiencia-energetica-y-optimizacion-de-potencia-reactiva-para-operaciones-de-mineria-a-cielo-abierto\\\/#primaryimage\"},\"thumbnailUrl\":\"https:\\\/\\\/centosoftware.com\\\/wp-content\\\/uploads\\\/2025\\\/12\\\/open-pit-mining.webp\",\"datePublished\":\"2025-10-10T13:29:07+00:00\",\"dateModified\":\"2026-03-06T00:38:06+00:00\",\"description\":\"Descubra c\u00f3mo la optimizaci\u00f3n de potencia reactiva en miner\u00eda a cielo abierto reduce p\u00e9rdidas energ\u00e9ticas, estabiliza equipos y mejora la eficiencia general.\",\"breadcrumb\":{\"@id\":\"https:\\\/\\\/centosoftware.com\\\/es\\\/casos-de-exito\\\/eficiencia-energetica-y-optimizacion-de-potencia-reactiva-para-operaciones-de-mineria-a-cielo-abierto\\\/#breadcrumb\"},\"inLanguage\":\"es\",\"potentialAction\":[{\"@type\":\"ReadAction\",\"target\":[\"https:\\\/\\\/centosoftware.com\\\/es\\\/casos-de-exito\\\/eficiencia-energetica-y-optimizacion-de-potencia-reactiva-para-operaciones-de-mineria-a-cielo-abierto\\\/\"]}]},{\"@type\":\"ImageObject\",\"inLanguage\":\"es\",\"@id\":\"https:\\\/\\\/centosoftware.com\\\/es\\\/casos-de-exito\\\/eficiencia-energetica-y-optimizacion-de-potencia-reactiva-para-operaciones-de-mineria-a-cielo-abierto\\\/#primaryimage\",\"url\":\"https:\\\/\\\/centosoftware.com\\\/wp-content\\\/uploads\\\/2025\\\/12\\\/open-pit-mining.webp\",\"contentUrl\":\"https:\\\/\\\/centosoftware.com\\\/wp-content\\\/uploads\\\/2025\\\/12\\\/open-pit-mining.webp\"},{\"@type\":\"BreadcrumbList\",\"@id\":\"https:\\\/\\\/centosoftware.com\\\/es\\\/casos-de-exito\\\/eficiencia-energetica-y-optimizacion-de-potencia-reactiva-para-operaciones-de-mineria-a-cielo-abierto\\\/#breadcrumb\",\"itemListElement\":[{\"@type\":\"ListItem\",\"position\":1,\"name\":\"Home\",\"item\":\"https:\\\/\\\/centosoftware.com\\\/es\\\/\"},{\"@type\":\"ListItem\",\"position\":2,\"name\":\"Casos de \u00e9xito\",\"item\":\"https:\\\/\\\/centosoftware.com\\\/es\\\/casos-de-exito\\\/\"},{\"@type\":\"ListItem\",\"position\":3,\"name\":\"Eficiencia energ\u00e9tica y optimizaci\u00f3n de potencia reactiva para operaciones de miner\u00eda a cielo abierto\"}]},{\"@type\":\"WebSite\",\"@id\":\"https:\\\/\\\/centosoftware.com\\\/es\\\/#website\",\"url\":\"https:\\\/\\\/centosoftware.com\\\/es\\\/\",\"name\":\"CENTO Software\",\"description\":\"Industrial intelligence on your side\",\"publisher\":{\"@id\":\"https:\\\/\\\/centosoftware.com\\\/es\\\/#organization\"},\"potentialAction\":[{\"@type\":\"SearchAction\",\"target\":{\"@type\":\"EntryPoint\",\"urlTemplate\":\"https:\\\/\\\/centosoftware.com\\\/es\\\/?s={search_term_string}\"},\"query-input\":{\"@type\":\"PropertyValueSpecification\",\"valueRequired\":true,\"valueName\":\"search_term_string\"}}],\"inLanguage\":\"es\"},{\"@type\":\"Organization\",\"@id\":\"https:\\\/\\\/centosoftware.com\\\/es\\\/#organization\",\"name\":\"CENTO Software\",\"url\":\"https:\\\/\\\/centosoftware.com\\\/es\\\/\",\"logo\":{\"@type\":\"ImageObject\",\"inLanguage\":\"es\",\"@id\":\"https:\\\/\\\/centosoftware.com\\\/es\\\/#\\\/schema\\\/logo\\\/image\\\/\",\"url\":\"https:\\\/\\\/centosoftware.com\\\/wp-content\\\/uploads\\\/2025\\\/04\\\/favicon-1.svg\",\"contentUrl\":\"https:\\\/\\\/centosoftware.com\\\/wp-content\\\/uploads\\\/2025\\\/04\\\/favicon-1.svg\",\"width\":257,\"height\":257,\"caption\":\"CENTO Software\"},\"image\":{\"@id\":\"https:\\\/\\\/centosoftware.com\\\/es\\\/#\\\/schema\\\/logo\\\/image\\\/\"}}]}<\/script>\n<!-- \/ Yoast SEO plugin. -->","yoast_head_json":{"title":"Optimizaci\u00f3n de potencia reactiva para miner\u00eda a cielo abierto","description":"Descubra c\u00f3mo la optimizaci\u00f3n de potencia reactiva en miner\u00eda a cielo abierto reduce p\u00e9rdidas energ\u00e9ticas, estabiliza equipos y mejora la eficiencia general.","robots":{"index":"index","follow":"follow","max-snippet":"max-snippet:-1","max-image-preview":"max-image-preview:large","max-video-preview":"max-video-preview:-1"},"canonical":"https:\/\/centosoftware.com\/es\/casos-de-exito\/eficiencia-energetica-y-optimizacion-de-potencia-reactiva-para-operaciones-de-mineria-a-cielo-abierto\/","og_locale":"es_ES","og_type":"article","og_title":"Optimizaci\u00f3n de potencia reactiva para miner\u00eda a cielo abierto","og_description":"Descubra c\u00f3mo la optimizaci\u00f3n de potencia reactiva en miner\u00eda a cielo abierto reduce p\u00e9rdidas energ\u00e9ticas, estabiliza equipos y mejora la eficiencia general mediante monitoreo y anal\u00edtica en tiempo real con CENTO.","og_url":"https:\/\/centosoftware.com\/es\/casos-de-exito\/eficiencia-energetica-y-optimizacion-de-potencia-reactiva-para-operaciones-de-mineria-a-cielo-abierto\/","og_site_name":"CENTO Software","article_modified_time":"2026-03-06T00:38:06+00:00","og_image":[{"url":"https:\/\/centosoftware.com\/wp-content\/uploads\/2025\/12\/open-pit-mining.webp","type":"","width":"","height":""}],"twitter_card":"summary_large_image","twitter_misc":{"Tiempo de lectura":"3 minutos"},"schema":{"@context":"https:\/\/schema.org","@graph":[{"@type":"WebPage","@id":"https:\/\/centosoftware.com\/es\/casos-de-exito\/eficiencia-energetica-y-optimizacion-de-potencia-reactiva-para-operaciones-de-mineria-a-cielo-abierto\/","url":"https:\/\/centosoftware.com\/es\/casos-de-exito\/eficiencia-energetica-y-optimizacion-de-potencia-reactiva-para-operaciones-de-mineria-a-cielo-abierto\/","name":"Optimizaci\u00f3n de potencia reactiva para miner\u00eda a cielo abierto","isPartOf":{"@id":"https:\/\/centosoftware.com\/es\/#website"},"primaryImageOfPage":{"@id":"https:\/\/centosoftware.com\/es\/casos-de-exito\/eficiencia-energetica-y-optimizacion-de-potencia-reactiva-para-operaciones-de-mineria-a-cielo-abierto\/#primaryimage"},"image":{"@id":"https:\/\/centosoftware.com\/es\/casos-de-exito\/eficiencia-energetica-y-optimizacion-de-potencia-reactiva-para-operaciones-de-mineria-a-cielo-abierto\/#primaryimage"},"thumbnailUrl":"https:\/\/centosoftware.com\/wp-content\/uploads\/2025\/12\/open-pit-mining.webp","datePublished":"2025-10-10T13:29:07+00:00","dateModified":"2026-03-06T00:38:06+00:00","description":"Descubra c\u00f3mo la optimizaci\u00f3n de potencia reactiva en miner\u00eda a cielo abierto reduce p\u00e9rdidas energ\u00e9ticas, estabiliza equipos y mejora la eficiencia general.","breadcrumb":{"@id":"https:\/\/centosoftware.com\/es\/casos-de-exito\/eficiencia-energetica-y-optimizacion-de-potencia-reactiva-para-operaciones-de-mineria-a-cielo-abierto\/#breadcrumb"},"inLanguage":"es","potentialAction":[{"@type":"ReadAction","target":["https:\/\/centosoftware.com\/es\/casos-de-exito\/eficiencia-energetica-y-optimizacion-de-potencia-reactiva-para-operaciones-de-mineria-a-cielo-abierto\/"]}]},{"@type":"ImageObject","inLanguage":"es","@id":"https:\/\/centosoftware.com\/es\/casos-de-exito\/eficiencia-energetica-y-optimizacion-de-potencia-reactiva-para-operaciones-de-mineria-a-cielo-abierto\/#primaryimage","url":"https:\/\/centosoftware.com\/wp-content\/uploads\/2025\/12\/open-pit-mining.webp","contentUrl":"https:\/\/centosoftware.com\/wp-content\/uploads\/2025\/12\/open-pit-mining.webp"},{"@type":"BreadcrumbList","@id":"https:\/\/centosoftware.com\/es\/casos-de-exito\/eficiencia-energetica-y-optimizacion-de-potencia-reactiva-para-operaciones-de-mineria-a-cielo-abierto\/#breadcrumb","itemListElement":[{"@type":"ListItem","position":1,"name":"Home","item":"https:\/\/centosoftware.com\/es\/"},{"@type":"ListItem","position":2,"name":"Casos de \u00e9xito","item":"https:\/\/centosoftware.com\/es\/casos-de-exito\/"},{"@type":"ListItem","position":3,"name":"Eficiencia energ\u00e9tica y optimizaci\u00f3n de potencia reactiva para operaciones de miner\u00eda a cielo abierto"}]},{"@type":"WebSite","@id":"https:\/\/centosoftware.com\/es\/#website","url":"https:\/\/centosoftware.com\/es\/","name":"CENTO Software","description":"Industrial intelligence on your side","publisher":{"@id":"https:\/\/centosoftware.com\/es\/#organization"},"potentialAction":[{"@type":"SearchAction","target":{"@type":"EntryPoint","urlTemplate":"https:\/\/centosoftware.com\/es\/?s={search_term_string}"},"query-input":{"@type":"PropertyValueSpecification","valueRequired":true,"valueName":"search_term_string"}}],"inLanguage":"es"},{"@type":"Organization","@id":"https:\/\/centosoftware.com\/es\/#organization","name":"CENTO Software","url":"https:\/\/centosoftware.com\/es\/","logo":{"@type":"ImageObject","inLanguage":"es","@id":"https:\/\/centosoftware.com\/es\/#\/schema\/logo\/image\/","url":"https:\/\/centosoftware.com\/wp-content\/uploads\/2025\/04\/favicon-1.svg","contentUrl":"https:\/\/centosoftware.com\/wp-content\/uploads\/2025\/04\/favicon-1.svg","width":257,"height":257,"caption":"CENTO Software"},"image":{"@id":"https:\/\/centosoftware.com\/es\/#\/schema\/logo\/image\/"}}]}},"_links":{"self":[{"href":"https:\/\/centosoftware.com\/es\/wp-json\/wp\/v2\/pages\/3941","targetHints":{"allow":["GET"]}}],"collection":[{"href":"https:\/\/centosoftware.com\/es\/wp-json\/wp\/v2\/pages"}],"about":[{"href":"https:\/\/centosoftware.com\/es\/wp-json\/wp\/v2\/types\/page"}],"author":[{"embeddable":true,"href":"https:\/\/centosoftware.com\/es\/wp-json\/wp\/v2\/users\/1"}],"replies":[{"embeddable":true,"href":"https:\/\/centosoftware.com\/es\/wp-json\/wp\/v2\/comments?post=3941"}],"version-history":[{"count":4,"href":"https:\/\/centosoftware.com\/es\/wp-json\/wp\/v2\/pages\/3941\/revisions"}],"predecessor-version":[{"id":4349,"href":"https:\/\/centosoftware.com\/es\/wp-json\/wp\/v2\/pages\/3941\/revisions\/4349"}],"up":[{"embeddable":true,"href":"https:\/\/centosoftware.com\/es\/wp-json\/wp\/v2\/pages\/3737"}],"wp:attachment":[{"href":"https:\/\/centosoftware.com\/es\/wp-json\/wp\/v2\/media?parent=3941"}],"curies":[{"name":"wp","href":"https:\/\/api.w.org\/{rel}","templated":true}]}}