{"id":4028,"date":"2025-10-31T12:16:29","date_gmt":"2025-10-31T12:16:29","guid":{"rendered":"https:\/\/centosoftware.com\/producto\/registros-de-eventos\/"},"modified":"2026-03-06T01:17:22","modified_gmt":"2026-03-06T01:17:22","slug":"registros-de-eventos","status":"publish","type":"page","link":"https:\/\/centosoftware.com\/es\/producto\/registros-de-eventos\/","title":{"rendered":"Registros de eventos"},"content":{"rendered":"\t\t<div data-elementor-type=\"wp-page\" data-elementor-id=\"4028\" class=\"elementor elementor-4028 elementor-2800\" data-elementor-post-type=\"page\">\n\t\t\t\t<div class=\"elementor-element elementor-element-e71dee0 e-flex e-con-boxed e-con e-parent\" data-id=\"e71dee0\" data-element_type=\"container\" data-e-type=\"container\">\n\t\t\t\t\t<div class=\"e-con-inner\">\n\t\t\t\t<div class=\"elementor-element elementor-element-e3323df elementor-hidden-tablet elementor-hidden-mobile elementor-widget elementor-widget-breadcrumbs\" data-id=\"e3323df\" data-element_type=\"widget\" data-e-type=\"widget\" data-widget_type=\"breadcrumbs.default\">\n\t\t\t\t<div class=\"elementor-widget-container\">\n\t\t\t\t\t<p id=\"breadcrumbs\"><span><span><a href=\"https:\/\/centosoftware.com\/es\/\">Home<\/a><\/span><\/span><\/p>\t\t\t\t<\/div>\n\t\t\t\t<\/div>\n\t\t\t\t\t<\/div>\n\t\t\t\t<\/div>\n\t\t<div class=\"elementor-element elementor-element-38af1494 e-flex e-con-boxed e-con e-child\" data-id=\"38af1494\" data-element_type=\"container\" data-e-type=\"container\">\n\t\t\t\t\t<div class=\"e-con-inner\">\n\t\t\t\t<div class=\"elementor-element elementor-element-18e5f03a elementor-widget-mobile__width-initial elementor-widget__width-initial elementor-widget elementor-widget-heading\" data-id=\"18e5f03a\" data-element_type=\"widget\" data-e-type=\"widget\" data-widget_type=\"heading.default\">\n\t\t\t\t<div class=\"elementor-widget-container\">\n\t\t\t\t\t<h1 class=\"elementor-heading-title elementor-size-default\">Registros de eventos<\/h1>\t\t\t\t<\/div>\n\t\t\t\t<\/div>\n\t\t\t\t<div class=\"elementor-element elementor-element-760a5147 elementor-widget-mobile__width-initial elementor-widget__width-initial elementor-widget elementor-widget-heading\" data-id=\"760a5147\" data-element_type=\"widget\" data-e-type=\"widget\" data-widget_type=\"heading.default\">\n\t\t\t\t<div class=\"elementor-widget-container\">\n\t\t\t\t\t<h2 class=\"elementor-heading-title elementor-size-default\">Seguimiento de eventos y transparencia operativa<br>en toda la empresa<\/h2>\t\t\t\t<\/div>\n\t\t\t\t<\/div>\n\t\t\t\t<div class=\"elementor-element elementor-element-4a495ba elementor-hidden-mobile elementor-widget elementor-widget-global elementor-global-4918 elementor-global-2257 elementor-widget-button\" data-id=\"4a495ba\" data-element_type=\"widget\" data-e-type=\"widget\" data-widget_type=\"button.default\">\n\t\t\t\t<div class=\"elementor-widget-container\">\n\t\t\t\t\t\t\t\t\t<div class=\"elementor-button-wrapper\">\n\t\t\t\t\t<a class=\"elementor-button elementor-button-link elementor-size-sm\" href=\"#elementor-action%3Aaction%3Dpopup%3Aopen%26settings%3DeyJpZCI6NDkyNiwidG9nZ2xlIjpmYWxzZX0%3D\">\n\t\t\t\t\t\t<span class=\"elementor-button-content-wrapper\">\n\t\t\t\t\t\t\t\t\t<span class=\"elementor-button-text\">Abrir demo<\/span>\n\t\t\t\t\t<\/span>\n\t\t\t\t\t<\/a>\n\t\t\t\t<\/div>\n\t\t\t\t\t\t\t\t<\/div>\n\t\t\t\t<\/div>\n\t\t\t\t\t<\/div>\n\t\t\t\t<\/div>\n\t\t<div class=\"elementor-element elementor-element-44c7c539 e-flex e-con-boxed e-con e-parent\" data-id=\"44c7c539\" data-element_type=\"container\" data-e-type=\"container\">\n\t\t\t\t\t<div class=\"e-con-inner\">\n\t\t\t\t<div class=\"elementor-element elementor-element-96fe8e4 elementor-widget__width-initial elementor-widget elementor-widget-text-editor\" data-id=\"96fe8e4\" data-element_type=\"widget\" data-e-type=\"widget\" data-widget_type=\"text-editor.default\">\n\t\t\t\t<div class=\"elementor-widget-container\">\n\t\t\t\t\t\t\t\t\t<p><span data-contrast=\"auto\">Los Journals de Eventos en CENTO proporcionan un entorno unificado para monitorear y analizar todos los eventos operativos, t\u00e9cnicos y a nivel de sistema en toda la organizaci\u00f3n. Funcionan como una \u00fanica fuente de verdad para el seguimiento del estado de equipos, sistemas energ\u00e9ticos, dispositivos y acciones de usuarios, garantizando que cada anomal\u00eda o cambio quede completamente documentado y sea trazable. <\/span><span data-ccp-props=\"{}\"> <\/span><\/p>\t\t\t\t\t\t\t\t<\/div>\n\t\t\t\t<\/div>\n\t\t\t\t<div class=\"elementor-element elementor-element-c0ddc00 elementor-widget__width-initial elementor-widget elementor-widget-image\" data-id=\"c0ddc00\" data-element_type=\"widget\" data-e-type=\"widget\" data-widget_type=\"image.default\">\n\t\t\t\t<div class=\"elementor-widget-container\">\n\t\t\t\t\t\t\t\t\t\t\t\t\t\t\t<img fetchpriority=\"high\" decoding=\"async\" width=\"800\" height=\"417\" src=\"https:\/\/centosoftware.com\/wp-content\/uploads\/2025\/10\/Event-journals-1024x534.jpg\" class=\"attachment-large size-large wp-image-3747\" alt=\"\" srcset=\"https:\/\/centosoftware.com\/wp-content\/uploads\/2025\/10\/Event-journals-1024x534.jpg 1024w, https:\/\/centosoftware.com\/wp-content\/uploads\/2025\/10\/Event-journals-300x157.jpg 300w, https:\/\/centosoftware.com\/wp-content\/uploads\/2025\/10\/Event-journals-768x401.jpg 768w, https:\/\/centosoftware.com\/wp-content\/uploads\/2025\/10\/Event-journals.jpg 1280w\" sizes=\"(max-width: 800px) 100vw, 800px\" \/>\t\t\t\t\t\t\t\t\t\t\t\t\t\t\t<\/div>\n\t\t\t\t<\/div>\n\t\t\t\t<div class=\"elementor-element elementor-element-301e619 elementor-widget elementor-widget-heading\" data-id=\"301e619\" data-element_type=\"widget\" data-e-type=\"widget\" data-widget_type=\"heading.default\">\n\t\t\t\t<div class=\"elementor-widget-container\">\n\t\t\t\t\t<h4 class=\"elementor-heading-title elementor-size-default\">Seguimiento de eventos y total responsabilidad del operador<\/h4>\t\t\t\t<\/div>\n\t\t\t\t<\/div>\n\t\t\t\t<div class=\"elementor-element elementor-element-d7f3843 elementor-widget__width-initial elementor-widget elementor-widget-text-editor\" data-id=\"d7f3843\" data-element_type=\"widget\" data-e-type=\"widget\" data-widget_type=\"text-editor.default\">\n\t\t\t\t<div class=\"elementor-widget-container\">\n\t\t\t\t\t\t\t\t\t<p><span data-contrast=\"auto\">Cada entrada del journal contiene informaci\u00f3n detallada sobre el evento \u2014 incluyendo marca de tiempo, descripci\u00f3n, objeto y dispositivo asociado, tipo y nivel de severidad. Los eventos se categorizan autom\u00e1ticamente y se codifican por colores seg\u00fan su criticidad, lo que permite a los operadores evaluar el estado del sistema y priorizar respuestas de manera eficiente. Los administradores pueden configurar categor\u00edas, niveles de severidad y esquemas de color de acuerdo con los est\u00e1ndares de la organizaci\u00f3n.  <\/span><span data-ccp-props=\"{}\"> <\/span><\/p><p><span data-contrast=\"auto\">Una funci\u00f3n clave de responsabilidad en CENTO garantiza que todas las interacciones de los usuarios con alarmas queden registradas. Cuando se activa una alarma, el sistema registra las credenciales de la persona que la reconoce o descarta. Si un usuario cierra una notificaci\u00f3n de alarma sin tomar acci\u00f3n, esto tambi\u00e9n queda registrado en el historial de eventos. Esto proporciona trazabilidad total en casos donde una alarma ignorada conduce a un incidente, asegurando que la responsabilidad operativa sea transparente y verificable.   <\/span><span data-ccp-props=\"{}\"> <\/span><\/p>\t\t\t\t\t\t\t\t<\/div>\n\t\t\t\t<\/div>\n\t\t\t\t<div class=\"elementor-element elementor-element-a807042 elementor-widget elementor-widget-heading\" data-id=\"a807042\" data-element_type=\"widget\" data-e-type=\"widget\" data-widget_type=\"heading.default\">\n\t\t\t\t<div class=\"elementor-widget-container\">\n\t\t\t\t\t<h4 class=\"elementor-heading-title elementor-size-default\">Journals de eventos integrales en todos los dominios del sistema<\/h4>\t\t\t\t<\/div>\n\t\t\t\t<\/div>\n\t\t\t\t<div class=\"elementor-element elementor-element-3c021c8 elementor-widget__width-initial elementor-widget elementor-widget-text-editor\" data-id=\"3c021c8\" data-element_type=\"widget\" data-e-type=\"widget\" data-widget_type=\"text-editor.default\">\n\t\t\t\t<div class=\"elementor-widget-container\">\n\t\t\t\t\t\t\t\t\t<p><span class=\"TextRun SCXW232102096 BCX0\" lang=\"EN-GB\" xml:lang=\"EN-GB\" data-contrast=\"auto\"><span class=\"NormalTextRun SCXW232102096 BCX0\">Los journals est\u00e1n divididos en categor\u00edas especializadas que cubren todos los aspectos de la actividad del sistema:<\/span><\/span><\/p><ul><li>Eventos Tecnol\u00f3gicos capturan cambios de proceso, maniobras de conmutaci\u00f3n, comandos de control y activaciones de setpoints.<\/li><li>Eventos del Sistema registran actualizaciones de configuraci\u00f3n, acciones de telecontrol y modificaciones al Modelo de Informaci\u00f3n o a los derechos de acceso de usuarios.<\/li><li>Eventos de Dispositivos registran mensajes provenientes de instrumentos de campo, incluyendo diagn\u00f3sticos y errores de comunicaci\u00f3n.<\/li><li>Eventos de Calidad de Energ\u00eda recopilan desviaciones en par\u00e1metros el\u00e9ctricos provenientes de dispositivos de monitoreo de calidad.<\/li><li>Registros de Oscilogramas almacenan capturas de forma de onda de registradores de fallas para an\u00e1lisis o exportaci\u00f3n en formato COMTRADE.<\/li><li>Registros de Video proporcionan acceso a grabaciones de vigilancia vinculadas a activos relevantes.<\/li><li>Comentarios de Usuario almacenan notas contextuales y observaciones.<\/li><li>Todos los Eventos consolidan entradas de todos los journals para una supervisi\u00f3n completa del sistema.<span class=\"EOP SCXW232102096 BCX0\" data-ccp-props=\"{}\"> <\/span><\/li><\/ul><p><span class=\"TextRun SCXW74085413 BCX0\" lang=\"EN-GB\" xml:lang=\"EN-GB\" data-contrast=\"auto\">El filtrado flexible por tiempo, objeto, dispositivo o tipo de evento permite diagn\u00f3sticos r\u00e1pidos, mientras que las opciones de exportaci\u00f3n facilitan reportes offline. En conjunto, estas capacidades convierten a los Journals de Eventos de CENTO en un pilar de la transparencia operativa, ayudando a los equipos a mantener responsabilidad, mejorar confiabilidad y fortalecer la seguridad en todos los sistemas monitoreados.<\/span><span class=\"EOP SCXW74085413 BCX0\" data-ccp-props=\"{}\"> <\/span><\/p>\t\t\t\t\t\t\t\t<\/div>\n\t\t\t\t<\/div>\n\t\t<div class=\"elementor-element elementor-element-cfd10e0 e-con-full e-flex e-con e-child\" data-id=\"cfd10e0\" data-element_type=\"container\" data-e-type=\"container\" data-settings=\"{&quot;background_background&quot;:&quot;classic&quot;}\">\n\t\t\t\t<div class=\"elementor-element elementor-element-a1007cf elementor-widget elementor-widget-heading\" data-id=\"a1007cf\" data-element_type=\"widget\" data-e-type=\"widget\" data-widget_type=\"heading.default\">\n\t\t\t\t<div class=\"elementor-widget-container\">\n\t\t\t\t\t<h3 class=\"elementor-heading-title elementor-size-default\">\u00bfTiene algo en mente que quiera comentar? <\/h3>\t\t\t\t<\/div>\n\t\t\t\t<\/div>\n\t\t\t\t<div class=\"elementor-element elementor-element-8ff7fbc elementor-widget elementor-widget-heading\" data-id=\"8ff7fbc\" data-element_type=\"widget\" data-e-type=\"widget\" data-widget_type=\"heading.default\">\n\t\t\t\t<div class=\"elementor-widget-container\">\n\t\t\t\t\t<p class=\"elementor-heading-title elementor-size-default\">Estamos aqu\u00ed para ayudarle a encontrar las respuestas.<br>Hablemos.<\/p>\t\t\t\t<\/div>\n\t\t\t\t<\/div>\n\t\t\t\t<div class=\"elementor-element elementor-element-5f7718e elementor-align-center elementor-widget__width-initial elementor-widget elementor-widget-button\" data-id=\"5f7718e\" data-element_type=\"widget\" data-e-type=\"widget\" data-widget_type=\"button.default\">\n\t\t\t\t<div class=\"elementor-widget-container\">\n\t\t\t\t\t\t\t\t\t<div class=\"elementor-button-wrapper\">\n\t\t\t\t\t<a class=\"elementor-button elementor-button-link elementor-size-sm\" href=\"#elementor-action%3Aaction%3Dpopup%3Aopen%26settings%3DeyJpZCI6NDkyOCwidG9nZ2xlIjpmYWxzZX0%3D\">\n\t\t\t\t\t\t<span class=\"elementor-button-content-wrapper\">\n\t\t\t\t\t\t\t\t\t<span class=\"elementor-button-text\">Reserve una llamada<\/span>\n\t\t\t\t\t<\/span>\n\t\t\t\t\t<\/a>\n\t\t\t\t<\/div>\n\t\t\t\t\t\t\t\t<\/div>\n\t\t\t\t<\/div>\n\t\t\t\t<\/div>\n\t\t\t\t\t<\/div>\n\t\t\t\t<\/div>\n\t\t\t\t<\/div>\n\t\t","protected":false},"excerpt":{"rendered":"<p>Registros de eventos Seguimiento de eventos y transparencia operativaen toda la empresa Launch demo Los Journals de Eventos en CENTO proporcionan un entorno unificado para monitorear y analizar todos los eventos operativos, t\u00e9cnicos y a nivel de sistema en toda la organizaci\u00f3n. Funcionan como una \u00fanica fuente de verdad para el seguimiento del estado de [&hellip;]<\/p>\n","protected":false},"author":1,"featured_media":0,"parent":3831,"menu_order":0,"comment_status":"closed","ping_status":"closed","template":"elementor_header_footer","meta":{"_acf_changed":false,"footnotes":""},"class_list":["post-4028","page","type-page","status-publish","hentry"],"acf":[],"yoast_head":"<!-- This site is optimized with the Yoast SEO plugin v27.4 - https:\/\/yoast.com\/product\/yoast-seo-wordpress\/ -->\n<title>Registros de eventos - CENTO Software<\/title>\n<meta name=\"description\" content=\"Mejore las operaciones mineras con la soluci\u00f3n IIoT de CENTO, que ofrece optimizaci\u00f3n energ\u00e9tica, monitorizaci\u00f3n en tiempo real y mantenimiento predictivo para reducir el tiempo de inactividad y los costes operativos.\" \/>\n<meta name=\"robots\" content=\"index, follow, max-snippet:-1, max-image-preview:large, max-video-preview:-1\" \/>\n<link rel=\"canonical\" href=\"https:\/\/centosoftware.com\/es\/producto\/registros-de-eventos\/\" \/>\n<meta property=\"og:locale\" content=\"es_ES\" \/>\n<meta property=\"og:type\" content=\"article\" \/>\n<meta property=\"og:title\" content=\"Registros de eventos - CENTO Software\" \/>\n<meta property=\"og:description\" content=\"Mejore las operaciones mineras con la soluci\u00f3n IIoT de CENTO, que ofrece optimizaci\u00f3n energ\u00e9tica, monitorizaci\u00f3n en tiempo real y mantenimiento predictivo para reducir el tiempo de inactividad y los costes operativos.\" \/>\n<meta property=\"og:url\" content=\"https:\/\/centosoftware.com\/es\/producto\/registros-de-eventos\/\" \/>\n<meta property=\"og:site_name\" content=\"CENTO Software\" \/>\n<meta property=\"article:modified_time\" content=\"2026-03-06T01:17:22+00:00\" \/>\n<meta property=\"og:image\" content=\"https:\/\/centosoftware.com\/wp-content\/uploads\/2025\/10\/Event-journals.jpg\" \/>\n\t<meta property=\"og:image:width\" content=\"1280\" \/>\n\t<meta property=\"og:image:height\" content=\"668\" \/>\n\t<meta property=\"og:image:type\" content=\"image\/jpeg\" \/>\n<meta name=\"twitter:card\" content=\"summary_large_image\" \/>\n<meta name=\"twitter:label1\" content=\"Tiempo de lectura\" \/>\n\t<meta name=\"twitter:data1\" content=\"3 minutos\" \/>\n<script type=\"application\/ld+json\" class=\"yoast-schema-graph\">{\"@context\":\"https:\\\/\\\/schema.org\",\"@graph\":[{\"@type\":\"WebPage\",\"@id\":\"https:\\\/\\\/centosoftware.com\\\/es\\\/producto\\\/registros-de-eventos\\\/\",\"url\":\"https:\\\/\\\/centosoftware.com\\\/es\\\/producto\\\/registros-de-eventos\\\/\",\"name\":\"Registros de eventos - CENTO Software\",\"isPartOf\":{\"@id\":\"https:\\\/\\\/centosoftware.com\\\/es\\\/#website\"},\"primaryImageOfPage\":{\"@id\":\"https:\\\/\\\/centosoftware.com\\\/es\\\/producto\\\/registros-de-eventos\\\/#primaryimage\"},\"image\":{\"@id\":\"https:\\\/\\\/centosoftware.com\\\/es\\\/producto\\\/registros-de-eventos\\\/#primaryimage\"},\"thumbnailUrl\":\"https:\\\/\\\/centosoftware.com\\\/wp-content\\\/uploads\\\/2025\\\/10\\\/Event-journals-1024x534.jpg\",\"datePublished\":\"2025-10-31T12:16:29+00:00\",\"dateModified\":\"2026-03-06T01:17:22+00:00\",\"description\":\"Mejore las operaciones mineras con la soluci\u00f3n IIoT de CENTO, que ofrece optimizaci\u00f3n energ\u00e9tica, monitorizaci\u00f3n en tiempo real y mantenimiento predictivo para reducir el tiempo de inactividad y los costes operativos.\",\"breadcrumb\":{\"@id\":\"https:\\\/\\\/centosoftware.com\\\/es\\\/producto\\\/registros-de-eventos\\\/#breadcrumb\"},\"inLanguage\":\"es\",\"potentialAction\":[{\"@type\":\"ReadAction\",\"target\":[\"https:\\\/\\\/centosoftware.com\\\/es\\\/producto\\\/registros-de-eventos\\\/\"]}]},{\"@type\":\"ImageObject\",\"inLanguage\":\"es\",\"@id\":\"https:\\\/\\\/centosoftware.com\\\/es\\\/producto\\\/registros-de-eventos\\\/#primaryimage\",\"url\":\"https:\\\/\\\/centosoftware.com\\\/wp-content\\\/uploads\\\/2025\\\/10\\\/Event-journals-1024x534.jpg\",\"contentUrl\":\"https:\\\/\\\/centosoftware.com\\\/wp-content\\\/uploads\\\/2025\\\/10\\\/Event-journals-1024x534.jpg\"},{\"@type\":\"BreadcrumbList\",\"@id\":\"https:\\\/\\\/centosoftware.com\\\/es\\\/producto\\\/registros-de-eventos\\\/#breadcrumb\",\"itemListElement\":[{\"@type\":\"ListItem\",\"position\":1,\"name\":\"Home\",\"item\":\"https:\\\/\\\/centosoftware.com\\\/es\\\/\"},{\"@type\":\"ListItem\",\"position\":2,\"name\":\"Producto\",\"item\":\"https:\\\/\\\/centosoftware.com\\\/es\\\/product\\\/\"},{\"@type\":\"ListItem\",\"position\":3,\"name\":\"Registros de eventos\"}]},{\"@type\":\"WebSite\",\"@id\":\"https:\\\/\\\/centosoftware.com\\\/es\\\/#website\",\"url\":\"https:\\\/\\\/centosoftware.com\\\/es\\\/\",\"name\":\"CENTO Software\",\"description\":\"Industrial intelligence on your side\",\"publisher\":{\"@id\":\"https:\\\/\\\/centosoftware.com\\\/es\\\/#organization\"},\"potentialAction\":[{\"@type\":\"SearchAction\",\"target\":{\"@type\":\"EntryPoint\",\"urlTemplate\":\"https:\\\/\\\/centosoftware.com\\\/es\\\/?s={search_term_string}\"},\"query-input\":{\"@type\":\"PropertyValueSpecification\",\"valueRequired\":true,\"valueName\":\"search_term_string\"}}],\"inLanguage\":\"es\"},{\"@type\":\"Organization\",\"@id\":\"https:\\\/\\\/centosoftware.com\\\/es\\\/#organization\",\"name\":\"CENTO Software\",\"url\":\"https:\\\/\\\/centosoftware.com\\\/es\\\/\",\"logo\":{\"@type\":\"ImageObject\",\"inLanguage\":\"es\",\"@id\":\"https:\\\/\\\/centosoftware.com\\\/es\\\/#\\\/schema\\\/logo\\\/image\\\/\",\"url\":\"https:\\\/\\\/centosoftware.com\\\/wp-content\\\/uploads\\\/2025\\\/04\\\/favicon-1.svg\",\"contentUrl\":\"https:\\\/\\\/centosoftware.com\\\/wp-content\\\/uploads\\\/2025\\\/04\\\/favicon-1.svg\",\"width\":257,\"height\":257,\"caption\":\"CENTO Software\"},\"image\":{\"@id\":\"https:\\\/\\\/centosoftware.com\\\/es\\\/#\\\/schema\\\/logo\\\/image\\\/\"}}]}<\/script>\n<!-- \/ Yoast SEO plugin. -->","yoast_head_json":{"title":"Registros de eventos - CENTO Software","description":"Mejore las operaciones mineras con la soluci\u00f3n IIoT de CENTO, que ofrece optimizaci\u00f3n energ\u00e9tica, monitorizaci\u00f3n en tiempo real y mantenimiento predictivo para reducir el tiempo de inactividad y los costes operativos.","robots":{"index":"index","follow":"follow","max-snippet":"max-snippet:-1","max-image-preview":"max-image-preview:large","max-video-preview":"max-video-preview:-1"},"canonical":"https:\/\/centosoftware.com\/es\/producto\/registros-de-eventos\/","og_locale":"es_ES","og_type":"article","og_title":"Registros de eventos - CENTO Software","og_description":"Mejore las operaciones mineras con la soluci\u00f3n IIoT de CENTO, que ofrece optimizaci\u00f3n energ\u00e9tica, monitorizaci\u00f3n en tiempo real y mantenimiento predictivo para reducir el tiempo de inactividad y los costes operativos.","og_url":"https:\/\/centosoftware.com\/es\/producto\/registros-de-eventos\/","og_site_name":"CENTO Software","article_modified_time":"2026-03-06T01:17:22+00:00","og_image":[{"width":1280,"height":668,"url":"https:\/\/centosoftware.com\/wp-content\/uploads\/2025\/10\/Event-journals.jpg","type":"image\/jpeg"}],"twitter_card":"summary_large_image","twitter_misc":{"Tiempo de lectura":"3 minutos"},"schema":{"@context":"https:\/\/schema.org","@graph":[{"@type":"WebPage","@id":"https:\/\/centosoftware.com\/es\/producto\/registros-de-eventos\/","url":"https:\/\/centosoftware.com\/es\/producto\/registros-de-eventos\/","name":"Registros de eventos - CENTO Software","isPartOf":{"@id":"https:\/\/centosoftware.com\/es\/#website"},"primaryImageOfPage":{"@id":"https:\/\/centosoftware.com\/es\/producto\/registros-de-eventos\/#primaryimage"},"image":{"@id":"https:\/\/centosoftware.com\/es\/producto\/registros-de-eventos\/#primaryimage"},"thumbnailUrl":"https:\/\/centosoftware.com\/wp-content\/uploads\/2025\/10\/Event-journals-1024x534.jpg","datePublished":"2025-10-31T12:16:29+00:00","dateModified":"2026-03-06T01:17:22+00:00","description":"Mejore las operaciones mineras con la soluci\u00f3n IIoT de CENTO, que ofrece optimizaci\u00f3n energ\u00e9tica, monitorizaci\u00f3n en tiempo real y mantenimiento predictivo para reducir el tiempo de inactividad y los costes operativos.","breadcrumb":{"@id":"https:\/\/centosoftware.com\/es\/producto\/registros-de-eventos\/#breadcrumb"},"inLanguage":"es","potentialAction":[{"@type":"ReadAction","target":["https:\/\/centosoftware.com\/es\/producto\/registros-de-eventos\/"]}]},{"@type":"ImageObject","inLanguage":"es","@id":"https:\/\/centosoftware.com\/es\/producto\/registros-de-eventos\/#primaryimage","url":"https:\/\/centosoftware.com\/wp-content\/uploads\/2025\/10\/Event-journals-1024x534.jpg","contentUrl":"https:\/\/centosoftware.com\/wp-content\/uploads\/2025\/10\/Event-journals-1024x534.jpg"},{"@type":"BreadcrumbList","@id":"https:\/\/centosoftware.com\/es\/producto\/registros-de-eventos\/#breadcrumb","itemListElement":[{"@type":"ListItem","position":1,"name":"Home","item":"https:\/\/centosoftware.com\/es\/"},{"@type":"ListItem","position":2,"name":"Producto","item":"https:\/\/centosoftware.com\/es\/product\/"},{"@type":"ListItem","position":3,"name":"Registros de eventos"}]},{"@type":"WebSite","@id":"https:\/\/centosoftware.com\/es\/#website","url":"https:\/\/centosoftware.com\/es\/","name":"CENTO Software","description":"Industrial intelligence on your side","publisher":{"@id":"https:\/\/centosoftware.com\/es\/#organization"},"potentialAction":[{"@type":"SearchAction","target":{"@type":"EntryPoint","urlTemplate":"https:\/\/centosoftware.com\/es\/?s={search_term_string}"},"query-input":{"@type":"PropertyValueSpecification","valueRequired":true,"valueName":"search_term_string"}}],"inLanguage":"es"},{"@type":"Organization","@id":"https:\/\/centosoftware.com\/es\/#organization","name":"CENTO Software","url":"https:\/\/centosoftware.com\/es\/","logo":{"@type":"ImageObject","inLanguage":"es","@id":"https:\/\/centosoftware.com\/es\/#\/schema\/logo\/image\/","url":"https:\/\/centosoftware.com\/wp-content\/uploads\/2025\/04\/favicon-1.svg","contentUrl":"https:\/\/centosoftware.com\/wp-content\/uploads\/2025\/04\/favicon-1.svg","width":257,"height":257,"caption":"CENTO Software"},"image":{"@id":"https:\/\/centosoftware.com\/es\/#\/schema\/logo\/image\/"}}]}},"_links":{"self":[{"href":"https:\/\/centosoftware.com\/es\/wp-json\/wp\/v2\/pages\/4028","targetHints":{"allow":["GET"]}}],"collection":[{"href":"https:\/\/centosoftware.com\/es\/wp-json\/wp\/v2\/pages"}],"about":[{"href":"https:\/\/centosoftware.com\/es\/wp-json\/wp\/v2\/types\/page"}],"author":[{"embeddable":true,"href":"https:\/\/centosoftware.com\/es\/wp-json\/wp\/v2\/users\/1"}],"replies":[{"embeddable":true,"href":"https:\/\/centosoftware.com\/es\/wp-json\/wp\/v2\/comments?post=4028"}],"version-history":[{"count":4,"href":"https:\/\/centosoftware.com\/es\/wp-json\/wp\/v2\/pages\/4028\/revisions"}],"predecessor-version":[{"id":4396,"href":"https:\/\/centosoftware.com\/es\/wp-json\/wp\/v2\/pages\/4028\/revisions\/4396"}],"up":[{"embeddable":true,"href":"https:\/\/centosoftware.com\/es\/wp-json\/wp\/v2\/pages\/3831"}],"wp:attachment":[{"href":"https:\/\/centosoftware.com\/es\/wp-json\/wp\/v2\/media?parent=4028"}],"curies":[{"name":"wp","href":"https:\/\/api.w.org\/{rel}","templated":true}]}}