{"id":4145,"date":"2025-10-24T12:56:57","date_gmt":"2025-10-24T12:56:57","guid":{"rendered":"https:\/\/centosoftware.com\/producto\/alta-confiabilidad-y-tiempo-de-actividad\/"},"modified":"2026-03-06T01:20:37","modified_gmt":"2026-03-06T01:20:37","slug":"alta-confiabilidad-y-tiempo-de-actividad","status":"publish","type":"page","link":"https:\/\/centosoftware.com\/es\/producto\/alta-confiabilidad-y-tiempo-de-actividad\/","title":{"rendered":"Alta confiabilidad y tiempo de actividad"},"content":{"rendered":"\t\t<div data-elementor-type=\"wp-page\" data-elementor-id=\"4145\" class=\"elementor elementor-4145 elementor-2409\" data-elementor-post-type=\"page\">\n\t\t\t\t<div class=\"elementor-element elementor-element-6356fe2 e-flex e-con-boxed e-con e-parent\" data-id=\"6356fe2\" data-element_type=\"container\" data-e-type=\"container\">\n\t\t\t\t\t<div class=\"e-con-inner\">\n\t\t\t\t<div class=\"elementor-element elementor-element-afe1b4a elementor-hidden-tablet elementor-hidden-mobile elementor-widget elementor-widget-breadcrumbs\" data-id=\"afe1b4a\" data-element_type=\"widget\" data-e-type=\"widget\" data-widget_type=\"breadcrumbs.default\">\n\t\t\t\t<div class=\"elementor-widget-container\">\n\t\t\t\t\t<p id=\"breadcrumbs\"><span><span><a href=\"https:\/\/centosoftware.com\/es\/\">Home<\/a><\/span><\/span><\/p>\t\t\t\t<\/div>\n\t\t\t\t<\/div>\n\t\t\t\t\t<\/div>\n\t\t\t\t<\/div>\n\t\t<div class=\"elementor-element elementor-element-38af1494 e-flex e-con-boxed e-con e-child\" data-id=\"38af1494\" data-element_type=\"container\" data-e-type=\"container\">\n\t\t\t\t\t<div class=\"e-con-inner\">\n\t\t\t\t<div class=\"elementor-element elementor-element-18e5f03a elementor-widget-mobile__width-initial elementor-widget__width-initial elementor-widget elementor-widget-heading\" data-id=\"18e5f03a\" data-element_type=\"widget\" data-e-type=\"widget\" data-widget_type=\"heading.default\">\n\t\t\t\t<div class=\"elementor-widget-container\">\n\t\t\t\t\t<h1 class=\"elementor-heading-title elementor-size-default\">Software Industrial IoT con alta<br>confiabilidad y disponibilidad operativa<\/h1>\t\t\t\t<\/div>\n\t\t\t\t<\/div>\n\t\t\t\t<div class=\"elementor-element elementor-element-760a5147 elementor-widget-mobile__width-initial elementor-widget__width-initial elementor-widget elementor-widget-heading\" data-id=\"760a5147\" data-element_type=\"widget\" data-e-type=\"widget\" data-widget_type=\"heading.default\">\n\t\t\t\t<div class=\"elementor-widget-container\">\n\t\t\t\t\t<h2 class=\"elementor-heading-title elementor-size-default\">Arquitectura robusta, monitoreo en tiempo real y recuperaci\u00f3n segura de datos garantizan un desempe\u00f1o ininterrumpido<\/h2>\t\t\t\t<\/div>\n\t\t\t\t<\/div>\n\t\t\t\t<div class=\"elementor-element elementor-element-4a495ba elementor-hidden-mobile elementor-widget elementor-widget-global elementor-global-4918 elementor-global-2257 elementor-widget-button\" data-id=\"4a495ba\" data-element_type=\"widget\" data-e-type=\"widget\" data-widget_type=\"button.default\">\n\t\t\t\t<div class=\"elementor-widget-container\">\n\t\t\t\t\t\t\t\t\t<div class=\"elementor-button-wrapper\">\n\t\t\t\t\t<a class=\"elementor-button elementor-button-link elementor-size-sm\" href=\"#elementor-action%3Aaction%3Dpopup%3Aopen%26settings%3DeyJpZCI6NDkyNiwidG9nZ2xlIjpmYWxzZX0%3D\">\n\t\t\t\t\t\t<span class=\"elementor-button-content-wrapper\">\n\t\t\t\t\t\t\t\t\t<span class=\"elementor-button-text\">Abrir demo<\/span>\n\t\t\t\t\t<\/span>\n\t\t\t\t\t<\/a>\n\t\t\t\t<\/div>\n\t\t\t\t\t\t\t\t<\/div>\n\t\t\t\t<\/div>\n\t\t\t\t\t<\/div>\n\t\t\t\t<\/div>\n\t\t<div class=\"elementor-element elementor-element-44c7c539 e-flex e-con-boxed e-con e-parent\" data-id=\"44c7c539\" data-element_type=\"container\" data-e-type=\"container\">\n\t\t\t\t\t<div class=\"e-con-inner\">\n\t\t\t\t<div class=\"elementor-element elementor-element-96fe8e4 elementor-widget__width-initial elementor-widget elementor-widget-text-editor\" data-id=\"96fe8e4\" data-element_type=\"widget\" data-e-type=\"widget\" data-widget_type=\"text-editor.default\">\n\t\t\t\t<div class=\"elementor-widget-container\">\n\t\t\t\t\t\t\t\t\t<p><span class=\"LineBreakBlob BlobObject DragDrop SCXW164684724 BCX0\"><span class=\"TextRun MacChromeBold SCXW8261000 BCX0\" lang=\"EN-US\" xml:lang=\"EN-US\" data-contrast=\"auto\">La confiabilidad es el n\u00facleo de todo sistema industrial. CENTO est\u00e1 dise\u00f1ado para mantenerse en l\u00ednea, prevenir fallas y proteger sus datos, asegurando que las operaciones contin\u00faen sin interrupciones.<\/span><span class=\"LineBreakBlob BlobObject DragDrop SCXW8261000 BCX0\"><span class=\"SCXW8261000 BCX0\"> <\/span><br class=\"SCXW8261000 BCX0\"><\/span><\/span><\/p>\t\t\t\t\t\t\t\t<\/div>\n\t\t\t\t<\/div>\n\t\t\t\t<div class=\"elementor-element elementor-element-377ff8d elementor-widget elementor-widget-heading\" data-id=\"377ff8d\" data-element_type=\"widget\" data-e-type=\"widget\" data-widget_type=\"heading.default\">\n\t\t\t\t<div class=\"elementor-widget-container\">\n\t\t\t\t\t<h4 class=\"elementor-heading-title elementor-size-default\">Dentro de la plataforma y su arquitectura <\/h4>\t\t\t\t<\/div>\n\t\t\t\t<\/div>\n\t\t\t\t<div class=\"elementor-element elementor-element-d7f3843 elementor-widget__width-initial elementor-widget elementor-widget-text-editor\" data-id=\"d7f3843\" data-element_type=\"widget\" data-e-type=\"widget\" data-widget_type=\"text-editor.default\">\n\t\t\t\t<div class=\"elementor-widget-container\">\n\t\t\t\t\t\t\t\t\t<p>CENTO utiliza una arquitectura basada en microservicios que distribuye las tareas en componentes independientes, evitando puntos \u00fanicos de falla y facilitando la escalabilidad. Las herramientas watchdog integradas supervisan continuamente el estado del sistema y reinician autom\u00e1ticamente los servicios si ocurre alg\u00fan incidente, ayudando a mantener alta disponibilidad y un desempe\u00f1o confiable incluso bajo cargas exigentes. <\/p><p>La alta disponibilidad se garantiza mediante un esquema de hot standby: el servidor principal gestiona las operaciones mientras un servidor secundario permanece listo para asumir el control de forma inmediata si el principal falla, manteniendo todo en l\u00ednea sin interrupciones. Las actualizaciones pueden realizarse sin tiempo de inactividad \u2014 cuando existe redundancia, primero se actualiza el servidor de respaldo y se promueve como principal antes de actualizar el otro servidor y revertir los roles. Incluso sin redundancia, los servicios pueden actualizarse individualmente \u201cen caliente\u201d, permitiendo que el sistema permanezca operativo durante todo el proceso.  <\/p>\t\t\t\t\t\t\t\t<\/div>\n\t\t\t\t<\/div>\n\t\t\t\t<div class=\"elementor-element elementor-element-c21cd43 elementor-widget elementor-widget-heading\" data-id=\"c21cd43\" data-element_type=\"widget\" data-e-type=\"widget\" data-widget_type=\"heading.default\">\n\t\t\t\t<div class=\"elementor-widget-container\">\n\t\t\t\t\t<h4 class=\"elementor-heading-title elementor-size-default\">Monitoreo y prevenci\u00f3n de fallas \n\n \n<\/h4>\t\t\t\t<\/div>\n\t\t\t\t<\/div>\n\t\t\t\t<div class=\"elementor-element elementor-element-7f3789c elementor-widget__width-initial elementor-widget elementor-widget-text-editor\" data-id=\"7f3789c\" data-element_type=\"widget\" data-e-type=\"widget\" data-widget_type=\"text-editor.default\">\n\t\t\t\t<div class=\"elementor-widget-container\">\n\t\t\t\t\t\t\t\t\t<p>La plataforma incluye monitoreo y alertas integradas para servicios, fuentes de datos y sistemas conectados. CENTO supervisa continuamente el desempe\u00f1o del sistema, con una velocidad de detecci\u00f3n ajustada seg\u00fan la configuraci\u00f3n. Cuando est\u00e1 correctamente configurado, identifica incidencias en tiempo real, permitiendo que los equipos act\u00faen antes de que peque\u00f1os problemas se conviertan en fallas mayores. Las salvaguardas integradas mantienen la operaci\u00f3n estable: un servicio watchdog supervisa todos los componentes y los reinicia cuando es necesario, y si un servidor o conexi\u00f3n se interrumpe, un servidor de respaldo asume autom\u00e1ticamente para mantener el sistema en l\u00ednea.    <\/p>\t\t\t\t\t\t\t\t<\/div>\n\t\t\t\t<\/div>\n\t\t\t\t<div class=\"elementor-element elementor-element-301e619 elementor-widget elementor-widget-heading\" data-id=\"301e619\" data-element_type=\"widget\" data-e-type=\"widget\" data-widget_type=\"heading.default\">\n\t\t\t\t<div class=\"elementor-widget-container\">\n\t\t\t\t\t<h4 class=\"elementor-heading-title elementor-size-default\">Experiencia Operativa <\/h4>\t\t\t\t<\/div>\n\t\t\t\t<\/div>\n\t\t\t\t<div class=\"elementor-element elementor-element-3c021c8 elementor-widget__width-initial elementor-widget elementor-widget-text-editor\" data-id=\"3c021c8\" data-element_type=\"widget\" data-e-type=\"widget\" data-widget_type=\"text-editor.default\">\n\t\t\t\t<div class=\"elementor-widget-container\">\n\t\t\t\t\t\t\t\t\t<p><span class=\"TextRun SCXW124998564 BCX0\" lang=\"EN-US\" xml:lang=\"EN-US\" data-contrast=\"auto\">En promedio, los proyectos con CENTO operan durante aproximadamente tres meses entre actualizaciones cuando no existe redundancia. Las interrupciones a gran escala son extremadamente poco frecuentes, por lo que los sistemas permanecen estables y disponibles durante largos periodos. La plataforma est\u00e1 dise\u00f1ada para continuar operando incluso cuando la red es inestable: si la base de datos o los canales de datos se desconectan, el sistema almacena la informaci\u00f3n y la escribe una vez que se restablece la conexi\u00f3n. Los clientes requieren conexi\u00f3n al   servidor para operar, pero el sistema en s\u00ed no depende del Internet p\u00fablico, manteni\u00e9ndose seguro y local. Para respaldar este nivel de confiabilidad operativa, CENTO incluye soporte en garant\u00eda que ayuda a mantener un desempe\u00f1o estable en el tiempo. Los requisitos de confiabilidad se definen seg\u00fan las especificaciones del proyecto, asegurando que el software cumpla consistentemente con los est\u00e1ndares operativos de cada implementaci\u00f3n. <\/span><span class=\"EOP SCXW124998564 BCX0\" data-ccp-props=\"{\"134233117\":true,\"134233118\":true,\"201341983\":0,\"335559740\":240}\"> <\/span><\/p>\t\t\t\t\t\t\t\t<\/div>\n\t\t\t\t<\/div>\n\t\t\t\t<div class=\"elementor-element elementor-element-833ce71 elementor-widget elementor-widget-heading\" data-id=\"833ce71\" data-element_type=\"widget\" data-e-type=\"widget\" data-widget_type=\"heading.default\">\n\t\t\t\t<div class=\"elementor-widget-container\">\n\t\t\t\t\t<h4 class=\"elementor-heading-title elementor-size-default\">Seguridad y confiabilidad de datos <\/h4>\t\t\t\t<\/div>\n\t\t\t\t<\/div>\n\t\t\t\t<div class=\"elementor-element elementor-element-4c89d47 elementor-widget__width-initial elementor-widget elementor-widget-text-editor\" data-id=\"4c89d47\" data-element_type=\"widget\" data-e-type=\"widget\" data-widget_type=\"text-editor.default\">\n\t\t\t\t<div class=\"elementor-widget-container\">\n\t\t\t\t\t\t\t\t\t<p><span class=\"TextRun SCXW209144223 BCX0\" lang=\"EN-US\" xml:lang=\"EN-US\" data-contrast=\"auto\">CENTO protege los datos almacen\u00e1ndolos en una base de datos y manteniendo respaldos peri\u00f3dicos. Esto garantiza que, incluso si ocurre una falla de hardware o una p\u00e9rdida de energ\u00eda, la informaci\u00f3n permanezca segura y pueda ser restaurada. La plataforma puede recuperarse r\u00e1pidamente tras incidentes, aunque la velocidad depender\u00e1 de lo que deba restaurarse y del tipo de evento ocurrido. Por ejemplo, una vez que se restablece la conexi\u00f3n con el sistema y la base de datos, los datos vuelven a estar disponibles de inmediato.<\/span><span class=\"EOP SCXW209144223 BCX0\" data-ccp-props=\"{\"134233117\":true,\"134233118\":true,\"201341983\":0,\"335559740\":240}\"> <\/span><\/p>\t\t\t\t\t\t\t\t<\/div>\n\t\t\t\t<\/div>\n\t\t\t\t\t<\/div>\n\t\t\t\t<\/div>\n\t\t<div class=\"elementor-element elementor-element-bb76547 e-flex e-con-boxed e-con e-parent\" data-id=\"bb76547\" data-element_type=\"container\" data-e-type=\"container\">\n\t\t\t\t\t<div class=\"e-con-inner\">\n\t\t<div class=\"elementor-element elementor-element-2fa6e21 e-con-full e-flex e-con e-child\" data-id=\"2fa6e21\" data-element_type=\"container\" data-e-type=\"container\">\n\t\t<div class=\"elementor-element elementor-element-84a59a6 e-con-full e-flex e-con e-child\" data-id=\"84a59a6\" data-element_type=\"container\" data-e-type=\"container\" data-settings=\"{&quot;background_background&quot;:&quot;classic&quot;}\">\n\t\t\t\t<div class=\"elementor-element elementor-element-2fc16d0 elementor-widget elementor-widget-heading\" data-id=\"2fc16d0\" data-element_type=\"widget\" data-e-type=\"widget\" data-widget_type=\"heading.default\">\n\t\t\t\t<div class=\"elementor-widget-container\">\n\t\t\t\t\t<h3 class=\"elementor-heading-title elementor-size-default\">\u00bfTiene algo en mente que le gustar\u00eda conversar? <\/h3>\t\t\t\t<\/div>\n\t\t\t\t<\/div>\n\t\t\t\t<div class=\"elementor-element elementor-element-79be69a elementor-widget elementor-widget-heading\" data-id=\"79be69a\" data-element_type=\"widget\" data-e-type=\"widget\" data-widget_type=\"heading.default\">\n\t\t\t\t<div class=\"elementor-widget-container\">\n\t\t\t\t\t<p class=\"elementor-heading-title elementor-size-default\">Estamos aqu\u00ed para ayudarle a encontrar las respuestas.<br>Hablemos.<\/p>\t\t\t\t<\/div>\n\t\t\t\t<\/div>\n\t\t\t\t<div class=\"elementor-element elementor-element-64cf4a6 elementor-align-center elementor-widget__width-initial elementor-widget elementor-widget-button\" data-id=\"64cf4a6\" data-element_type=\"widget\" data-e-type=\"widget\" data-widget_type=\"button.default\">\n\t\t\t\t<div class=\"elementor-widget-container\">\n\t\t\t\t\t\t\t\t\t<div class=\"elementor-button-wrapper\">\n\t\t\t\t\t<a class=\"elementor-button elementor-button-link elementor-size-sm\" href=\"#elementor-action%3Aaction%3Dpopup%3Aopen%26settings%3DeyJpZCI6NDkyOCwidG9nZ2xlIjpmYWxzZX0%3D\">\n\t\t\t\t\t\t<span class=\"elementor-button-content-wrapper\">\n\t\t\t\t\t\t\t\t\t<span class=\"elementor-button-text\">Reserve una llamada<\/span>\n\t\t\t\t\t<\/span>\n\t\t\t\t\t<\/a>\n\t\t\t\t<\/div>\n\t\t\t\t\t\t\t\t<\/div>\n\t\t\t\t<\/div>\n\t\t\t\t<\/div>\n\t\t\t\t<\/div>\n\t\t\t\t\t<\/div>\n\t\t\t\t<\/div>\n\t\t\t\t<\/div>\n\t\t","protected":false},"excerpt":{"rendered":"<p>Software Industrial IoT con altaconfiabilidad y disponibilidad operativa Arquitectura robusta, monitoreo en tiempo real y recuperaci\u00f3n segura de datos garantizan un desempe\u00f1o ininterrumpido Launch demo La confiabilidad es el n\u00facleo de todo sistema industrial. CENTO est\u00e1 dise\u00f1ado para mantenerse en l\u00ednea, prevenir fallas y proteger sus datos, asegurando que las operaciones contin\u00faen sin interrupciones. Dentro [&hellip;]<\/p>\n","protected":false},"author":1,"featured_media":0,"parent":3831,"menu_order":0,"comment_status":"closed","ping_status":"closed","template":"elementor_header_footer","meta":{"_acf_changed":false,"footnotes":""},"class_list":["post-4145","page","type-page","status-publish","hentry"],"acf":[],"yoast_head":"<!-- This site is optimized with the Yoast SEO plugin v27.4 - https:\/\/yoast.com\/product\/yoast-seo-wordpress\/ -->\n<title>Alta confiabilidad y tiempo de actividad - CENTO Software<\/title>\n<meta name=\"description\" content=\"Mejore las operaciones mineras con la soluci\u00f3n IIoT de CENTO, que ofrece optimizaci\u00f3n energ\u00e9tica, monitorizaci\u00f3n en tiempo real y mantenimiento predictivo para reducir el tiempo de inactividad y los costes operativos.\" \/>\n<meta name=\"robots\" content=\"index, follow, max-snippet:-1, max-image-preview:large, max-video-preview:-1\" \/>\n<link rel=\"canonical\" href=\"https:\/\/centosoftware.com\/es\/producto\/alta-confiabilidad-y-tiempo-de-actividad\/\" \/>\n<meta property=\"og:locale\" content=\"es_ES\" \/>\n<meta property=\"og:type\" content=\"article\" \/>\n<meta property=\"og:title\" content=\"Alta confiabilidad y tiempo de actividad - CENTO Software\" \/>\n<meta property=\"og:description\" content=\"Mejore las operaciones mineras con la soluci\u00f3n IIoT de CENTO, que ofrece optimizaci\u00f3n energ\u00e9tica, monitorizaci\u00f3n en tiempo real y mantenimiento predictivo para reducir el tiempo de inactividad y los costes operativos.\" \/>\n<meta property=\"og:url\" content=\"https:\/\/centosoftware.com\/es\/producto\/alta-confiabilidad-y-tiempo-de-actividad\/\" \/>\n<meta property=\"og:site_name\" content=\"CENTO Software\" \/>\n<meta property=\"article:modified_time\" content=\"2026-03-06T01:20:37+00:00\" \/>\n<meta name=\"twitter:card\" content=\"summary_large_image\" \/>\n<meta name=\"twitter:label1\" content=\"Tiempo de lectura\" \/>\n\t<meta name=\"twitter:data1\" content=\"3 minutos\" \/>\n<script type=\"application\/ld+json\" class=\"yoast-schema-graph\">{\"@context\":\"https:\\\/\\\/schema.org\",\"@graph\":[{\"@type\":\"WebPage\",\"@id\":\"https:\\\/\\\/centosoftware.com\\\/es\\\/producto\\\/alta-confiabilidad-y-tiempo-de-actividad\\\/\",\"url\":\"https:\\\/\\\/centosoftware.com\\\/es\\\/producto\\\/alta-confiabilidad-y-tiempo-de-actividad\\\/\",\"name\":\"Alta confiabilidad y tiempo de actividad - CENTO Software\",\"isPartOf\":{\"@id\":\"https:\\\/\\\/centosoftware.com\\\/es\\\/#website\"},\"datePublished\":\"2025-10-24T12:56:57+00:00\",\"dateModified\":\"2026-03-06T01:20:37+00:00\",\"description\":\"Mejore las operaciones mineras con la soluci\u00f3n IIoT de CENTO, que ofrece optimizaci\u00f3n energ\u00e9tica, monitorizaci\u00f3n en tiempo real y mantenimiento predictivo para reducir el tiempo de inactividad y los costes operativos.\",\"breadcrumb\":{\"@id\":\"https:\\\/\\\/centosoftware.com\\\/es\\\/producto\\\/alta-confiabilidad-y-tiempo-de-actividad\\\/#breadcrumb\"},\"inLanguage\":\"es\",\"potentialAction\":[{\"@type\":\"ReadAction\",\"target\":[\"https:\\\/\\\/centosoftware.com\\\/es\\\/producto\\\/alta-confiabilidad-y-tiempo-de-actividad\\\/\"]}]},{\"@type\":\"BreadcrumbList\",\"@id\":\"https:\\\/\\\/centosoftware.com\\\/es\\\/producto\\\/alta-confiabilidad-y-tiempo-de-actividad\\\/#breadcrumb\",\"itemListElement\":[{\"@type\":\"ListItem\",\"position\":1,\"name\":\"Home\",\"item\":\"https:\\\/\\\/centosoftware.com\\\/es\\\/\"},{\"@type\":\"ListItem\",\"position\":2,\"name\":\"Producto\",\"item\":\"https:\\\/\\\/centosoftware.com\\\/es\\\/product\\\/\"},{\"@type\":\"ListItem\",\"position\":3,\"name\":\"Alta confiabilidad y tiempo de actividad\"}]},{\"@type\":\"WebSite\",\"@id\":\"https:\\\/\\\/centosoftware.com\\\/es\\\/#website\",\"url\":\"https:\\\/\\\/centosoftware.com\\\/es\\\/\",\"name\":\"CENTO Software\",\"description\":\"Industrial intelligence on your side\",\"publisher\":{\"@id\":\"https:\\\/\\\/centosoftware.com\\\/es\\\/#organization\"},\"potentialAction\":[{\"@type\":\"SearchAction\",\"target\":{\"@type\":\"EntryPoint\",\"urlTemplate\":\"https:\\\/\\\/centosoftware.com\\\/es\\\/?s={search_term_string}\"},\"query-input\":{\"@type\":\"PropertyValueSpecification\",\"valueRequired\":true,\"valueName\":\"search_term_string\"}}],\"inLanguage\":\"es\"},{\"@type\":\"Organization\",\"@id\":\"https:\\\/\\\/centosoftware.com\\\/es\\\/#organization\",\"name\":\"CENTO Software\",\"url\":\"https:\\\/\\\/centosoftware.com\\\/es\\\/\",\"logo\":{\"@type\":\"ImageObject\",\"inLanguage\":\"es\",\"@id\":\"https:\\\/\\\/centosoftware.com\\\/es\\\/#\\\/schema\\\/logo\\\/image\\\/\",\"url\":\"https:\\\/\\\/centosoftware.com\\\/wp-content\\\/uploads\\\/2025\\\/04\\\/favicon-1.svg\",\"contentUrl\":\"https:\\\/\\\/centosoftware.com\\\/wp-content\\\/uploads\\\/2025\\\/04\\\/favicon-1.svg\",\"width\":257,\"height\":257,\"caption\":\"CENTO Software\"},\"image\":{\"@id\":\"https:\\\/\\\/centosoftware.com\\\/es\\\/#\\\/schema\\\/logo\\\/image\\\/\"}}]}<\/script>\n<!-- \/ Yoast SEO plugin. -->","yoast_head_json":{"title":"Alta confiabilidad y tiempo de actividad - CENTO Software","description":"Mejore las operaciones mineras con la soluci\u00f3n IIoT de CENTO, que ofrece optimizaci\u00f3n energ\u00e9tica, monitorizaci\u00f3n en tiempo real y mantenimiento predictivo para reducir el tiempo de inactividad y los costes operativos.","robots":{"index":"index","follow":"follow","max-snippet":"max-snippet:-1","max-image-preview":"max-image-preview:large","max-video-preview":"max-video-preview:-1"},"canonical":"https:\/\/centosoftware.com\/es\/producto\/alta-confiabilidad-y-tiempo-de-actividad\/","og_locale":"es_ES","og_type":"article","og_title":"Alta confiabilidad y tiempo de actividad - CENTO Software","og_description":"Mejore las operaciones mineras con la soluci\u00f3n IIoT de CENTO, que ofrece optimizaci\u00f3n energ\u00e9tica, monitorizaci\u00f3n en tiempo real y mantenimiento predictivo para reducir el tiempo de inactividad y los costes operativos.","og_url":"https:\/\/centosoftware.com\/es\/producto\/alta-confiabilidad-y-tiempo-de-actividad\/","og_site_name":"CENTO Software","article_modified_time":"2026-03-06T01:20:37+00:00","twitter_card":"summary_large_image","twitter_misc":{"Tiempo de lectura":"3 minutos"},"schema":{"@context":"https:\/\/schema.org","@graph":[{"@type":"WebPage","@id":"https:\/\/centosoftware.com\/es\/producto\/alta-confiabilidad-y-tiempo-de-actividad\/","url":"https:\/\/centosoftware.com\/es\/producto\/alta-confiabilidad-y-tiempo-de-actividad\/","name":"Alta confiabilidad y tiempo de actividad - CENTO Software","isPartOf":{"@id":"https:\/\/centosoftware.com\/es\/#website"},"datePublished":"2025-10-24T12:56:57+00:00","dateModified":"2026-03-06T01:20:37+00:00","description":"Mejore las operaciones mineras con la soluci\u00f3n IIoT de CENTO, que ofrece optimizaci\u00f3n energ\u00e9tica, monitorizaci\u00f3n en tiempo real y mantenimiento predictivo para reducir el tiempo de inactividad y los costes operativos.","breadcrumb":{"@id":"https:\/\/centosoftware.com\/es\/producto\/alta-confiabilidad-y-tiempo-de-actividad\/#breadcrumb"},"inLanguage":"es","potentialAction":[{"@type":"ReadAction","target":["https:\/\/centosoftware.com\/es\/producto\/alta-confiabilidad-y-tiempo-de-actividad\/"]}]},{"@type":"BreadcrumbList","@id":"https:\/\/centosoftware.com\/es\/producto\/alta-confiabilidad-y-tiempo-de-actividad\/#breadcrumb","itemListElement":[{"@type":"ListItem","position":1,"name":"Home","item":"https:\/\/centosoftware.com\/es\/"},{"@type":"ListItem","position":2,"name":"Producto","item":"https:\/\/centosoftware.com\/es\/product\/"},{"@type":"ListItem","position":3,"name":"Alta confiabilidad y tiempo de actividad"}]},{"@type":"WebSite","@id":"https:\/\/centosoftware.com\/es\/#website","url":"https:\/\/centosoftware.com\/es\/","name":"CENTO Software","description":"Industrial intelligence on your side","publisher":{"@id":"https:\/\/centosoftware.com\/es\/#organization"},"potentialAction":[{"@type":"SearchAction","target":{"@type":"EntryPoint","urlTemplate":"https:\/\/centosoftware.com\/es\/?s={search_term_string}"},"query-input":{"@type":"PropertyValueSpecification","valueRequired":true,"valueName":"search_term_string"}}],"inLanguage":"es"},{"@type":"Organization","@id":"https:\/\/centosoftware.com\/es\/#organization","name":"CENTO Software","url":"https:\/\/centosoftware.com\/es\/","logo":{"@type":"ImageObject","inLanguage":"es","@id":"https:\/\/centosoftware.com\/es\/#\/schema\/logo\/image\/","url":"https:\/\/centosoftware.com\/wp-content\/uploads\/2025\/04\/favicon-1.svg","contentUrl":"https:\/\/centosoftware.com\/wp-content\/uploads\/2025\/04\/favicon-1.svg","width":257,"height":257,"caption":"CENTO Software"},"image":{"@id":"https:\/\/centosoftware.com\/es\/#\/schema\/logo\/image\/"}}]}},"_links":{"self":[{"href":"https:\/\/centosoftware.com\/es\/wp-json\/wp\/v2\/pages\/4145","targetHints":{"allow":["GET"]}}],"collection":[{"href":"https:\/\/centosoftware.com\/es\/wp-json\/wp\/v2\/pages"}],"about":[{"href":"https:\/\/centosoftware.com\/es\/wp-json\/wp\/v2\/types\/page"}],"author":[{"embeddable":true,"href":"https:\/\/centosoftware.com\/es\/wp-json\/wp\/v2\/users\/1"}],"replies":[{"embeddable":true,"href":"https:\/\/centosoftware.com\/es\/wp-json\/wp\/v2\/comments?post=4145"}],"version-history":[{"count":3,"href":"https:\/\/centosoftware.com\/es\/wp-json\/wp\/v2\/pages\/4145\/revisions"}],"predecessor-version":[{"id":4408,"href":"https:\/\/centosoftware.com\/es\/wp-json\/wp\/v2\/pages\/4145\/revisions\/4408"}],"up":[{"embeddable":true,"href":"https:\/\/centosoftware.com\/es\/wp-json\/wp\/v2\/pages\/3831"}],"wp:attachment":[{"href":"https:\/\/centosoftware.com\/es\/wp-json\/wp\/v2\/media?parent=4145"}],"curies":[{"name":"wp","href":"https:\/\/api.w.org\/{rel}","templated":true}]}}