{"id":4177,"date":"2025-10-31T12:11:46","date_gmt":"2025-10-31T12:11:46","guid":{"rendered":"https:\/\/centosoftware.com\/producto\/modelo-de-informacion\/"},"modified":"2026-03-06T01:15:02","modified_gmt":"2026-03-06T01:15:02","slug":"modelo-de-informacion","status":"publish","type":"page","link":"https:\/\/centosoftware.com\/es\/producto\/modelo-de-informacion\/","title":{"rendered":"Modelo de informaci\u00f3n"},"content":{"rendered":"\t\t<div data-elementor-type=\"wp-page\" data-elementor-id=\"4177\" class=\"elementor elementor-4177 elementor-2791\" data-elementor-post-type=\"page\">\n\t\t\t\t<div class=\"elementor-element elementor-element-e71dee0 e-flex e-con-boxed e-con e-parent\" data-id=\"e71dee0\" data-element_type=\"container\" data-e-type=\"container\">\n\t\t\t\t\t<div class=\"e-con-inner\">\n\t\t\t\t<div class=\"elementor-element elementor-element-e3323df elementor-hidden-tablet elementor-hidden-mobile elementor-widget elementor-widget-breadcrumbs\" data-id=\"e3323df\" data-element_type=\"widget\" data-e-type=\"widget\" data-widget_type=\"breadcrumbs.default\">\n\t\t\t\t<div class=\"elementor-widget-container\">\n\t\t\t\t\t<p id=\"breadcrumbs\"><span><span><a href=\"https:\/\/centosoftware.com\/es\/\">Home<\/a><\/span><\/span><\/p>\t\t\t\t<\/div>\n\t\t\t\t<\/div>\n\t\t\t\t\t<\/div>\n\t\t\t\t<\/div>\n\t\t<div class=\"elementor-element elementor-element-38af1494 e-flex e-con-boxed e-con e-child\" data-id=\"38af1494\" data-element_type=\"container\" data-e-type=\"container\">\n\t\t\t\t\t<div class=\"e-con-inner\">\n\t\t\t\t<div class=\"elementor-element elementor-element-18e5f03a elementor-widget-mobile__width-initial elementor-widget__width-initial elementor-widget elementor-widget-heading\" data-id=\"18e5f03a\" data-element_type=\"widget\" data-e-type=\"widget\" data-widget_type=\"heading.default\">\n\t\t\t\t<div class=\"elementor-widget-container\">\n\t\t\t\t\t<h1 class=\"elementor-heading-title elementor-size-default\">Modelo de informaci\u00f3n<\/h1>\t\t\t\t<\/div>\n\t\t\t\t<\/div>\n\t\t\t\t<div class=\"elementor-element elementor-element-760a5147 elementor-widget-mobile__width-initial elementor-widget__width-initial elementor-widget elementor-widget-heading\" data-id=\"760a5147\" data-element_type=\"widget\" data-e-type=\"widget\" data-widget_type=\"heading.default\">\n\t\t\t\t<div class=\"elementor-widget-container\">\n\t\t\t\t\t<h2 class=\"elementor-heading-title elementor-size-default\">Una estructura digital unificada que conecta activos, datos y procesos en toda la organizaci\u00f3n<\/h2>\t\t\t\t<\/div>\n\t\t\t\t<\/div>\n\t\t\t\t<div class=\"elementor-element elementor-element-4a495ba elementor-hidden-mobile elementor-widget elementor-widget-global elementor-global-4918 elementor-global-2257 elementor-widget-button\" data-id=\"4a495ba\" data-element_type=\"widget\" data-e-type=\"widget\" data-widget_type=\"button.default\">\n\t\t\t\t<div class=\"elementor-widget-container\">\n\t\t\t\t\t\t\t\t\t<div class=\"elementor-button-wrapper\">\n\t\t\t\t\t<a class=\"elementor-button elementor-button-link elementor-size-sm\" href=\"#elementor-action%3Aaction%3Dpopup%3Aopen%26settings%3DeyJpZCI6NDkyNiwidG9nZ2xlIjpmYWxzZX0%3D\">\n\t\t\t\t\t\t<span class=\"elementor-button-content-wrapper\">\n\t\t\t\t\t\t\t\t\t<span class=\"elementor-button-text\">Abrir demo<\/span>\n\t\t\t\t\t<\/span>\n\t\t\t\t\t<\/a>\n\t\t\t\t<\/div>\n\t\t\t\t\t\t\t\t<\/div>\n\t\t\t\t<\/div>\n\t\t\t\t\t<\/div>\n\t\t\t\t<\/div>\n\t\t<div class=\"elementor-element elementor-element-44c7c539 e-flex e-con-boxed e-con e-parent\" data-id=\"44c7c539\" data-element_type=\"container\" data-e-type=\"container\">\n\t\t\t\t\t<div class=\"e-con-inner\">\n\t\t\t\t<div class=\"elementor-element elementor-element-96fe8e4 elementor-widget__width-initial elementor-widget elementor-widget-text-editor\" data-id=\"96fe8e4\" data-element_type=\"widget\" data-e-type=\"widget\" data-widget_type=\"text-editor.default\">\n\t\t\t\t<div class=\"elementor-widget-container\">\n\t\t\t\t\t\t\t\t\t<p><span class=\"TextRun SCXW75753840 BCX0\" lang=\"EN-GB\" xml:lang=\"EN-GB\" data-contrast=\"auto\">El Modelo de Informaci\u00f3n es un componente central de la plataforma CENTO que proporciona una estructura digital unificada para todos los activos, mediciones y fuentes de datos dentro de una organizaci\u00f3n. Funciona como la base para integrar y contextualizar datos operativos provenientes de equipos, sensores y sistemas de control en un \u00fanico marco estructurado. Esto permite una representaci\u00f3n clara y organizada de la jerarqu\u00eda energ\u00e9tica, de procesos e infraestructura de la empresa.<\/span><span class=\"EOP SCXW75753840 BCX0\" data-ccp-props=\"{}\"> <\/span><\/p>\t\t\t\t\t\t\t\t<\/div>\n\t\t\t\t<\/div>\n\t\t\t\t<div class=\"elementor-element elementor-element-c0ddc00 elementor-widget__width-initial elementor-widget elementor-widget-image\" data-id=\"c0ddc00\" data-element_type=\"widget\" data-e-type=\"widget\" data-widget_type=\"image.default\">\n\t\t\t\t<div class=\"elementor-widget-container\">\n\t\t\t\t\t\t\t\t\t\t\t\t\t\t\t<img fetchpriority=\"high\" decoding=\"async\" width=\"800\" height=\"602\" src=\"https:\/\/centosoftware.com\/wp-content\/uploads\/2025\/10\/CENTO-INFORMATIONAL-MODEL-1024x770.jpg\" class=\"attachment-large size-large wp-image-4176\" alt=\"\" srcset=\"https:\/\/centosoftware.com\/wp-content\/uploads\/2025\/10\/CENTO-INFORMATIONAL-MODEL-1024x770.jpg 1024w, https:\/\/centosoftware.com\/wp-content\/uploads\/2025\/10\/CENTO-INFORMATIONAL-MODEL-300x226.jpg 300w, https:\/\/centosoftware.com\/wp-content\/uploads\/2025\/10\/CENTO-INFORMATIONAL-MODEL-768x577.jpg 768w, https:\/\/centosoftware.com\/wp-content\/uploads\/2025\/10\/CENTO-INFORMATIONAL-MODEL.jpg 1200w\" sizes=\"(max-width: 800px) 100vw, 800px\" \/>\t\t\t\t\t\t\t\t\t\t\t\t\t\t\t<\/div>\n\t\t\t\t<\/div>\n\t\t\t\t<div class=\"elementor-element elementor-element-d7f3843 elementor-widget__width-initial elementor-widget elementor-widget-text-editor\" data-id=\"d7f3843\" data-element_type=\"widget\" data-e-type=\"widget\" data-widget_type=\"text-editor.default\">\n\t\t\t\t<div class=\"elementor-widget-container\">\n\t\t\t\t\t\t\t\t\t<p><span class=\"TextRun SCXW223006414 BCX0\" lang=\"EN-GB\" xml:lang=\"EN-GB\" data-contrast=\"auto\">El Modelo de Informaci\u00f3n resuelve un problema fundamental de fragmentaci\u00f3n de datos entre sistemas de monitoreo, protocolos y dispositivos. En muchas instalaciones, la informaci\u00f3n sobre activos y flujos energ\u00e9ticos est\u00e1 distribuida en m\u00faltiples sistemas, lo que dificulta lograr anal\u00edtica consistente o crear dashboards precisos. El modelo elimina este problema al vincular cada dato, documento y se\u00f1al con un objeto digital definido dentro de una estructura l\u00f3gica. Esto garantiza que cada medici\u00f3n, acci\u00f3n de control o par\u00e1metro de reporte est\u00e9 conectado con su equivalente en el mundo real, proporcionando total transparencia y trazabilidad.<\/span><span class=\"EOP SCXW223006414 BCX0\" data-ccp-props=\"{}\"> <\/span><\/p>\t\t\t\t\t\t\t\t<\/div>\n\t\t\t\t<\/div>\n\t\t\t\t<div class=\"elementor-element elementor-element-301e619 elementor-widget elementor-widget-heading\" data-id=\"301e619\" data-element_type=\"widget\" data-e-type=\"widget\" data-widget_type=\"heading.default\">\n\t\t\t\t<div class=\"elementor-widget-container\">\n\t\t\t\t\t<h4 class=\"elementor-heading-title elementor-size-default\">De datos crudos a una estructura digital unificada<\/h4>\t\t\t\t<\/div>\n\t\t\t\t<\/div>\n\t\t\t\t<div class=\"elementor-element elementor-element-7f3789c elementor-widget__width-initial elementor-widget elementor-widget-text-editor\" data-id=\"7f3789c\" data-element_type=\"widget\" data-e-type=\"widget\" data-widget_type=\"text-editor.default\">\n\t\t\t\t<div class=\"elementor-widget-container\">\n\t\t\t\t\t\t\t\t\t<p><span class=\"TextRun SCXW180792774 BCX0\" lang=\"EN-GB\" xml:lang=\"EN-GB\" data-contrast=\"auto\">El Modelo de Informaci\u00f3n de CENTO incorpora diversas funcionalidades clave dise\u00f1adas para simplificar la configuraci\u00f3n y mejorar la usabilidad. Permite la creaci\u00f3n flexible de clases de objetos y atributos que describen cualquier tipo de activo, desde puntos de medici\u00f3n hasta equipos de producci\u00f3n. Cada clase define su propio conjunto de par\u00e1metros, que pueden incluir valores en tiempo real, referencias a sistemas externos o metadatos como documentaci\u00f3n y responsables asignados. Los objetos se organizan en un \u00e1rbol jer\u00e1rquico que refleja la estructura f\u00edsica o funcional del sitio, facilitando una navegaci\u00f3n intuitiva y un an\u00e1lisis eficiente de datos.<\/span><span class=\"EOP SCXW180792774 BCX0\" data-ccp-props=\"{}\"> <\/span><\/p>\t\t\t\t\t\t\t\t<\/div>\n\t\t\t\t<\/div>\n\t\t\t\t<div class=\"elementor-element elementor-element-3c021c8 elementor-widget__width-initial elementor-widget elementor-widget-text-editor\" data-id=\"3c021c8\" data-element_type=\"widget\" data-e-type=\"widget\" data-widget_type=\"text-editor.default\">\n\t\t\t\t<div class=\"elementor-widget-container\">\n\t\t\t\t\t\t\t\t\t<p>El modelo tambi\u00e9n se integra de forma nativa con otros componentes de CENTO, permitiendo a los usuarios visualizar estados de equipos en dashboards y diagramas de proceso, analizar datos operativos y generar reportes basados en la misma estructura de datos subyacente. Todas las configuraciones pueden realizarse mediante un editor web o plantillas de Excel, lo que simplifica la implementaci\u00f3n y el mantenimiento a gran escala. <\/p><p>Al proporcionar una representaci\u00f3n digital consistente de todos los sistemas monitoreados, el Modelo de Informaci\u00f3n se convierte en la base para la anal\u00edtica, la automatizaci\u00f3n y la toma de decisiones en CENTO. Garantiza que los datos provenientes de distintas fuentes est\u00e9n organizados, sean comparables y accionables, transformando la telemetr\u00eda cruda en un entorno de informaci\u00f3n coherente e inteligente. <\/p>\t\t\t\t\t\t\t\t<\/div>\n\t\t\t\t<\/div>\n\t\t<div class=\"elementor-element elementor-element-cfd10e0 e-con-full e-flex e-con e-child\" data-id=\"cfd10e0\" data-element_type=\"container\" data-e-type=\"container\" data-settings=\"{&quot;background_background&quot;:&quot;classic&quot;}\">\n\t\t\t\t<div class=\"elementor-element elementor-element-a1007cf elementor-widget elementor-widget-heading\" data-id=\"a1007cf\" data-element_type=\"widget\" data-e-type=\"widget\" data-widget_type=\"heading.default\">\n\t\t\t\t<div class=\"elementor-widget-container\">\n\t\t\t\t\t<h3 class=\"elementor-heading-title elementor-size-default\">\u00bfTiene algo en mente que le gustar\u00eda conversar? <\/h3>\t\t\t\t<\/div>\n\t\t\t\t<\/div>\n\t\t\t\t<div class=\"elementor-element elementor-element-8ff7fbc elementor-widget elementor-widget-heading\" data-id=\"8ff7fbc\" data-element_type=\"widget\" data-e-type=\"widget\" data-widget_type=\"heading.default\">\n\t\t\t\t<div class=\"elementor-widget-container\">\n\t\t\t\t\t<p class=\"elementor-heading-title elementor-size-default\">Estamos aqu\u00ed para ayudarle a encontrar las respuestas.<br>Hablemos.<\/p>\t\t\t\t<\/div>\n\t\t\t\t<\/div>\n\t\t\t\t<div class=\"elementor-element elementor-element-5f7718e elementor-align-center elementor-widget__width-initial elementor-widget elementor-widget-button\" data-id=\"5f7718e\" data-element_type=\"widget\" data-e-type=\"widget\" data-widget_type=\"button.default\">\n\t\t\t\t<div class=\"elementor-widget-container\">\n\t\t\t\t\t\t\t\t\t<div class=\"elementor-button-wrapper\">\n\t\t\t\t\t<a class=\"elementor-button elementor-button-link elementor-size-sm\" href=\"#elementor-action%3Aaction%3Dpopup%3Aopen%26settings%3DeyJpZCI6NDkyOCwidG9nZ2xlIjpmYWxzZX0%3D\">\n\t\t\t\t\t\t<span class=\"elementor-button-content-wrapper\">\n\t\t\t\t\t\t\t\t\t<span class=\"elementor-button-text\">Reserve una llamada<\/span>\n\t\t\t\t\t<\/span>\n\t\t\t\t\t<\/a>\n\t\t\t\t<\/div>\n\t\t\t\t\t\t\t\t<\/div>\n\t\t\t\t<\/div>\n\t\t\t\t<\/div>\n\t\t\t\t\t<\/div>\n\t\t\t\t<\/div>\n\t\t\t\t<\/div>\n\t\t","protected":false},"excerpt":{"rendered":"<p>Modelo de informaci\u00f3n Una estructura digital unificada que conecta activos, datos y procesos en toda la organizaci\u00f3n Launch demo El Modelo de Informaci\u00f3n es un componente central de la plataforma CENTO que proporciona una estructura digital unificada para todos los activos, mediciones y fuentes de datos dentro de una organizaci\u00f3n. Funciona como la base para [&hellip;]<\/p>\n","protected":false},"author":1,"featured_media":0,"parent":3831,"menu_order":0,"comment_status":"closed","ping_status":"closed","template":"elementor_header_footer","meta":{"_acf_changed":false,"footnotes":""},"class_list":["post-4177","page","type-page","status-publish","hentry"],"acf":[],"yoast_head":"<!-- This site is optimized with the Yoast SEO plugin v27.4 - https:\/\/yoast.com\/product\/yoast-seo-wordpress\/ -->\n<title>Modelo de informaci\u00f3n - CENTO Software<\/title>\n<meta name=\"description\" content=\"Mejore las operaciones mineras con la soluci\u00f3n IIoT de CENTO, que ofrece optimizaci\u00f3n energ\u00e9tica, monitorizaci\u00f3n en tiempo real y mantenimiento predictivo para reducir el tiempo de inactividad y los costes operativos.\" \/>\n<meta name=\"robots\" content=\"index, follow, max-snippet:-1, max-image-preview:large, max-video-preview:-1\" \/>\n<link rel=\"canonical\" href=\"https:\/\/centosoftware.com\/es\/producto\/modelo-de-informacion\/\" \/>\n<meta property=\"og:locale\" content=\"es_ES\" \/>\n<meta property=\"og:type\" content=\"article\" \/>\n<meta property=\"og:title\" content=\"Modelo de informaci\u00f3n - CENTO Software\" \/>\n<meta property=\"og:description\" content=\"Mejore las operaciones mineras con la soluci\u00f3n IIoT de CENTO, que ofrece optimizaci\u00f3n energ\u00e9tica, monitorizaci\u00f3n en tiempo real y mantenimiento predictivo para reducir el tiempo de inactividad y los costes operativos.\" \/>\n<meta property=\"og:url\" content=\"https:\/\/centosoftware.com\/es\/producto\/modelo-de-informacion\/\" \/>\n<meta property=\"og:site_name\" content=\"CENTO Software\" \/>\n<meta property=\"article:modified_time\" content=\"2026-03-06T01:15:02+00:00\" \/>\n<meta property=\"og:image\" content=\"https:\/\/centosoftware.com\/wp-content\/uploads\/2025\/10\/CENTO-INFORMATIONAL-MODEL.jpg\" \/>\n\t<meta property=\"og:image:width\" content=\"1200\" \/>\n\t<meta property=\"og:image:height\" content=\"902\" \/>\n\t<meta property=\"og:image:type\" content=\"image\/jpeg\" \/>\n<meta name=\"twitter:card\" content=\"summary_large_image\" \/>\n<meta name=\"twitter:label1\" content=\"Tiempo de lectura\" \/>\n\t<meta name=\"twitter:data1\" content=\"2 minutos\" \/>\n<script type=\"application\/ld+json\" class=\"yoast-schema-graph\">{\"@context\":\"https:\\\/\\\/schema.org\",\"@graph\":[{\"@type\":\"WebPage\",\"@id\":\"https:\\\/\\\/centosoftware.com\\\/es\\\/producto\\\/modelo-de-informacion\\\/\",\"url\":\"https:\\\/\\\/centosoftware.com\\\/es\\\/producto\\\/modelo-de-informacion\\\/\",\"name\":\"Modelo de informaci\u00f3n - CENTO Software\",\"isPartOf\":{\"@id\":\"https:\\\/\\\/centosoftware.com\\\/es\\\/#website\"},\"primaryImageOfPage\":{\"@id\":\"https:\\\/\\\/centosoftware.com\\\/es\\\/producto\\\/modelo-de-informacion\\\/#primaryimage\"},\"image\":{\"@id\":\"https:\\\/\\\/centosoftware.com\\\/es\\\/producto\\\/modelo-de-informacion\\\/#primaryimage\"},\"thumbnailUrl\":\"https:\\\/\\\/centosoftware.com\\\/wp-content\\\/uploads\\\/2025\\\/10\\\/CENTO-INFORMATIONAL-MODEL-1024x770.jpg\",\"datePublished\":\"2025-10-31T12:11:46+00:00\",\"dateModified\":\"2026-03-06T01:15:02+00:00\",\"description\":\"Mejore las operaciones mineras con la soluci\u00f3n IIoT de CENTO, que ofrece optimizaci\u00f3n energ\u00e9tica, monitorizaci\u00f3n en tiempo real y mantenimiento predictivo para reducir el tiempo de inactividad y los costes operativos.\",\"breadcrumb\":{\"@id\":\"https:\\\/\\\/centosoftware.com\\\/es\\\/producto\\\/modelo-de-informacion\\\/#breadcrumb\"},\"inLanguage\":\"es\",\"potentialAction\":[{\"@type\":\"ReadAction\",\"target\":[\"https:\\\/\\\/centosoftware.com\\\/es\\\/producto\\\/modelo-de-informacion\\\/\"]}]},{\"@type\":\"ImageObject\",\"inLanguage\":\"es\",\"@id\":\"https:\\\/\\\/centosoftware.com\\\/es\\\/producto\\\/modelo-de-informacion\\\/#primaryimage\",\"url\":\"https:\\\/\\\/centosoftware.com\\\/wp-content\\\/uploads\\\/2025\\\/10\\\/CENTO-INFORMATIONAL-MODEL-1024x770.jpg\",\"contentUrl\":\"https:\\\/\\\/centosoftware.com\\\/wp-content\\\/uploads\\\/2025\\\/10\\\/CENTO-INFORMATIONAL-MODEL-1024x770.jpg\"},{\"@type\":\"BreadcrumbList\",\"@id\":\"https:\\\/\\\/centosoftware.com\\\/es\\\/producto\\\/modelo-de-informacion\\\/#breadcrumb\",\"itemListElement\":[{\"@type\":\"ListItem\",\"position\":1,\"name\":\"Home\",\"item\":\"https:\\\/\\\/centosoftware.com\\\/es\\\/\"},{\"@type\":\"ListItem\",\"position\":2,\"name\":\"Producto\",\"item\":\"https:\\\/\\\/centosoftware.com\\\/es\\\/product\\\/\"},{\"@type\":\"ListItem\",\"position\":3,\"name\":\"Modelo de informaci\u00f3n\"}]},{\"@type\":\"WebSite\",\"@id\":\"https:\\\/\\\/centosoftware.com\\\/es\\\/#website\",\"url\":\"https:\\\/\\\/centosoftware.com\\\/es\\\/\",\"name\":\"CENTO Software\",\"description\":\"Industrial intelligence on your side\",\"publisher\":{\"@id\":\"https:\\\/\\\/centosoftware.com\\\/es\\\/#organization\"},\"potentialAction\":[{\"@type\":\"SearchAction\",\"target\":{\"@type\":\"EntryPoint\",\"urlTemplate\":\"https:\\\/\\\/centosoftware.com\\\/es\\\/?s={search_term_string}\"},\"query-input\":{\"@type\":\"PropertyValueSpecification\",\"valueRequired\":true,\"valueName\":\"search_term_string\"}}],\"inLanguage\":\"es\"},{\"@type\":\"Organization\",\"@id\":\"https:\\\/\\\/centosoftware.com\\\/es\\\/#organization\",\"name\":\"CENTO Software\",\"url\":\"https:\\\/\\\/centosoftware.com\\\/es\\\/\",\"logo\":{\"@type\":\"ImageObject\",\"inLanguage\":\"es\",\"@id\":\"https:\\\/\\\/centosoftware.com\\\/es\\\/#\\\/schema\\\/logo\\\/image\\\/\",\"url\":\"https:\\\/\\\/centosoftware.com\\\/wp-content\\\/uploads\\\/2025\\\/04\\\/favicon-1.svg\",\"contentUrl\":\"https:\\\/\\\/centosoftware.com\\\/wp-content\\\/uploads\\\/2025\\\/04\\\/favicon-1.svg\",\"width\":257,\"height\":257,\"caption\":\"CENTO Software\"},\"image\":{\"@id\":\"https:\\\/\\\/centosoftware.com\\\/es\\\/#\\\/schema\\\/logo\\\/image\\\/\"}}]}<\/script>\n<!-- \/ Yoast SEO plugin. -->","yoast_head_json":{"title":"Modelo de informaci\u00f3n - CENTO Software","description":"Mejore las operaciones mineras con la soluci\u00f3n IIoT de CENTO, que ofrece optimizaci\u00f3n energ\u00e9tica, monitorizaci\u00f3n en tiempo real y mantenimiento predictivo para reducir el tiempo de inactividad y los costes operativos.","robots":{"index":"index","follow":"follow","max-snippet":"max-snippet:-1","max-image-preview":"max-image-preview:large","max-video-preview":"max-video-preview:-1"},"canonical":"https:\/\/centosoftware.com\/es\/producto\/modelo-de-informacion\/","og_locale":"es_ES","og_type":"article","og_title":"Modelo de informaci\u00f3n - CENTO Software","og_description":"Mejore las operaciones mineras con la soluci\u00f3n IIoT de CENTO, que ofrece optimizaci\u00f3n energ\u00e9tica, monitorizaci\u00f3n en tiempo real y mantenimiento predictivo para reducir el tiempo de inactividad y los costes operativos.","og_url":"https:\/\/centosoftware.com\/es\/producto\/modelo-de-informacion\/","og_site_name":"CENTO Software","article_modified_time":"2026-03-06T01:15:02+00:00","og_image":[{"width":1200,"height":902,"url":"https:\/\/centosoftware.com\/wp-content\/uploads\/2025\/10\/CENTO-INFORMATIONAL-MODEL.jpg","type":"image\/jpeg"}],"twitter_card":"summary_large_image","twitter_misc":{"Tiempo de lectura":"2 minutos"},"schema":{"@context":"https:\/\/schema.org","@graph":[{"@type":"WebPage","@id":"https:\/\/centosoftware.com\/es\/producto\/modelo-de-informacion\/","url":"https:\/\/centosoftware.com\/es\/producto\/modelo-de-informacion\/","name":"Modelo de informaci\u00f3n - CENTO Software","isPartOf":{"@id":"https:\/\/centosoftware.com\/es\/#website"},"primaryImageOfPage":{"@id":"https:\/\/centosoftware.com\/es\/producto\/modelo-de-informacion\/#primaryimage"},"image":{"@id":"https:\/\/centosoftware.com\/es\/producto\/modelo-de-informacion\/#primaryimage"},"thumbnailUrl":"https:\/\/centosoftware.com\/wp-content\/uploads\/2025\/10\/CENTO-INFORMATIONAL-MODEL-1024x770.jpg","datePublished":"2025-10-31T12:11:46+00:00","dateModified":"2026-03-06T01:15:02+00:00","description":"Mejore las operaciones mineras con la soluci\u00f3n IIoT de CENTO, que ofrece optimizaci\u00f3n energ\u00e9tica, monitorizaci\u00f3n en tiempo real y mantenimiento predictivo para reducir el tiempo de inactividad y los costes operativos.","breadcrumb":{"@id":"https:\/\/centosoftware.com\/es\/producto\/modelo-de-informacion\/#breadcrumb"},"inLanguage":"es","potentialAction":[{"@type":"ReadAction","target":["https:\/\/centosoftware.com\/es\/producto\/modelo-de-informacion\/"]}]},{"@type":"ImageObject","inLanguage":"es","@id":"https:\/\/centosoftware.com\/es\/producto\/modelo-de-informacion\/#primaryimage","url":"https:\/\/centosoftware.com\/wp-content\/uploads\/2025\/10\/CENTO-INFORMATIONAL-MODEL-1024x770.jpg","contentUrl":"https:\/\/centosoftware.com\/wp-content\/uploads\/2025\/10\/CENTO-INFORMATIONAL-MODEL-1024x770.jpg"},{"@type":"BreadcrumbList","@id":"https:\/\/centosoftware.com\/es\/producto\/modelo-de-informacion\/#breadcrumb","itemListElement":[{"@type":"ListItem","position":1,"name":"Home","item":"https:\/\/centosoftware.com\/es\/"},{"@type":"ListItem","position":2,"name":"Producto","item":"https:\/\/centosoftware.com\/es\/product\/"},{"@type":"ListItem","position":3,"name":"Modelo de informaci\u00f3n"}]},{"@type":"WebSite","@id":"https:\/\/centosoftware.com\/es\/#website","url":"https:\/\/centosoftware.com\/es\/","name":"CENTO Software","description":"Industrial intelligence on your side","publisher":{"@id":"https:\/\/centosoftware.com\/es\/#organization"},"potentialAction":[{"@type":"SearchAction","target":{"@type":"EntryPoint","urlTemplate":"https:\/\/centosoftware.com\/es\/?s={search_term_string}"},"query-input":{"@type":"PropertyValueSpecification","valueRequired":true,"valueName":"search_term_string"}}],"inLanguage":"es"},{"@type":"Organization","@id":"https:\/\/centosoftware.com\/es\/#organization","name":"CENTO Software","url":"https:\/\/centosoftware.com\/es\/","logo":{"@type":"ImageObject","inLanguage":"es","@id":"https:\/\/centosoftware.com\/es\/#\/schema\/logo\/image\/","url":"https:\/\/centosoftware.com\/wp-content\/uploads\/2025\/04\/favicon-1.svg","contentUrl":"https:\/\/centosoftware.com\/wp-content\/uploads\/2025\/04\/favicon-1.svg","width":257,"height":257,"caption":"CENTO Software"},"image":{"@id":"https:\/\/centosoftware.com\/es\/#\/schema\/logo\/image\/"}}]}},"_links":{"self":[{"href":"https:\/\/centosoftware.com\/es\/wp-json\/wp\/v2\/pages\/4177","targetHints":{"allow":["GET"]}}],"collection":[{"href":"https:\/\/centosoftware.com\/es\/wp-json\/wp\/v2\/pages"}],"about":[{"href":"https:\/\/centosoftware.com\/es\/wp-json\/wp\/v2\/types\/page"}],"author":[{"embeddable":true,"href":"https:\/\/centosoftware.com\/es\/wp-json\/wp\/v2\/users\/1"}],"replies":[{"embeddable":true,"href":"https:\/\/centosoftware.com\/es\/wp-json\/wp\/v2\/comments?post=4177"}],"version-history":[{"count":4,"href":"https:\/\/centosoftware.com\/es\/wp-json\/wp\/v2\/pages\/4177\/revisions"}],"predecessor-version":[{"id":4393,"href":"https:\/\/centosoftware.com\/es\/wp-json\/wp\/v2\/pages\/4177\/revisions\/4393"}],"up":[{"embeddable":true,"href":"https:\/\/centosoftware.com\/es\/wp-json\/wp\/v2\/pages\/3831"}],"wp:attachment":[{"href":"https:\/\/centosoftware.com\/es\/wp-json\/wp\/v2\/media?parent=4177"}],"curies":[{"name":"wp","href":"https:\/\/api.w.org\/{rel}","templated":true}]}}