{"id":4390,"date":"2025-10-31T12:41:21","date_gmt":"2025-10-31T12:41:21","guid":{"rendered":"https:\/\/centosoftware.com\/producto\/editor-visual-de-diagramas\/"},"modified":"2026-03-06T01:13:45","modified_gmt":"2026-03-06T01:13:45","slug":"editor-visual-de-diagramas","status":"publish","type":"page","link":"https:\/\/centosoftware.com\/es\/producto\/editor-visual-de-diagramas\/","title":{"rendered":"Editor visual de diagramas"},"content":{"rendered":"\t\t<div data-elementor-type=\"wp-page\" data-elementor-id=\"4390\" class=\"elementor elementor-4390 elementor-2809\" data-elementor-post-type=\"page\">\n\t\t\t\t<div class=\"elementor-element elementor-element-e71dee0 e-flex e-con-boxed e-con e-parent\" data-id=\"e71dee0\" data-element_type=\"container\" data-e-type=\"container\">\n\t\t\t\t\t<div class=\"e-con-inner\">\n\t\t\t\t<div class=\"elementor-element elementor-element-e3323df elementor-hidden-tablet elementor-hidden-mobile elementor-widget elementor-widget-breadcrumbs\" data-id=\"e3323df\" data-element_type=\"widget\" data-e-type=\"widget\" data-widget_type=\"breadcrumbs.default\">\n\t\t\t\t<div class=\"elementor-widget-container\">\n\t\t\t\t\t<p id=\"breadcrumbs\"><span><span><a href=\"https:\/\/centosoftware.com\/es\/\">Home<\/a><\/span><\/span><\/p>\t\t\t\t<\/div>\n\t\t\t\t<\/div>\n\t\t\t\t\t<\/div>\n\t\t\t\t<\/div>\n\t\t<div class=\"elementor-element elementor-element-38af1494 e-flex e-con-boxed e-con e-child\" data-id=\"38af1494\" data-element_type=\"container\" data-e-type=\"container\">\n\t\t\t\t\t<div class=\"e-con-inner\">\n\t\t\t\t<div class=\"elementor-element elementor-element-18e5f03a elementor-widget-mobile__width-initial elementor-widget__width-initial elementor-widget elementor-widget-heading\" data-id=\"18e5f03a\" data-element_type=\"widget\" data-e-type=\"widget\" data-widget_type=\"heading.default\">\n\t\t\t\t<div class=\"elementor-widget-container\">\n\t\t\t\t\t<h1 class=\"elementor-heading-title elementor-size-default\">Editor visual de diagramas<\/h1>\t\t\t\t<\/div>\n\t\t\t\t<\/div>\n\t\t\t\t<div class=\"elementor-element elementor-element-760a5147 elementor-widget-mobile__width-initial elementor-widget__width-initial elementor-widget elementor-widget-heading\" data-id=\"760a5147\" data-element_type=\"widget\" data-e-type=\"widget\" data-widget_type=\"heading.default\">\n\t\t\t\t<div class=\"elementor-widget-container\">\n\t\t\t\t\t<h2 class=\"elementor-heading-title elementor-size-default\">Una herramienta web para crear, visualizar y gestionar diagramas de procesos industriales sobre la marcha<\/h2>\t\t\t\t<\/div>\n\t\t\t\t<\/div>\n\t\t\t\t<div class=\"elementor-element elementor-element-4a495ba elementor-hidden-mobile elementor-widget elementor-widget-global elementor-global-4918 elementor-global-2257 elementor-widget-button\" data-id=\"4a495ba\" data-element_type=\"widget\" data-e-type=\"widget\" data-widget_type=\"button.default\">\n\t\t\t\t<div class=\"elementor-widget-container\">\n\t\t\t\t\t\t\t\t\t<div class=\"elementor-button-wrapper\">\n\t\t\t\t\t<a class=\"elementor-button elementor-button-link elementor-size-sm\" href=\"#elementor-action%3Aaction%3Dpopup%3Aopen%26settings%3DeyJpZCI6NDkyNiwidG9nZ2xlIjpmYWxzZX0%3D\">\n\t\t\t\t\t\t<span class=\"elementor-button-content-wrapper\">\n\t\t\t\t\t\t\t\t\t<span class=\"elementor-button-text\">Abrir demo<\/span>\n\t\t\t\t\t<\/span>\n\t\t\t\t\t<\/a>\n\t\t\t\t<\/div>\n\t\t\t\t\t\t\t\t<\/div>\n\t\t\t\t<\/div>\n\t\t\t\t\t<\/div>\n\t\t\t\t<\/div>\n\t\t<div class=\"elementor-element elementor-element-44c7c539 e-flex e-con-boxed e-con e-parent\" data-id=\"44c7c539\" data-element_type=\"container\" data-e-type=\"container\">\n\t\t\t\t\t<div class=\"e-con-inner\">\n\t\t\t\t<div class=\"elementor-element elementor-element-96fe8e4 elementor-widget__width-initial elementor-widget elementor-widget-text-editor\" data-id=\"96fe8e4\" data-element_type=\"widget\" data-e-type=\"widget\" data-widget_type=\"text-editor.default\">\n\t\t\t\t<div class=\"elementor-widget-container\">\n\t\t\t\t\t\t\t\t\t<p data-start=\"22\" data-end=\"351\">El Editor de Diagramas de CENTO es un entorno visual flexible para dise\u00f1ar, editar y gestionar cualquier tipo de diagrama industrial o anal\u00edtico. Dise\u00f1ado para ingenieros, analistas y desarrolladores, convierte sistemas complejos en modelos visuales claros e interactivos, todo directamente en el navegador. No requiere instalaci\u00f3n ni herramientas externas.  <\/p><p data-start=\"353\" data-end=\"712\">Con una <strong data-start=\"368\" data-end=\"393\">edici\u00f3n intuitiva de arrastrar y soltar<\/strong>, los usuarios pueden crear mapas de procesos, l\u00f3gica de control y diagramas de infraestructura en cuesti\u00f3n de minutos. El espacio de trabajo admite ajuste autom\u00e1tico, gu\u00edas de alineaci\u00f3n y un zoom fluido, lo que ayuda a mantener incluso los dise\u00f1os m\u00e1s complejos limpios y precisos. Cada elemento puede agruparse, bloquearse o colocarse en capas para un control total de la estructura y la visibilidad.  <\/p>\t\t\t\t\t\t\t\t<\/div>\n\t\t\t\t<\/div>\n\t\t\t\t<div class=\"elementor-element elementor-element-c0ddc00 elementor-widget__width-initial elementor-widget elementor-widget-image\" data-id=\"c0ddc00\" data-element_type=\"widget\" data-e-type=\"widget\" data-widget_type=\"image.default\">\n\t\t\t\t<div class=\"elementor-widget-container\">\n\t\t\t\t\t\t\t\t\t\t\t\t\t\t\t<img fetchpriority=\"high\" decoding=\"async\" width=\"1280\" height=\"602\" src=\"https:\/\/centosoftware.com\/wp-content\/uploads\/2025\/10\/visual-editor.jpg\" class=\"attachment-full size-full wp-image-3748\" alt=\"\" srcset=\"https:\/\/centosoftware.com\/wp-content\/uploads\/2025\/10\/visual-editor.jpg 1280w, https:\/\/centosoftware.com\/wp-content\/uploads\/2025\/10\/visual-editor-300x141.jpg 300w, https:\/\/centosoftware.com\/wp-content\/uploads\/2025\/10\/visual-editor-1024x482.jpg 1024w, https:\/\/centosoftware.com\/wp-content\/uploads\/2025\/10\/visual-editor-768x361.jpg 768w\" sizes=\"(max-width: 1280px) 100vw, 1280px\" \/>\t\t\t\t\t\t\t\t\t\t\t\t\t\t\t<\/div>\n\t\t\t\t<\/div>\n\t\t\t\t<div class=\"elementor-element elementor-element-d7f3843 elementor-widget__width-initial elementor-widget elementor-widget-text-editor\" data-id=\"d7f3843\" data-element_type=\"widget\" data-e-type=\"widget\" data-widget_type=\"text-editor.default\">\n\t\t\t\t<div class=\"elementor-widget-container\">\n\t\t\t\t\t\t\t\t\t<article class=\"text-token-text-primary w-full focus:outline-none [--shadow-height:45px] has-data-writing-block:pointer-events-none has-data-writing-block:-mt-(--shadow-height) has-data-writing-block:pt-(--shadow-height) [&amp;:has([data-writing-block])&gt;*]:pointer-events-auto [content-visibility:auto] supports-[content-visibility:auto]:[contain-intrinsic-size:auto_100lvh] scroll-mt-[calc(var(--header-height)+min(200px,max(70px,20svh)))]\" dir=\"auto\" tabindex=\"-1\" data-turn-id=\"request-WEB:2c959d4c-4288-4000-87f6-b8681ab83178-49\" data-testid=\"conversation-turn-18\" data-scroll-anchor=\"true\" data-turn=\"assistant\"><div class=\"text-base my-auto mx-auto pb-10 [--thread-content-margin:--spacing(4)] thread-sm:[--thread-content-margin:--spacing(6)] thread-lg:[--thread-content-margin:--spacing(16)] px-(--thread-content-margin)\"><div class=\"[--thread-content-max-width:40rem] thread-lg:[--thread-content-max-width:48rem] mx-auto max-w-(--thread-content-max-width) flex-1 group\/turn-messages focus-visible:outline-hidden relative flex w-full min-w-0 flex-col agent-turn\" tabindex=\"-1\"><div class=\"flex max-w-full flex-col grow\"><div class=\"min-h-8 text-message relative flex w-full flex-col items-end gap-2 text-start break-words whitespace-normal [.text-message+&amp;]:mt-1\" dir=\"auto\" data-message-author-role=\"assistant\" data-message-id=\"5ea08b27-64d7-4a58-97ac-0002aaf114c3\" data-message-model-slug=\"gpt-5\"><div class=\"flex w-full flex-col gap-1 empty:hidden first:pt-[1px]\"><div class=\"markdown prose dark:prose-invert w-full break-words dark markdown-new-styling\"><p data-start=\"714\" data-end=\"1124\">El editor ofrece una <strong data-start=\"732\" data-end=\"759\">personalizaci\u00f3n ilimitada<\/strong>. Los usuarios pueden importar o crear sus propias <strong data-start=\"797\" data-end=\"817\">bibliotecas de objetos<\/strong>, definir formas y s\u00edmbolos personalizados, y asignar etiquetas o par\u00e1metros que se conectan directamente con equipos reales o puntos de datos. Esta libertad permite crear diagramas que reflejan perfectamente la l\u00f3gica y la estructura de cualquier empresa, ya sea una \u00fanica l\u00ednea de producci\u00f3n o una operaci\u00f3n completa con m\u00faltiples ubicaciones.  <\/p><p data-start=\"1126\" data-end=\"1475\">El panel Propiedades ofrece opciones de estilo detalladas para cuadr\u00edculas, fondos, colores, fuentes y comportamientos de conexi\u00f3n, de modo que cada diagrama tenga un aspecto profesional y se integre perfectamente en los est\u00e1ndares de dise\u00f1o de la empresa. Los paneles Categor\u00edas y Barra de herramientas mantienen las herramientas y los componentes esenciales al alcance de la mano, haciendo que el flujo de trabajo sea r\u00e1pido y eficiente. <\/p><p data-start=\"1477\" data-end=\"1880\" data-is-last-node=\"\" data-is-only-node=\"\">En esencia, el Editor de Diagramas no es solo una herramienta de dibujo; es un <strong data-start=\"1544\" data-end=\"1576\">espacio de trabajo de ingenier\u00eda visual<\/strong>. Aporta claridad a sistemas complejos, permite la interacci\u00f3n en tiempo real con datos en vivo y se adapta a cualquier proceso o sector. Tanto si est\u00e1 mapeando una red energ\u00e9tica, visualizando un sistema de control o creando un panel anal\u00edtico, CENTO le ofrece la libertad de dise\u00f1ar exactamente lo que necesita, a su manera.  <\/p><\/div><\/div><\/div><\/div><\/div><\/div><\/article>\t\t\t\t\t\t\t\t<\/div>\n\t\t\t\t<\/div>\n\t\t\t\t\t<\/div>\n\t\t\t\t<\/div>\n\t\t\t\t<\/div>\n\t\t","protected":false},"excerpt":{"rendered":"<p>Editor visual de diagramas Una herramienta web para crear, visualizar y gestionar diagramas de procesos industriales sobre la marcha Launch demo El Editor de Diagramas de CENTO es un entorno visual flexible para dise\u00f1ar, editar y gestionar cualquier tipo de diagrama industrial o anal\u00edtico. Dise\u00f1ado para ingenieros, analistas y desarrolladores, convierte sistemas complejos en modelos [&hellip;]<\/p>\n","protected":false},"author":1,"featured_media":0,"parent":3831,"menu_order":0,"comment_status":"closed","ping_status":"closed","template":"elementor_header_footer","meta":{"_acf_changed":false,"footnotes":""},"class_list":["post-4390","page","type-page","status-publish","hentry"],"acf":[],"yoast_head":"<!-- This site is optimized with the Yoast SEO plugin v27.4 - https:\/\/yoast.com\/product\/yoast-seo-wordpress\/ -->\n<title>Editor visual de diagramas - CENTO Software<\/title>\n<meta name=\"description\" content=\"Mejore las operaciones mineras con la soluci\u00f3n IIoT de CENTO, que ofrece optimizaci\u00f3n energ\u00e9tica, monitorizaci\u00f3n en tiempo real y mantenimiento predictivo para reducir el tiempo de inactividad y los costes operativos.\" \/>\n<meta name=\"robots\" content=\"index, follow, max-snippet:-1, max-image-preview:large, max-video-preview:-1\" \/>\n<link rel=\"canonical\" href=\"https:\/\/centosoftware.com\/es\/producto\/editor-visual-de-diagramas\/\" \/>\n<meta property=\"og:locale\" content=\"es_ES\" \/>\n<meta property=\"og:type\" content=\"article\" \/>\n<meta property=\"og:title\" content=\"Editor visual de diagramas - CENTO Software\" \/>\n<meta property=\"og:description\" content=\"Mejore las operaciones mineras con la soluci\u00f3n IIoT de CENTO, que ofrece optimizaci\u00f3n energ\u00e9tica, monitorizaci\u00f3n en tiempo real y mantenimiento predictivo para reducir el tiempo de inactividad y los costes operativos.\" \/>\n<meta property=\"og:url\" content=\"https:\/\/centosoftware.com\/es\/producto\/editor-visual-de-diagramas\/\" \/>\n<meta property=\"og:site_name\" content=\"CENTO Software\" \/>\n<meta property=\"article:modified_time\" content=\"2026-03-06T01:13:45+00:00\" \/>\n<meta property=\"og:image\" content=\"https:\/\/centosoftware.com\/wp-content\/uploads\/2025\/10\/visual-editor.jpg\" \/>\n\t<meta property=\"og:image:width\" content=\"1280\" \/>\n\t<meta property=\"og:image:height\" content=\"602\" \/>\n\t<meta property=\"og:image:type\" content=\"image\/jpeg\" \/>\n<meta name=\"twitter:card\" content=\"summary_large_image\" \/>\n<meta name=\"twitter:label1\" content=\"Tiempo de lectura\" \/>\n\t<meta name=\"twitter:data1\" content=\"2 minutos\" \/>\n<script type=\"application\/ld+json\" class=\"yoast-schema-graph\">{\"@context\":\"https:\\\/\\\/schema.org\",\"@graph\":[{\"@type\":\"WebPage\",\"@id\":\"https:\\\/\\\/centosoftware.com\\\/es\\\/producto\\\/editor-visual-de-diagramas\\\/\",\"url\":\"https:\\\/\\\/centosoftware.com\\\/es\\\/producto\\\/editor-visual-de-diagramas\\\/\",\"name\":\"Editor visual de diagramas - CENTO Software\",\"isPartOf\":{\"@id\":\"https:\\\/\\\/centosoftware.com\\\/es\\\/#website\"},\"primaryImageOfPage\":{\"@id\":\"https:\\\/\\\/centosoftware.com\\\/es\\\/producto\\\/editor-visual-de-diagramas\\\/#primaryimage\"},\"image\":{\"@id\":\"https:\\\/\\\/centosoftware.com\\\/es\\\/producto\\\/editor-visual-de-diagramas\\\/#primaryimage\"},\"thumbnailUrl\":\"https:\\\/\\\/centosoftware.com\\\/wp-content\\\/uploads\\\/2025\\\/10\\\/visual-editor.jpg\",\"datePublished\":\"2025-10-31T12:41:21+00:00\",\"dateModified\":\"2026-03-06T01:13:45+00:00\",\"description\":\"Mejore las operaciones mineras con la soluci\u00f3n IIoT de CENTO, que ofrece optimizaci\u00f3n energ\u00e9tica, monitorizaci\u00f3n en tiempo real y mantenimiento predictivo para reducir el tiempo de inactividad y los costes operativos.\",\"breadcrumb\":{\"@id\":\"https:\\\/\\\/centosoftware.com\\\/es\\\/producto\\\/editor-visual-de-diagramas\\\/#breadcrumb\"},\"inLanguage\":\"es\",\"potentialAction\":[{\"@type\":\"ReadAction\",\"target\":[\"https:\\\/\\\/centosoftware.com\\\/es\\\/producto\\\/editor-visual-de-diagramas\\\/\"]}]},{\"@type\":\"ImageObject\",\"inLanguage\":\"es\",\"@id\":\"https:\\\/\\\/centosoftware.com\\\/es\\\/producto\\\/editor-visual-de-diagramas\\\/#primaryimage\",\"url\":\"https:\\\/\\\/centosoftware.com\\\/wp-content\\\/uploads\\\/2025\\\/10\\\/visual-editor.jpg\",\"contentUrl\":\"https:\\\/\\\/centosoftware.com\\\/wp-content\\\/uploads\\\/2025\\\/10\\\/visual-editor.jpg\"},{\"@type\":\"BreadcrumbList\",\"@id\":\"https:\\\/\\\/centosoftware.com\\\/es\\\/producto\\\/editor-visual-de-diagramas\\\/#breadcrumb\",\"itemListElement\":[{\"@type\":\"ListItem\",\"position\":1,\"name\":\"Home\",\"item\":\"https:\\\/\\\/centosoftware.com\\\/es\\\/\"},{\"@type\":\"ListItem\",\"position\":2,\"name\":\"Producto\",\"item\":\"https:\\\/\\\/centosoftware.com\\\/es\\\/product\\\/\"},{\"@type\":\"ListItem\",\"position\":3,\"name\":\"Editor visual de diagramas\"}]},{\"@type\":\"WebSite\",\"@id\":\"https:\\\/\\\/centosoftware.com\\\/es\\\/#website\",\"url\":\"https:\\\/\\\/centosoftware.com\\\/es\\\/\",\"name\":\"CENTO Software\",\"description\":\"Industrial intelligence on your side\",\"publisher\":{\"@id\":\"https:\\\/\\\/centosoftware.com\\\/es\\\/#organization\"},\"potentialAction\":[{\"@type\":\"SearchAction\",\"target\":{\"@type\":\"EntryPoint\",\"urlTemplate\":\"https:\\\/\\\/centosoftware.com\\\/es\\\/?s={search_term_string}\"},\"query-input\":{\"@type\":\"PropertyValueSpecification\",\"valueRequired\":true,\"valueName\":\"search_term_string\"}}],\"inLanguage\":\"es\"},{\"@type\":\"Organization\",\"@id\":\"https:\\\/\\\/centosoftware.com\\\/es\\\/#organization\",\"name\":\"CENTO Software\",\"url\":\"https:\\\/\\\/centosoftware.com\\\/es\\\/\",\"logo\":{\"@type\":\"ImageObject\",\"inLanguage\":\"es\",\"@id\":\"https:\\\/\\\/centosoftware.com\\\/es\\\/#\\\/schema\\\/logo\\\/image\\\/\",\"url\":\"https:\\\/\\\/centosoftware.com\\\/wp-content\\\/uploads\\\/2025\\\/04\\\/favicon-1.svg\",\"contentUrl\":\"https:\\\/\\\/centosoftware.com\\\/wp-content\\\/uploads\\\/2025\\\/04\\\/favicon-1.svg\",\"width\":257,\"height\":257,\"caption\":\"CENTO Software\"},\"image\":{\"@id\":\"https:\\\/\\\/centosoftware.com\\\/es\\\/#\\\/schema\\\/logo\\\/image\\\/\"}}]}<\/script>\n<!-- \/ Yoast SEO plugin. -->","yoast_head_json":{"title":"Editor visual de diagramas - CENTO Software","description":"Mejore las operaciones mineras con la soluci\u00f3n IIoT de CENTO, que ofrece optimizaci\u00f3n energ\u00e9tica, monitorizaci\u00f3n en tiempo real y mantenimiento predictivo para reducir el tiempo de inactividad y los costes operativos.","robots":{"index":"index","follow":"follow","max-snippet":"max-snippet:-1","max-image-preview":"max-image-preview:large","max-video-preview":"max-video-preview:-1"},"canonical":"https:\/\/centosoftware.com\/es\/producto\/editor-visual-de-diagramas\/","og_locale":"es_ES","og_type":"article","og_title":"Editor visual de diagramas - CENTO Software","og_description":"Mejore las operaciones mineras con la soluci\u00f3n IIoT de CENTO, que ofrece optimizaci\u00f3n energ\u00e9tica, monitorizaci\u00f3n en tiempo real y mantenimiento predictivo para reducir el tiempo de inactividad y los costes operativos.","og_url":"https:\/\/centosoftware.com\/es\/producto\/editor-visual-de-diagramas\/","og_site_name":"CENTO Software","article_modified_time":"2026-03-06T01:13:45+00:00","og_image":[{"width":1280,"height":602,"url":"https:\/\/centosoftware.com\/wp-content\/uploads\/2025\/10\/visual-editor.jpg","type":"image\/jpeg"}],"twitter_card":"summary_large_image","twitter_misc":{"Tiempo de lectura":"2 minutos"},"schema":{"@context":"https:\/\/schema.org","@graph":[{"@type":"WebPage","@id":"https:\/\/centosoftware.com\/es\/producto\/editor-visual-de-diagramas\/","url":"https:\/\/centosoftware.com\/es\/producto\/editor-visual-de-diagramas\/","name":"Editor visual de diagramas - CENTO Software","isPartOf":{"@id":"https:\/\/centosoftware.com\/es\/#website"},"primaryImageOfPage":{"@id":"https:\/\/centosoftware.com\/es\/producto\/editor-visual-de-diagramas\/#primaryimage"},"image":{"@id":"https:\/\/centosoftware.com\/es\/producto\/editor-visual-de-diagramas\/#primaryimage"},"thumbnailUrl":"https:\/\/centosoftware.com\/wp-content\/uploads\/2025\/10\/visual-editor.jpg","datePublished":"2025-10-31T12:41:21+00:00","dateModified":"2026-03-06T01:13:45+00:00","description":"Mejore las operaciones mineras con la soluci\u00f3n IIoT de CENTO, que ofrece optimizaci\u00f3n energ\u00e9tica, monitorizaci\u00f3n en tiempo real y mantenimiento predictivo para reducir el tiempo de inactividad y los costes operativos.","breadcrumb":{"@id":"https:\/\/centosoftware.com\/es\/producto\/editor-visual-de-diagramas\/#breadcrumb"},"inLanguage":"es","potentialAction":[{"@type":"ReadAction","target":["https:\/\/centosoftware.com\/es\/producto\/editor-visual-de-diagramas\/"]}]},{"@type":"ImageObject","inLanguage":"es","@id":"https:\/\/centosoftware.com\/es\/producto\/editor-visual-de-diagramas\/#primaryimage","url":"https:\/\/centosoftware.com\/wp-content\/uploads\/2025\/10\/visual-editor.jpg","contentUrl":"https:\/\/centosoftware.com\/wp-content\/uploads\/2025\/10\/visual-editor.jpg"},{"@type":"BreadcrumbList","@id":"https:\/\/centosoftware.com\/es\/producto\/editor-visual-de-diagramas\/#breadcrumb","itemListElement":[{"@type":"ListItem","position":1,"name":"Home","item":"https:\/\/centosoftware.com\/es\/"},{"@type":"ListItem","position":2,"name":"Producto","item":"https:\/\/centosoftware.com\/es\/product\/"},{"@type":"ListItem","position":3,"name":"Editor visual de diagramas"}]},{"@type":"WebSite","@id":"https:\/\/centosoftware.com\/es\/#website","url":"https:\/\/centosoftware.com\/es\/","name":"CENTO Software","description":"Industrial intelligence on your side","publisher":{"@id":"https:\/\/centosoftware.com\/es\/#organization"},"potentialAction":[{"@type":"SearchAction","target":{"@type":"EntryPoint","urlTemplate":"https:\/\/centosoftware.com\/es\/?s={search_term_string}"},"query-input":{"@type":"PropertyValueSpecification","valueRequired":true,"valueName":"search_term_string"}}],"inLanguage":"es"},{"@type":"Organization","@id":"https:\/\/centosoftware.com\/es\/#organization","name":"CENTO Software","url":"https:\/\/centosoftware.com\/es\/","logo":{"@type":"ImageObject","inLanguage":"es","@id":"https:\/\/centosoftware.com\/es\/#\/schema\/logo\/image\/","url":"https:\/\/centosoftware.com\/wp-content\/uploads\/2025\/04\/favicon-1.svg","contentUrl":"https:\/\/centosoftware.com\/wp-content\/uploads\/2025\/04\/favicon-1.svg","width":257,"height":257,"caption":"CENTO Software"},"image":{"@id":"https:\/\/centosoftware.com\/es\/#\/schema\/logo\/image\/"}}]}},"_links":{"self":[{"href":"https:\/\/centosoftware.com\/es\/wp-json\/wp\/v2\/pages\/4390","targetHints":{"allow":["GET"]}}],"collection":[{"href":"https:\/\/centosoftware.com\/es\/wp-json\/wp\/v2\/pages"}],"about":[{"href":"https:\/\/centosoftware.com\/es\/wp-json\/wp\/v2\/types\/page"}],"author":[{"embeddable":true,"href":"https:\/\/centosoftware.com\/es\/wp-json\/wp\/v2\/users\/1"}],"replies":[{"embeddable":true,"href":"https:\/\/centosoftware.com\/es\/wp-json\/wp\/v2\/comments?post=4390"}],"version-history":[{"count":1,"href":"https:\/\/centosoftware.com\/es\/wp-json\/wp\/v2\/pages\/4390\/revisions"}],"predecessor-version":[{"id":4391,"href":"https:\/\/centosoftware.com\/es\/wp-json\/wp\/v2\/pages\/4390\/revisions\/4391"}],"up":[{"embeddable":true,"href":"https:\/\/centosoftware.com\/es\/wp-json\/wp\/v2\/pages\/3831"}],"wp:attachment":[{"href":"https:\/\/centosoftware.com\/es\/wp-json\/wp\/v2\/media?parent=4390"}],"curies":[{"name":"wp","href":"https:\/\/api.w.org\/{rel}","templated":true}]}}